{"id":8774,"date":"2021-06-02T14:26:38","date_gmt":"2021-06-02T12:26:38","guid":{"rendered":"https:\/\/badnord.com\/?page_id=8774"},"modified":"2021-06-02T14:32:28","modified_gmt":"2021-06-02T12:32:28","slug":"les-webinaires","status":"publish","type":"page","link":"https:\/\/badnord.com\/?page_id=8774","title":{"rendered":"Les Webinaires de la FFBaD"},"content":{"rendered":"\n<figure class=\"wp-block-image size-full\"><img fetchpriority=\"high\" decoding=\"async\" width=\"318\" height=\"159\" src=\"https:\/\/badnord.com\/wp-content\/uploads\/2021\/06\/web.png\" alt=\"\" class=\"wp-image-8777\" srcset=\"https:\/\/badnord.com\/wp-content\/uploads\/2021\/06\/web.png 318w, https:\/\/badnord.com\/wp-content\/uploads\/2021\/06\/web-150x75.png 150w\" sizes=\"(max-width: 318px) 100vw, 318px\" \/><\/figure>\n\n\n\n<p>Retrouvez ci-dessous l&rsquo;ensemble des webinaires \u00e0 votre disposition sur internet<br>Bonne vid\u00e9o !!!<\/p>\n\n\n\n<ul class=\"wp-block-list\"><li><a rel=\"noreferrer noopener\" href=\"https:\/\/www.youtube.com\/watch?v=C3At9_UlIZQ\" target=\"_blank\">La r\u00e9glementation des tenues en comp\u00e9tition<\/a> (publi\u00e9e le 01-06-2021)<\/li><li><a rel=\"noreferrer noopener\" href=\"https:\/\/www.youtube.com\/watch?v=pHEvEvBWWmU\" target=\"_blank\">Adh\u00e9sion en ligne 2021\/2022<\/a> (publi\u00e9e le 26-05-2021)<\/li><li><a rel=\"noreferrer noopener\" href=\"https:\/\/www.youtube.com\/watch?v=VkezgEUubYs\" target=\"_blank\">Campagne ANS Episode 2 (PSF)<\/a> (publi\u00e9e le 09-04-2021)<\/li><li><a rel=\"noreferrer noopener\" href=\"https:\/\/www.youtube.com\/watch?v=LycjB0HyX5E\" target=\"_blank\">Dispositif d&rsquo;aide ANS, Episode 1<\/a> (publi\u00e9e le 01-04-2021)<\/li><li><a rel=\"noreferrer noopener\" href=\"https:\/\/www.youtube.com\/watch?v=tVv0ziuT5ss\" target=\"_blank\">Les assurance de la FFBaD, comment \u00e7a marche ?<\/a> (publi\u00e9e le 30-03-2021)<\/li><li><a rel=\"noreferrer noopener\" href=\"https:\/\/www.youtube.com\/watch?v=r1OUYrxUSYg\" target=\"_blank\">S\u00e9curiser la pratique avec les mineurs<\/a> (publi\u00e9e le 30-03-2021)<\/li><li><a rel=\"noreferrer noopener\" href=\"https:\/\/www.youtube.com\/watch?v=HbR9NP4pVEI\" target=\"_blank\">L&rsquo; emploi, dynamique de l&rsquo;\u00e9volution \u00e0 la FFBaD<\/a> (publi\u00e9e le 30-03-2021)<\/li><li><a rel=\"noreferrer noopener\" href=\"https:\/\/www.youtube.com\/watch?v=THATu5U0mf8\" target=\"_blank\">Eco responsabilit\u00e9 et pratique sportive<\/a> (publi\u00e9e le 30-03-2021)<\/li><li><a rel=\"noreferrer noopener\" href=\"https:\/\/www.youtube.com\/watch?v=omRNlwsI1kk\" target=\"_blank\">D\u00e9marches et possibilit\u00e9s de l&rsquo;activit\u00e9 partielle <\/a><\/li><li><a rel=\"noreferrer noopener\" href=\"https:\/\/www.youtube.com\/watch?v=2ALfKbgxEx0\" target=\"_blank\">Le d\u00e9ploiement du AIRBADMINTON<\/a><\/li><li><a rel=\"noreferrer noopener\" href=\"https:\/\/www.youtube.com\/watch?v=v5lDz4GtrDk\" target=\"_blank\">Les ressources des clubs de badminton face la crise<\/a> (publi\u00e9e le 15-03-2021)<\/li><li><a rel=\"noreferrer noopener\" href=\"https:\/\/www.youtube.com\/watch?v=S6QttqVO9KY\" target=\"_blank\">Le Para-Badminton<\/a> (publi\u00e9e le 15-03-2021)<\/li><li><a rel=\"noreferrer noopener\" href=\"https:\/\/www.youtube.com\/watch?v=-h8ASI3asoc\" target=\"_blank\">Employeurs et gestion du temps de travail<\/a><\/li><li><a rel=\"noreferrer noopener\" href=\"https:\/\/www.youtube.com\/watch?v=76lrCO5Q1M0\" target=\"_blank\">Outils de planification du temps de travail<\/a><\/li><\/ul>\n","protected":false},"excerpt":{"rendered":"<p>Retrouvez ci-dessous l&rsquo;ensemble des webinaires \u00e0 votre disposition sur internetBonne vid\u00e9o !!! La r\u00e9glementation des tenues en comp\u00e9tition (publi\u00e9e le 01-06-2021) Adh\u00e9sion en ligne 2021\/2022 (publi\u00e9e le 26-05-2021) Campagne ANS Episode 2 (PSF) (publi\u00e9e le 09-04-2021) Dispositif d&rsquo;aide ANS, Episode 1 (publi\u00e9e le 01-04-2021) Les assurance de la FFBaD, comment \u00e7a marche ? (publi\u00e9e le [&hellip;]<\/p>\n","protected":false},"author":2,"featured_media":0,"parent":0,"menu_order":0,"comment_status":"closed","ping_status":"closed","template":"","meta":{"site-sidebar-layout":"default","site-content-layout":"","ast-site-content-layout":"default","site-content-style":"default","site-sidebar-style":"default","ast-global-header-display":"","ast-banner-title-visibility":"","ast-main-header-display":"","ast-hfb-above-header-display":"","ast-hfb-below-header-display":"","ast-hfb-mobile-header-display":"","site-post-title":"","ast-breadcrumbs-content":"","ast-featured-img":"","footer-sml-layout":"","ast-disable-related-posts":"","theme-transparent-header-meta":"","adv-header-id-meta":"","stick-header-meta":"","header-above-stick-meta":"","header-main-stick-meta":"","header-below-stick-meta":"","astra-migrate-meta-layouts":"default","ast-page-background-enabled":"default","ast-page-background-meta":{"desktop":{"background-color":"var(--ast-global-color-4)","background-image":"","background-repeat":"repeat","background-position":"center center","background-size":"auto","background-attachment":"scroll","background-type":"","background-media":"","overlay-type":"","overlay-color":"","overlay-opacity":"","overlay-gradient":""},"tablet":{"background-color":"","background-image":"","background-repeat":"repeat","background-position":"center center","background-size":"auto","background-attachment":"scroll","background-type":"","background-media":"","overlay-type":"","overlay-color":"","overlay-opacity":"","overlay-gradient":""},"mobile":{"background-color":"","background-image":"","background-repeat":"repeat","background-position":"center center","background-size":"auto","background-attachment":"scroll","background-type":"","background-media":"","overlay-type":"","overlay-color":"","overlay-opacity":"","overlay-gradient":""}},"ast-content-background-meta":{"desktop":{"background-color":"var(--ast-global-color-5)","background-image":"","background-repeat":"repeat","background-position":"center center","background-size":"auto","background-attachment":"scroll","background-type":"","background-media":"","overlay-type":"","overlay-color":"","overlay-opacity":"","overlay-gradient":""},"tablet":{"background-color":"var(--ast-global-color-5)","background-image":"","background-repeat":"repeat","background-position":"center center","background-size":"auto","background-attachment":"scroll","background-type":"","background-media":"","overlay-type":"","overlay-color":"","overlay-opacity":"","overlay-gradient":""},"mobile":{"background-color":"var(--ast-global-color-5)","background-image":"","background-repeat":"repeat","background-position":"center center","background-size":"auto","background-attachment":"scroll","background-type":"","background-media":"","overlay-type":"","overlay-color":"","overlay-opacity":"","overlay-gradient":""}},"footnotes":""},"class_list":["post-8774","page","type-page","status-publish","hentry"],"_links":{"self":[{"href":"https:\/\/badnord.com\/index.php?rest_route=\/wp\/v2\/pages\/8774","targetHints":{"allow":["GET"]}}],"collection":[{"href":"https:\/\/badnord.com\/index.php?rest_route=\/wp\/v2\/pages"}],"about":[{"href":"https:\/\/badnord.com\/index.php?rest_route=\/wp\/v2\/types\/page"}],"author":[{"embeddable":true,"href":"https:\/\/badnord.com\/index.php?rest_route=\/wp\/v2\/users\/2"}],"replies":[{"embeddable":true,"href":"https:\/\/badnord.com\/index.php?rest_route=%2Fwp%2Fv2%2Fcomments&post=8774"}],"version-history":[{"count":3,"href":"https:\/\/badnord.com\/index.php?rest_route=\/wp\/v2\/pages\/8774\/revisions"}],"predecessor-version":[{"id":8780,"href":"https:\/\/badnord.com\/index.php?rest_route=\/wp\/v2\/pages\/8774\/revisions\/8780"}],"wp:attachment":[{"href":"https:\/\/badnord.com\/index.php?rest_route=%2Fwp%2Fv2%2Fmedia&parent=8774"}],"curies":[{"name":"wp","href":"https:\/\/api.w.org\/{rel}","templated":true}]}}