{"id":8290,"date":"2021-01-13T13:37:43","date_gmt":"2021-01-13T11:37:43","guid":{"rendered":"https:\/\/badnord.com\/?page_id=8290"},"modified":"2025-10-10T12:21:35","modified_gmt":"2025-10-10T10:21:35","slug":"nous-contacter-2","status":"publish","type":"page","link":"https:\/\/badnord.com\/?page_id=8290","title":{"rendered":"Contactez nous"},"content":{"rendered":"\t\t<div data-elementor-type=\"wp-page\" data-elementor-id=\"8290\" class=\"elementor elementor-8290\" data-elementor-post-type=\"page\">\n\t\t\t\t\t\t<section class=\"elementor-section elementor-top-section elementor-element elementor-element-7d07d8b elementor-section-boxed elementor-section-height-default elementor-section-height-default\" data-id=\"7d07d8b\" data-element_type=\"section\" data-e-type=\"section\">\n\t\t\t\t\t\t<div class=\"elementor-container elementor-column-gap-default\">\n\t\t\t\t\t<div class=\"elementor-column elementor-col-33 elementor-top-column elementor-element elementor-element-862fa04\" data-id=\"862fa04\" data-element_type=\"column\" data-e-type=\"column\">\n\t\t\t<div class=\"elementor-widget-wrap elementor-element-populated\">\n\t\t\t\t\t\t<div class=\"elementor-element elementor-element-5ec7544 elementor-widget elementor-widget-image\" data-id=\"5ec7544\" data-element_type=\"widget\" data-e-type=\"widget\" data-widget_type=\"image.default\">\n\t\t\t\t<div class=\"elementor-widget-container\">\n\t\t\t\t\t\t\t\t\t\t\t\t\t\t\t<img fetchpriority=\"high\" decoding=\"async\" width=\"2547\" height=\"975\" src=\"https:\/\/badnord.com\/wp-content\/uploads\/2025\/09\/2025-08-21-LOGO-CNB-CMJN.png\" class=\"attachment-full size-full wp-image-18465\" alt=\"\" srcset=\"https:\/\/badnord.com\/wp-content\/uploads\/2025\/09\/2025-08-21-LOGO-CNB-CMJN.png 2547w, https:\/\/badnord.com\/wp-content\/uploads\/2025\/09\/2025-08-21-LOGO-CNB-CMJN-150x57.png 150w, https:\/\/badnord.com\/wp-content\/uploads\/2025\/09\/2025-08-21-LOGO-CNB-CMJN-768x294.png 768w, https:\/\/badnord.com\/wp-content\/uploads\/2025\/09\/2025-08-21-LOGO-CNB-CMJN-1536x588.png 1536w, https:\/\/badnord.com\/wp-content\/uploads\/2025\/09\/2025-08-21-LOGO-CNB-CMJN-2048x784.png 2048w\" sizes=\"(max-width: 2547px) 100vw, 2547px\" \/>\t\t\t\t\t\t\t\t\t\t\t\t\t\t\t<\/div>\n\t\t\t\t<\/div>\n\t\t\t\t<div class=\"elementor-element elementor-element-9c8fbe1 elementor-widget elementor-widget-image\" data-id=\"9c8fbe1\" data-element_type=\"widget\" data-e-type=\"widget\" data-widget_type=\"image.default\">\n\t\t\t\t<div class=\"elementor-widget-container\">\n\t\t\t\t\t\t\t\t\t\t\t\t\t\t\t<img decoding=\"async\" width=\"590\" height=\"224\" src=\"https:\/\/badnord.com\/wp-content\/uploads\/2025\/10\/conctactez-nous.jpg\" class=\"attachment-full size-full wp-image-18541\" alt=\"\" srcset=\"https:\/\/badnord.com\/wp-content\/uploads\/2025\/10\/conctactez-nous.jpg 590w, https:\/\/badnord.com\/wp-content\/uploads\/2025\/10\/conctactez-nous-150x57.jpg 150w\" sizes=\"(max-width: 590px) 100vw, 590px\" \/>\t\t\t\t\t\t\t\t\t\t\t\t\t\t\t<\/div>\n\t\t\t\t<\/div>\n\t\t\t\t\t<\/div>\n\t\t<\/div>\n\t\t\t\t<div class=\"elementor-column elementor-col-66 elementor-top-column elementor-element elementor-element-f09df18\" data-id=\"f09df18\" data-element_type=\"column\" data-e-type=\"column\">\n\t\t\t<div class=\"elementor-widget-wrap elementor-element-populated\">\n\t\t\t\t\t\t<div class=\"elementor-element elementor-element-4147627 elementor-widget elementor-widget-text-editor\" data-id=\"4147627\" data-element_type=\"widget\" data-e-type=\"widget\" data-widget_type=\"text-editor.default\">\n\t\t\t\t<div class=\"elementor-widget-container\">\n\t\t\t\t\t\t\t\t\t<p>COMITE<strong> D\u00c9PARTEMENTAL DU NORD DE BADMINTON<\/strong><br \/><img decoding=\"async\" class=\"emoji\" role=\"img\" draggable=\"false\" src=\"https:\/\/s.w.org\/images\/core\/emoji\/16.0.1\/svg\/1f3db.svg\" alt=\"\ud83c\udfdb\ufe0f\" \/> 26 rue Denis PAPIN \u2013 B\u00e2timent 26<br \/>\u00a0 \u00a0 \u00a0 \u00a0Maison D\u00e9partementale du Sport<br \/>\u00a0 \u00a0 \u00a0 \u00a0 59650 \u2013 VILLENEUVE D\u2019ASCQ<\/p>\n<p><!-- \/wp:paragraph --><\/p>\n<p><!-- wp:paragraph --><\/p>\n<p><img decoding=\"async\" class=\"emoji\" role=\"img\" draggable=\"false\" src=\"https:\/\/s.w.org\/images\/core\/emoji\/16.0.1\/svg\/260e.svg\" alt=\"\u260e\ufe0f\" \/> T\u00e9l : 09 54 39 31 26 (prix d&rsquo;un appel local)<br \/><img decoding=\"async\" class=\"emoji\" role=\"img\" draggable=\"false\" src=\"https:\/\/s.w.org\/images\/core\/emoji\/16.0.1\/svg\/1f310.svg\" alt=\"\ud83c\udf10\" \/>Site : <a href=\"https:\/\/badnord.com\/\">https:\/\/badnord.com\/<\/a><br \/><img decoding=\"async\" class=\"emoji\" role=\"img\" draggable=\"false\" src=\"https:\/\/s.w.org\/images\/core\/emoji\/16.0.1\/svg\/1f1eb.svg\" alt=\"\ud83c\uddeb\" \/> Facebook : <a href=\"https:\/\/www.facebook.com\/Comite59Badminton\/\" target=\"_blank\" rel=\"noreferrer noopener\">https:\/\/www.facebook.com\/Comite59Badminton\/<\/a><br \/><img decoding=\"async\" class=\"emoji\" role=\"img\" draggable=\"false\" src=\"https:\/\/s.w.org\/images\/core\/emoji\/16.0.1\/svg\/1f1eb.svg\" alt=\"\ud83c\uddeb\" \/> Page Facebook : <a href=\"https:\/\/www.facebook.com\/CODEP59BAD\" target=\"_blank\" rel=\"noreferrer noopener\" data-type=\"URL\" data-id=\"https:\/\/www.facebook.com\/CODEP59BAD\">https:\/\/www.facebook.com\/CODEP59BAD<\/a><br \/><img decoding=\"async\" class=\"sFlh5c FyHeAf iPVvYb\" src=\"https:\/\/img.freepik.com\/vecteurs-premium\/icone-logo-vectoriel-instagram-logotype-medias-sociaux_901408-392.jpg?semt=ais_hybrid&amp;w=740&amp;q=80\" alt=\"Images de Logo instagram sans fond \u2013 T\u00e9l\u00e9chargement gratuit sur Freepik\" width=\"22\" height=\"22\" \/>Instagram : <a href=\"https:\/\/www.instagram.com\/cnbadminton\/\" target=\"_blank\" rel=\"noreferrer noopener\">https:\/\/www.instagram.com\/cnbadminton\/<\/a><br \/><img decoding=\"async\" class=\"emoji\" role=\"img\" draggable=\"false\" src=\"https:\/\/s.w.org\/images\/core\/emoji\/16.0.1\/svg\/2705.svg\" alt=\"\u2705\" \/> WhatsApp : <a href=\"https:\/\/badnord.com\/?page_id=15206\">https:\/\/badnord.com\/?page_id=15206<br \/><br \/><\/a>\ud83d\udca1 Donnez votre avis sur le Comit\u00e9 et ses services sur Google en cliquant : <a href=\"https:\/\/g.page\/r\/CTZS8_sPj8RIEAE\/review\" target=\"_blank\" rel=\"noopener\"><strong>ICI<\/strong><\/a><\/p>\t\t\t\t\t\t\t\t<\/div>\n\t\t\t\t<\/div>\n\t\t\t\t\t<\/div>\n\t\t<\/div>\n\t\t\t\t\t<\/div>\n\t\t<\/section>\n\t\t\t\t<section class=\"elementor-section elementor-top-section elementor-element elementor-element-1a4cceec elementor-section-boxed elementor-section-height-default elementor-section-height-default\" data-id=\"1a4cceec\" data-element_type=\"section\" data-e-type=\"section\">\n\t\t\t\t\t\t<div class=\"elementor-container elementor-column-gap-default\">\n\t\t\t\t\t<div class=\"elementor-column elementor-col-100 elementor-top-column elementor-element elementor-element-4c6229e6\" data-id=\"4c6229e6\" data-element_type=\"column\" data-e-type=\"column\">\n\t\t\t<div class=\"elementor-widget-wrap elementor-element-populated\">\n\t\t\t\t\t\t<div class=\"elementor-element elementor-element-cb60b01 elementor-widget elementor-widget-text-editor\" data-id=\"cb60b01\" data-element_type=\"widget\" data-e-type=\"widget\" data-widget_type=\"text-editor.default\">\n\t\t\t\t<div class=\"elementor-widget-container\">\n\t\t\t\t\t\t\t\t\t<p><b>Administration centrale &amp; Si\u00e8ge<\/b><\/p>\n<p><b>\n<table id=\"tablepress-1\" class=\"tablepress tablepress-id-1\">\n<thead>\n<tr class=\"row-1\">\n\t<th class=\"column-1\"><span style=\"color:#002060;\"><strong>Pr\u00e9nom \/ Nom<\/strong><\/span>\t<\/th><th class=\"column-2\"><span style=\"color:#002060;\"><strong>Fonction<\/strong><\/span><\/th><th class=\"column-3\"><span style=\"color:#002060;\"><strong>Contact<\/strong><\/span><\/th>\n<\/tr>\n<\/thead>\n<tbody class=\"row-striping row-hover\">\n<tr class=\"row-2\">\n\t<td class=\"column-1\"><span style=\"color:#002060;\">Dominique <strong> PLANTEFEVE<\/span><br \/>\n<img loading=\"lazy\" decoding=\"async\" src=\"https:\/\/badnord.com\/wp-content\/uploads\/2025\/10\/dominique2-150x150.jpg\" alt=\"\" width=\"100\" height=\"100\" class=\"alignnone size-medium wp-image-18803\" srcset=\"https:\/\/badnord.com\/wp-content\/uploads\/2025\/10\/dominique2-150x150.jpg 150w, https:\/\/badnord.com\/wp-content\/uploads\/2025\/10\/dominique2-768x768.jpg 768w, https:\/\/badnord.com\/wp-content\/uploads\/2025\/10\/dominique2.jpg 1000w\" sizes=\"(max-width: 100px) 100vw, 100px\" \/><\/td><td class=\"column-2\"><span style=\"color:#002060;\">Directeur Administratif &amp; RH<br \/>\nR\u00e9f\u00e9rent D\u00e9veloppement, \u00e9quipement, radialisation, RGPD<\/span><\/td><td class=\"column-3\"><span style=\"color:#002060;\">\ud83d\udce9 coordination@badnord.com<br \/>\n\u260e\ufe0f+33 9 54 39 31 26<br \/>\n\ud83d\udcf1+33 6 76 90 29 50<\/span><\/td>\n<\/tr>\n<tr class=\"row-3\">\n\t<td class=\"column-1\"><span style=\"color:#002060;\">Chrystelle <strong>TAVERNE<\/span><br \/>\n<img loading=\"lazy\" decoding=\"async\" src=\"https:\/\/badnord.com\/wp-content\/uploads\/2025\/10\/Crystelle-1-150x150.jpg\" alt=\"\" width=\"100\" height=\"100\" class=\"alignnone size-medium wp-image-18668\" srcset=\"https:\/\/badnord.com\/wp-content\/uploads\/2025\/10\/Crystelle-1-150x150.jpg 150w, https:\/\/badnord.com\/wp-content\/uploads\/2025\/10\/Crystelle-1-768x768.jpg 768w, https:\/\/badnord.com\/wp-content\/uploads\/2025\/10\/Crystelle-1.jpg 1000w\" sizes=\"(max-width: 100px) 100vw, 100px\" \/><\/td><td class=\"column-2\"><span style=\"color:#002060;\">Assistante Vie Sportive<\/span><\/td><td class=\"column-3\"><span style=\"color:#002060;\">\ud83d\udce9 chrystelle.taverne@badnord.com<br \/>\n\ud83d\udce9 viesportive@badnord.com<br \/>\n\u260e\ufe0f+33 9 54 39 31 26<\/span><\/td>\n<\/tr>\n<tr class=\"row-4\">\n\t<td class=\"column-1\"><span style=\"color:#002060;\">Elisa <strong>RADENNE<\/span><br \/>\n<img loading=\"lazy\" decoding=\"async\" src=\"https:\/\/badnord.com\/wp-content\/uploads\/2025\/10\/Elisa-1-1-150x150.jpg\" alt=\"\" width=\"100\" height=\"100\" class=\"alignnone size-medium wp-image-18698\" srcset=\"https:\/\/badnord.com\/wp-content\/uploads\/2025\/10\/Elisa-1-1-150x150.jpg 150w, https:\/\/badnord.com\/wp-content\/uploads\/2025\/10\/Elisa-1-1-768x768.jpg 768w, https:\/\/badnord.com\/wp-content\/uploads\/2025\/10\/Elisa-1-1.jpg 1000w\" sizes=\"(max-width: 100px) 100vw, 100px\" \/><\/td><td class=\"column-2\"><span style=\"color:#002060;\">Assistante Communication<br \/>\nIllustratrice<\/span><\/td><td class=\"column-3\"><span style=\"color:#002060;\">\ud83d\udce9 communication@badnord.com<br \/>\n\u260e\ufe0f+33 9 54 39 31 26<\/span><\/td>\n<\/tr>\n<\/tbody>\n<\/table>\n<\/b><\/p>\t\t\t\t\t\t\t\t<\/div>\n\t\t\t\t<\/div>\n\t\t\t\t<div class=\"elementor-element elementor-element-8b0befe elementor-widget elementor-widget-text-editor\" data-id=\"8b0befe\" data-element_type=\"widget\" data-e-type=\"widget\" data-widget_type=\"text-editor.default\">\n\t\t\t\t<div class=\"elementor-widget-container\">\n\t\t\t\t\t\t\t\t\t<p><strong>Bureau &amp; Elu.e.s th\u00e9matiques<\/strong><\/p>\n<p>\n<table id=\"tablepress-59\" class=\"tablepress tablepress-id-59\">\n<thead>\n<tr class=\"row-1\">\n\t<th class=\"column-1\"><span style=\"color:#002060;\"><strong>Pr\u00e9nom\/ Nom<\/strong><\/span><\/th><th class=\"column-2\"><span style=\"color:#002060;\"><strong>Fonction CNB59<\/strong><\/span><\/th><th class=\"column-3\"><span style=\"color:#002060;\"><strong>Contact<\/strong><\/span><\/th>\n<\/tr>\n<\/thead>\n<tbody class=\"row-striping row-hover\">\n<tr class=\"row-2\">\n\t<td class=\"column-1\"><span style=\"color:#002060;\">Mathieu <strong>ROUX<\/span><br \/>\n<img loading=\"lazy\" decoding=\"async\" src=\"https:\/\/badnord.com\/wp-content\/uploads\/2025\/10\/mathieu2-150x150.jpg\" alt=\"\" width=\"100\" height=\"100\" class=\"alignnone size-medium wp-image-18715\" srcset=\"https:\/\/badnord.com\/wp-content\/uploads\/2025\/10\/mathieu2-150x150.jpg 150w, https:\/\/badnord.com\/wp-content\/uploads\/2025\/10\/mathieu2-768x768.jpg 768w, https:\/\/badnord.com\/wp-content\/uploads\/2025\/10\/mathieu2.jpg 1000w\" sizes=\"(max-width: 100px) 100vw, 100px\" \/><\/td><td class=\"column-2\"><span style=\"color:#002060;\">Pr\u00e9sident<\/span><\/td><td class=\"column-3\"><span style=\"color:#002060;\">\ud83d\udce9 president@badnord.com<\/span><\/td>\n<\/tr>\n<tr class=\"row-3\">\n\t<td class=\"column-1\"><span style=\"color:#002060;\">Sophie<strong> MERCIER<\/span><br \/>\n<img loading=\"lazy\" decoding=\"async\" src=\"https:\/\/badnord.com\/wp-content\/uploads\/2025\/10\/Sophie-150x150.jpg\" alt=\"\" width=\"100\" height=\"100\" class=\"alignnone size-medium wp-image-18808\" srcset=\"https:\/\/badnord.com\/wp-content\/uploads\/2025\/10\/Sophie-150x150.jpg 150w, https:\/\/badnord.com\/wp-content\/uploads\/2025\/10\/Sophie-768x768.jpg 768w, https:\/\/badnord.com\/wp-content\/uploads\/2025\/10\/Sophie.jpg 1000w\" sizes=\"(max-width: 100px) 100vw, 100px\" \/><\/td><td class=\"column-2\"><span style=\"color:#002060;\">Vice-pr\u00e9sidente \u00e0 la vie sportive<br \/>\nResp. Commission Formation<\/span><\/td><td class=\"column-3\"><span style=\"color:#002060;\">\ud83d\udce9 sophie.mercier@badnord.com<\/span><\/td>\n<\/tr>\n<tr class=\"row-4\">\n\t<td class=\"column-1\"><span style=\"color:#002060;\">Rebecca <strong> DECOSTER<\/span><br \/>\n<img loading=\"lazy\" decoding=\"async\" src=\"https:\/\/badnord.com\/wp-content\/uploads\/2025\/10\/Rebecca-150x150.jpg\" alt=\"\" width=\"100\" height=\"100\" class=\"alignnone size-medium wp-image-18707\" srcset=\"https:\/\/badnord.com\/wp-content\/uploads\/2025\/10\/Rebecca-150x150.jpg 150w, https:\/\/badnord.com\/wp-content\/uploads\/2025\/10\/Rebecca-768x768.jpg 768w, https:\/\/badnord.com\/wp-content\/uploads\/2025\/10\/Rebecca.jpg 1000w\" sizes=\"(max-width: 100px) 100vw, 100px\" \/><\/td><td class=\"column-2\"><span style=\"color:#002060;\">Vice-pr\u00e9sidente \u00e0 la communication<\/span><\/td><td class=\"column-3\"><span style=\"color:#002060;\">\ud83d\udce9 rebecca.decoster@badnord.com<\/span><\/td>\n<\/tr>\n<tr class=\"row-5\">\n\t<td class=\"column-1\"><span style=\"color:#002060;\">Vincent<strong> DIOT<\/span><br \/>\n<img loading=\"lazy\" decoding=\"async\" src=\"https:\/\/badnord.com\/wp-content\/uploads\/2025\/10\/Vincent-150x150.jpg\" alt=\"\" width=\"100\" height=\"100\" class=\"alignnone size-medium wp-image-18805\" srcset=\"https:\/\/badnord.com\/wp-content\/uploads\/2025\/10\/Vincent-150x150.jpg 150w, https:\/\/badnord.com\/wp-content\/uploads\/2025\/10\/Vincent-768x768.jpg 768w, https:\/\/badnord.com\/wp-content\/uploads\/2025\/10\/Vincent.jpg 1000w\" sizes=\"(max-width: 100px) 100vw, 100px\" \/><\/td><td class=\"column-2\"><span style=\"color:#002060;\">Tr\u00e9sorier G\u00e9n\u00e9ral<\/span><\/td><td class=\"column-3\"><span style=\"color:#002060;\">\ud83d\udce9 tresorier@badnord.com<\/span><\/td>\n<\/tr>\n<tr class=\"row-6\">\n\t<td class=\"column-1\"><span style=\"color:#002060;\">Thibaud <strong> OLIVIER<\/span><br \/>\n<img loading=\"lazy\" decoding=\"async\" src=\"https:\/\/badnord.com\/wp-content\/uploads\/2025\/10\/Thibaud-150x150.jpg\" alt=\"\" width=\"100\" height=\"100\" class=\"alignnone size-medium wp-image-18819\" srcset=\"https:\/\/badnord.com\/wp-content\/uploads\/2025\/10\/Thibaud-150x150.jpg 150w, https:\/\/badnord.com\/wp-content\/uploads\/2025\/10\/Thibaud-768x768.jpg 768w, https:\/\/badnord.com\/wp-content\/uploads\/2025\/10\/Thibaud.jpg 1000w\" sizes=\"(max-width: 100px) 100vw, 100px\" \/><\/td><td class=\"column-2\"><span style=\"color:#002060;\">Tr\u00e9sorier adjoint<\/span><\/td><td class=\"column-3\"><span style=\"color:#002060;\">\ud83d\udce9 thibaudoliviereyherabide@gmail.com<\/span><\/td>\n<\/tr>\n<tr class=\"row-7\">\n\t<td class=\"column-1\"><span style=\"color:#002060;\">Karine <strong> DUMONT<\/span><br \/>\n <img loading=\"lazy\" decoding=\"async\" src=\"https:\/\/badnord.com\/wp-content\/uploads\/2025\/10\/karine-150x150.jpg\" alt=\"\" width=\"100\" height=\"100\" class=\"alignnone size-medium wp-image-18814\" srcset=\"https:\/\/badnord.com\/wp-content\/uploads\/2025\/10\/karine-150x150.jpg 150w, https:\/\/badnord.com\/wp-content\/uploads\/2025\/10\/karine-768x768.jpg 768w, https:\/\/badnord.com\/wp-content\/uploads\/2025\/10\/karine.jpg 1000w\" sizes=\"(max-width: 100px) 100vw, 100px\" \/><\/td><td class=\"column-2\"><span style=\"color:#002060;\">Secr\u00e9taire G\u00e9n\u00e9rale<\/span><\/td><td class=\"column-3\"><span style=\"color:#002060;\">\ud83d\udce9 karine.dumont@badnord.com<\/span><\/td>\n<\/tr>\n<tr class=\"row-8\">\n\t<td class=\"column-1\"><span style=\"color:#002060;\">Sandrine<strong> LESAGE-FREUZE<\/span><br \/>\n<img loading=\"lazy\" decoding=\"async\" src=\"https:\/\/badnord.com\/wp-content\/uploads\/2025\/10\/Sandrine-150x150.jpg\" alt=\"\" width=\"100\" height=\"100\" class=\"alignnone size-medium wp-image-18824\" srcset=\"https:\/\/badnord.com\/wp-content\/uploads\/2025\/10\/Sandrine-150x150.jpg 150w, https:\/\/badnord.com\/wp-content\/uploads\/2025\/10\/Sandrine-768x768.jpg 768w, https:\/\/badnord.com\/wp-content\/uploads\/2025\/10\/Sandrine.jpg 1000w\" sizes=\"(max-width: 100px) 100vw, 100px\" \/><\/td><td class=\"column-2\"><span style=\"color:#002060;\">Secretaire adjointe<br \/>\nResp. commission calendrier<\/span><\/td><td class=\"column-3\"><span style=\"color:#002060;\">\ud83d\udce9 sandlesage@orange.fr<\/span><\/td>\n<\/tr>\n<tr class=\"row-9\">\n\t<td class=\"column-1\"><span style=\"color:#002060;\">Johann<strong> LEFEBVRE<\/span><br \/>\n<img loading=\"lazy\" decoding=\"async\" src=\"https:\/\/badnord.com\/wp-content\/uploads\/2025\/10\/johann-150x150.jpg\" alt=\"\" width=\"100\" height=\"100\" class=\"alignnone size-medium wp-image-18817\" srcset=\"https:\/\/badnord.com\/wp-content\/uploads\/2025\/10\/johann-150x150.jpg 150w, https:\/\/badnord.com\/wp-content\/uploads\/2025\/10\/johann-768x768.jpg 768w, https:\/\/badnord.com\/wp-content\/uploads\/2025\/10\/johann.jpg 1000w\" sizes=\"(max-width: 100px) 100vw, 100px\" \/><\/td><td class=\"column-2\"><span style=\"color:#002060;\">Resp. commission comp\u00e9tition<\/span><\/td><td class=\"column-3\"><span style=\"color:#002060;\">\ud83d\udce9 johann.lefebvre@badmintonroubaix.fr<\/span><\/td>\n<\/tr>\n<tr class=\"row-10\">\n\t<td class=\"column-1\"><span style=\"color:#002060;\">H\u00e9l\u00e9na<strong> GEORGE<\/span><br \/>\n<img loading=\"lazy\" decoding=\"async\" src=\"https:\/\/badnord.com\/wp-content\/uploads\/2025\/10\/Helena-150x150.jpg\" alt=\"\" width=\"100\" height=\"100\" class=\"alignnone size-medium wp-image-18826\" srcset=\"https:\/\/badnord.com\/wp-content\/uploads\/2025\/10\/Helena-150x150.jpg 150w, https:\/\/badnord.com\/wp-content\/uploads\/2025\/10\/Helena-768x768.jpg 768w, https:\/\/badnord.com\/wp-content\/uploads\/2025\/10\/Helena.jpg 1000w\" sizes=\"(max-width: 100px) 100vw, 100px\" \/><\/td><td class=\"column-2\"><span style=\"color:#002060;\">Resp. commission Sport pour tous<\/span><\/td><td class=\"column-3\"><span style=\"color:#002060;\">\ud83d\udce9 helenajogauthier@gmail.com<\/span><\/td>\n<\/tr>\n<tr class=\"row-11\">\n\t<td class=\"column-1\"><span style=\"color:#002060;\">Ivo <strong> HERNANDEZ<\/span><br \/>\n<img loading=\"lazy\" decoding=\"async\" src=\"https:\/\/badnord.com\/wp-content\/uploads\/2025\/10\/ivo-150x150.jpg\" alt=\"\" width=\"100\" height=\"100\" class=\"alignnone size-medium wp-image-18828\" srcset=\"https:\/\/badnord.com\/wp-content\/uploads\/2025\/10\/ivo-150x150.jpg 150w, https:\/\/badnord.com\/wp-content\/uploads\/2025\/10\/ivo-768x768.jpg 768w, https:\/\/badnord.com\/wp-content\/uploads\/2025\/10\/ivo.jpg 1000w\" sizes=\"(max-width: 100px) 100vw, 100px\" \/><\/td><td class=\"column-2\"><span style=\"color:#002060;\">Resp. commission Bassins et fid\u00e9lisation<\/span><\/td><td class=\"column-3\"><span style=\"color:#002060;\">\ud83d\udce9 ivo.a.hernandez@gmail.com<\/span><\/td>\n<\/tr>\n<tr class=\"row-12\">\n\t<td class=\"column-1\"><span style=\"color:#002060;\">Nathanael<strong> TREHOUT<\/span><br \/>\n<img loading=\"lazy\" decoding=\"async\" src=\"https:\/\/badnord.com\/wp-content\/uploads\/2025\/10\/nathanael-150x150.jpg\" alt=\"\" width=\"100\" height=\"100\" class=\"alignnone size-medium wp-image-18830\" srcset=\"https:\/\/badnord.com\/wp-content\/uploads\/2025\/10\/nathanael-150x150.jpg 150w, https:\/\/badnord.com\/wp-content\/uploads\/2025\/10\/nathanael-768x768.jpg 768w, https:\/\/badnord.com\/wp-content\/uploads\/2025\/10\/nathanael.jpg 1000w\" sizes=\"(max-width: 100px) 100vw, 100px\" \/><\/td><td class=\"column-2\"><span style=\"color:#002060;\">Resp. commission \u00e9quipement<\/span><\/td><td class=\"column-3\"><span style=\"color:#002060;\">\ud83d\udce9 nathanael_228@hotmail.fr<\/span><\/td>\n<\/tr>\n<\/tbody>\n<\/table>\n<\/p>\t\t\t\t\t\t\t\t<\/div>\n\t\t\t\t<\/div>\n\t\t\t\t\t<\/div>\n\t\t<\/div>\n\t\t\t\t\t<\/div>\n\t\t<\/section>\n\t\t\t\t<\/div>\n\t\t","protected":false},"excerpt":{"rendered":"<p>COMITE D\u00c9PARTEMENTAL DU NORD DE BADMINTON26 rue Denis PAPIN \u2013 B\u00e2timent 26Maison D\u00e9partementale du Sport59650 \u2013 VILLENEUVE D\u2019ASCQ T\u00e9l : 09 54 39 31 26 (prix d&rsquo;un appel local)Tchat possible en bas \u00e0 gauche de ce site Site : https:\/\/badnord.com\/Facebook : https:\/\/www.facebook.com\/Comite59Badminton\/Page Facebook : https:\/\/www.facebook.com\/CODEP59BADInstagram : https:\/\/www.instagram.com\/cnbadminton\/ Administration centrale &amp; Si\u00e8ge \u00c9lu(e)s &amp; relations th\u00e9matiques<\/p>\n","protected":false},"author":2,"featured_media":0,"parent":0,"menu_order":0,"comment_status":"closed","ping_status":"closed","template":"","meta":{"site-sidebar-layout":"default","site-content-layout":"","ast-site-content-layout":"default","site-content-style":"default","site-sidebar-style":"default","ast-global-header-display":"","ast-banner-title-visibility":"","ast-main-header-display":"","ast-hfb-above-header-display":"","ast-hfb-below-header-display":"","ast-hfb-mobile-header-display":"","site-post-title":"","ast-breadcrumbs-content":"","ast-featured-img":"","footer-sml-layout":"","ast-disable-related-posts":"","theme-transparent-header-meta":"","adv-header-id-meta":"","stick-header-meta":"","header-above-stick-meta":"","header-main-stick-meta":"","header-below-stick-meta":"","astra-migrate-meta-layouts":"set","ast-page-background-enabled":"default","ast-page-background-meta":{"desktop":{"background-color":"var(--ast-global-color-4)","background-image":"","background-repeat":"repeat","background-position":"center center","background-size":"auto","background-attachment":"scroll","background-type":"","background-media":"","overlay-type":"","overlay-color":"","overlay-opacity":"","overlay-gradient":""},"tablet":{"background-color":"","background-image":"","background-repeat":"repeat","background-position":"center center","background-size":"auto","background-attachment":"scroll","background-type":"","background-media":"","overlay-type":"","overlay-color":"","overlay-opacity":"","overlay-gradient":""},"mobile":{"background-color":"","background-image":"","background-repeat":"repeat","background-position":"center center","background-size":"auto","background-attachment":"scroll","background-type":"","background-media":"","overlay-type":"","overlay-color":"","overlay-opacity":"","overlay-gradient":""}},"ast-content-background-meta":{"desktop":{"background-color":"var(--ast-global-color-5)","background-image":"","background-repeat":"repeat","background-position":"center center","background-size":"auto","background-attachment":"scroll","background-type":"","background-media":"","overlay-type":"","overlay-color":"","overlay-opacity":"","overlay-gradient":""},"tablet":{"background-color":"var(--ast-global-color-5)","background-image":"","background-repeat":"repeat","background-position":"center center","background-size":"auto","background-attachment":"scroll","background-type":"","background-media":"","overlay-type":"","overlay-color":"","overlay-opacity":"","overlay-gradient":""},"mobile":{"background-color":"var(--ast-global-color-5)","background-image":"","background-repeat":"repeat","background-position":"center center","background-size":"auto","background-attachment":"scroll","background-type":"","background-media":"","overlay-type":"","overlay-color":"","overlay-opacity":"","overlay-gradient":""}},"footnotes":""},"class_list":["post-8290","page","type-page","status-publish","hentry"],"_links":{"self":[{"href":"https:\/\/badnord.com\/index.php?rest_route=\/wp\/v2\/pages\/8290","targetHints":{"allow":["GET"]}}],"collection":[{"href":"https:\/\/badnord.com\/index.php?rest_route=\/wp\/v2\/pages"}],"about":[{"href":"https:\/\/badnord.com\/index.php?rest_route=\/wp\/v2\/types\/page"}],"author":[{"embeddable":true,"href":"https:\/\/badnord.com\/index.php?rest_route=\/wp\/v2\/users\/2"}],"replies":[{"embeddable":true,"href":"https:\/\/badnord.com\/index.php?rest_route=%2Fwp%2Fv2%2Fcomments&post=8290"}],"version-history":[{"count":89,"href":"https:\/\/badnord.com\/index.php?rest_route=\/wp\/v2\/pages\/8290\/revisions"}],"predecessor-version":[{"id":18790,"href":"https:\/\/badnord.com\/index.php?rest_route=\/wp\/v2\/pages\/8290\/revisions\/18790"}],"wp:attachment":[{"href":"https:\/\/badnord.com\/index.php?rest_route=%2Fwp%2Fv2%2Fmedia&parent=8290"}],"curies":[{"name":"wp","href":"https:\/\/api.w.org\/{rel}","templated":true}]}}