{"id":5748,"date":"2023-09-20T17:40:56","date_gmt":"2023-09-20T15:40:56","guid":{"rendered":"http:\/\/badnord.com\/?page_id=5748"},"modified":"2025-09-09T14:44:41","modified_gmt":"2025-09-09T12:44:41","slug":"module-dentree-en-formation-modef","status":"publish","type":"page","link":"https:\/\/badnord.com\/?page_id=5748","title":{"rendered":"Module des fondamentaux du badminton (MODEF)"},"content":{"rendered":"\t\t<div data-elementor-type=\"wp-page\" data-elementor-id=\"5748\" class=\"elementor elementor-5748\" data-elementor-post-type=\"page\">\n\t\t\t\t\t\t<section class=\"elementor-section elementor-top-section elementor-element elementor-element-f78633c elementor-section-boxed elementor-section-height-default elementor-section-height-default\" data-id=\"f78633c\" data-element_type=\"section\" data-e-type=\"section\">\n\t\t\t\t\t\t<div class=\"elementor-container elementor-column-gap-default\">\n\t\t\t\t\t<div class=\"elementor-column elementor-col-50 elementor-top-column elementor-element elementor-element-7b2e217\" data-id=\"7b2e217\" data-element_type=\"column\" data-e-type=\"column\">\n\t\t\t<div class=\"elementor-widget-wrap elementor-element-populated\">\n\t\t\t\t\t\t<div class=\"elementor-element elementor-element-bcb7890 elementor-widget elementor-widget-text-editor\" data-id=\"bcb7890\" data-element_type=\"widget\" data-e-type=\"widget\" data-widget_type=\"text-editor.default\">\n\t\t\t\t<div class=\"elementor-widget-container\">\n\t\t\t\t\t\t\t\t\t<div class=\"bt_bb_accordion_item_content\"><div class=\"bt_bb_text\"><p><span style=\"color: #ff0000;\"><strong>Objectif de la formation<\/strong><\/span><\/p><p>Cr\u00e9er un langage commun et des connaissances communes afin de <strong>d\u00e9velopper la culture badminton et pouvoir la partager<\/strong>.<br \/>Ce module permet aussi le suivi des formations de chacune des deux<br \/>fili\u00e8res (animation ou entrainement) dans les meilleures conditions.<\/p><p><strong><span style=\"color: #ff0000;\">Les comp\u00e9tences vis\u00e9es<\/span><\/strong><\/p><ul><li>\u00catre capable de <strong>d\u00e9finir les caract\u00e9ristiques<\/strong> du badminton<\/li><li>Conna\u00eetre le <strong>vocabulaire tactico-technique<\/strong> pour l\u2019utiliser de mani\u00e8re adapt\u00e9e<\/li><li>Connaitre les <strong>fondamentaux tactico-techniques<\/strong> en lien avec les intentions de jeu, pour les utiliser de mani\u00e8re adapt\u00e9e<\/li><\/ul><p><strong><span style=\"color: #ff0000;\">Les \u00e9l\u00e9ments cl\u00e9s au moment de l\u2019inscription<\/span><\/strong><\/p><ul><li>\u00catre licenci\u00e9 \u00e0 la FFBaD<\/li><li>Avoir 16 ans r\u00e9volus lors du premier jour de formation<\/li><li>La formation dure 15 heures et ne comporte pas d\u2019alternance<\/li><\/ul><p><strong><span style=\"color: #ff0000;\">Les \u00e9l\u00e9ments abord\u00e9s en formation<\/span><\/strong><\/p><ul><li>Le badminton et sa logique interne<\/li><li>Les caract\u00e9ristiques des 5 disciplines<\/li><li>Les principes r\u00e9glementaires<\/li><li>Les prises de raquettes<\/li><li>Les coups techniques<\/li><li>Les d\u00e9placements<\/li><\/ul><\/div><\/div>\t\t\t\t\t\t\t\t<\/div>\n\t\t\t\t<\/div>\n\t\t\t\t\t<\/div>\n\t\t<\/div>\n\t\t\t\t<div class=\"elementor-column elementor-col-50 elementor-top-column elementor-element elementor-element-e8c4eb0\" data-id=\"e8c4eb0\" data-element_type=\"column\" data-e-type=\"column\">\n\t\t\t<div class=\"elementor-widget-wrap elementor-element-populated\">\n\t\t\t\t\t\t<div class=\"elementor-element elementor-element-cd5757e elementor-widget__width-initial elementor-widget elementor-widget-text-editor\" data-id=\"cd5757e\" data-element_type=\"widget\" data-e-type=\"widget\" data-widget_type=\"text-editor.default\">\n\t\t\t\t<div class=\"elementor-widget-container\">\n\t\t\t\t\t\t\t\t\t<p><strong><span style=\"color: #ff0000;\"><span style=\"text-decoration: underline;\">Quel volume horaire ?<\/span><\/span><\/strong><br><span style=\"color: #000080;\">15 heures de formation obligatoire (th\u00e9orie et de mise en situation) (un week-<span style=\"text-decoration: underline;\"><strong>end).<\/strong><\/span><\/span><\/p>\n<p><strong><span style=\"color: #ff0000;\"><span style=\"text-decoration: underline;\">Les prochaines dates fix\u00e9es sont <\/span>:<\/span><\/strong>&nbsp; &nbsp; &nbsp; &nbsp; &nbsp; &nbsp;<\/p>\n<ul>\n<li>Samedi 4 et dimanche 5 Oct 2025 &#8211; Sequedin&nbsp;<strong>&gt; <\/strong><a href=\"https:\/\/badnet.fr\/tournoi\/public?eventid=31255\" target=\"_blank\" rel=\"noopener\"><strong>Lien d&rsquo;inscription<\/strong><\/a><strong> <img decoding=\"async\" class=\"emoji\" role=\"img\" draggable=\"false\" src=\"https:\/\/s.w.org\/images\/core\/emoji\/16.0.1\/svg\/1f441.svg\" alt=\"\ud83d\udc41\ufe0f\">\u200d<img decoding=\"async\" class=\"emoji\" role=\"img\" draggable=\"false\" src=\"https:\/\/s.w.org\/images\/core\/emoji\/16.0.1\/svg\/1f5e8.svg\" alt=\"\ud83d\udde8\ufe0f\"><\/strong><\/li>\n<li>Samedi 15 et dimanche 16 Nov 2025 &#8211; Escaupont&nbsp;<strong>&gt; <\/strong><a href=\"https:\/\/badnet.fr\/tournoi\/public?eventid=31256\" target=\"_blank\" rel=\"noopener\"><strong>Lien d&rsquo;inscription<\/strong><\/a><strong>&nbsp;<\/strong> <img decoding=\"async\" class=\"emoji\" role=\"img\" draggable=\"false\" src=\"https:\/\/s.w.org\/images\/core\/emoji\/16.0.1\/svg\/1f441.svg\" alt=\"\ud83d\udc41\ufe0f\">\u200d<img decoding=\"async\" class=\"emoji\" role=\"img\" draggable=\"false\" src=\"https:\/\/s.w.org\/images\/core\/emoji\/16.0.1\/svg\/1f5e8.svg\" alt=\"\ud83d\udde8\ufe0f\"><\/li>\n<li>Samedi 07 et Dimanche 08 mars 2026 &#8211; lieu en attente&nbsp; <strong>&gt;&nbsp;<a href=\"https:\/\/badnet.fr\/tournoi\/public?eventid=31257\" target=\"_blank\" rel=\"noopener\">Lien d&rsquo;inscription<\/a><\/strong><span style=\"color: #ff0000;\"><strong>&nbsp;<img decoding=\"async\" class=\"emoji\" role=\"img\" draggable=\"false\" src=\"https:\/\/s.w.org\/images\/core\/emoji\/16.0.1\/svg\/1f441.svg\" alt=\"\ud83d\udc41\ufe0f\">\u200d<img decoding=\"async\" class=\"emoji\" role=\"img\" draggable=\"false\" src=\"https:\/\/s.w.org\/images\/core\/emoji\/16.0.1\/svg\/1f5e8.svg\" alt=\"\ud83d\udde8\ufe0f\"><\/strong> <\/span>&nbsp; &nbsp;<\/li>\n<\/ul>\n<p><strong><span style=\"text-decoration: underline; color: #ff0000;\">Quel Tarif ?<\/span><\/strong><\/p>\n<p><span style=\"color: #000080;\">50 \u20ac par stagiaire. <\/span><\/p>\n<p>Le co\u00fbt de la formation est forfaitaire. Il comprend les volants, les supports p\u00e9dagogiques et la r\u00e9mun\u00e9ration des formateurs. Les frais d\u2019h\u00e9bergement et de restauration sont \u00e0 la charge des stagiaires.<\/p>\n<div class=\"bt_bb_text\">\n<div class=\"page\" title=\"Page 8\">\n<div class=\"layoutArea\">\n<div class=\"column\">\n<p><br><\/p>\n<\/div>\n<\/div>\n<\/div>\n<\/div>\t\t\t\t\t\t\t\t<\/div>\n\t\t\t\t<\/div>\n\t\t\t\t\t<\/div>\n\t\t<\/div>\n\t\t\t\t\t<\/div>\n\t\t<\/section>\n\t\t\t\t<section class=\"elementor-section elementor-top-section elementor-element elementor-element-b972dcb elementor-section-boxed elementor-section-height-default elementor-section-height-default\" data-id=\"b972dcb\" data-element_type=\"section\" data-e-type=\"section\">\n\t\t\t\t\t\t<div class=\"elementor-container elementor-column-gap-default\">\n\t\t\t\t\t<div class=\"elementor-column elementor-col-50 elementor-top-column elementor-element elementor-element-2c7eb75\" data-id=\"2c7eb75\" data-element_type=\"column\" data-e-type=\"column\">\n\t\t\t<div class=\"elementor-widget-wrap elementor-element-populated\">\n\t\t\t\t\t\t<div class=\"elementor-element elementor-element-a41a2d4 elementor-widget__width-initial elementor-widget elementor-widget-video\" data-id=\"a41a2d4\" data-element_type=\"widget\" data-e-type=\"widget\" data-settings=\"{&quot;youtube_url&quot;:&quot;https:\\\/\\\/youtu.be\\\/sjZOzmrYZXo?si=7JzIsrcFBWn65Axp&quot;,&quot;video_type&quot;:&quot;youtube&quot;,&quot;controls&quot;:&quot;yes&quot;}\" data-widget_type=\"video.default\">\n\t\t\t\t<div class=\"elementor-widget-container\">\n\t\t\t\t\t\t\t<div class=\"elementor-wrapper elementor-open-inline\">\n\t\t\t<div class=\"elementor-video\"><\/div>\t\t<\/div>\n\t\t\t\t\t\t<\/div>\n\t\t\t\t<\/div>\n\t\t\t\t\t<\/div>\n\t\t<\/div>\n\t\t\t\t<div class=\"elementor-column elementor-col-50 elementor-top-column elementor-element elementor-element-089cc80\" data-id=\"089cc80\" data-element_type=\"column\" data-e-type=\"column\">\n\t\t\t<div class=\"elementor-widget-wrap\">\n\t\t\t\t\t\t\t<\/div>\n\t\t<\/div>\n\t\t\t\t\t<\/div>\n\t\t<\/section>\n\t\t\t\t<\/div>\n\t\t","protected":false},"excerpt":{"rendered":"<p>Au cours de la saison, le Comit\u00e9 D\u00e9partemental du Nord vous propose plusieurs sessions de formation \u00ab\u00a0technique\u00a0\u00bb.Les MODEF rentre dans cette cat\u00e9gorie mais s&rsquo;adresse en priorit\u00e9 aux b\u00e9n\u00e9voles qui, au sein des clubs, sont impliqu\u00e9s dans l\u2019accueil du public et l\u2019encadrement des pratiquants jeunes et adultes ainsi aux personnes n\u2019ayant encore aucun dipl\u00f4me f\u00e9d\u00e9ral, qui [&hellip;]<\/p>\n","protected":false},"author":2,"featured_media":10582,"parent":0,"menu_order":0,"comment_status":"closed","ping_status":"closed","template":"","meta":{"site-sidebar-layout":"default","site-content-layout":"","ast-site-content-layout":"default","site-content-style":"default","site-sidebar-style":"default","ast-global-header-display":"","ast-banner-title-visibility":"","ast-main-header-display":"","ast-hfb-above-header-display":"","ast-hfb-below-header-display":"","ast-hfb-mobile-header-display":"","site-post-title":"","ast-breadcrumbs-content":"","ast-featured-img":"","footer-sml-layout":"","ast-disable-related-posts":"","theme-transparent-header-meta":"","adv-header-id-meta":"","stick-header-meta":"","header-above-stick-meta":"","header-main-stick-meta":"","header-below-stick-meta":"","astra-migrate-meta-layouts":"set","ast-page-background-enabled":"default","ast-page-background-meta":{"desktop":{"background-color":"var(--ast-global-color-4)","background-image":"","background-repeat":"repeat","background-position":"center center","background-size":"auto","background-attachment":"scroll","background-type":"","background-media":"","overlay-type":"","overlay-color":"","overlay-opacity":"","overlay-gradient":""},"tablet":{"background-color":"","background-image":"","background-repeat":"repeat","background-position":"center center","background-size":"auto","background-attachment":"scroll","background-type":"","background-media":"","overlay-type":"","overlay-color":"","overlay-opacity":"","overlay-gradient":""},"mobile":{"background-color":"","background-image":"","background-repeat":"repeat","background-position":"center center","background-size":"auto","background-attachment":"scroll","background-type":"","background-media":"","overlay-type":"","overlay-color":"","overlay-opacity":"","overlay-gradient":""}},"ast-content-background-meta":{"desktop":{"background-color":"var(--ast-global-color-5)","background-image":"","background-repeat":"repeat","background-position":"center center","background-size":"auto","background-attachment":"scroll","background-type":"","background-media":"","overlay-type":"","overlay-color":"","overlay-opacity":"","overlay-gradient":""},"tablet":{"background-color":"var(--ast-global-color-5)","background-image":"","background-repeat":"repeat","background-position":"center center","background-size":"auto","background-attachment":"scroll","background-type":"","background-media":"","overlay-type":"","overlay-color":"","overlay-opacity":"","overlay-gradient":""},"mobile":{"background-color":"var(--ast-global-color-5)","background-image":"","background-repeat":"repeat","background-position":"center center","background-size":"auto","background-attachment":"scroll","background-type":"","background-media":"","overlay-type":"","overlay-color":"","overlay-opacity":"","overlay-gradient":""}},"footnotes":""},"class_list":["post-5748","page","type-page","status-publish","has-post-thumbnail","hentry"],"_links":{"self":[{"href":"https:\/\/badnord.com\/index.php?rest_route=\/wp\/v2\/pages\/5748","targetHints":{"allow":["GET"]}}],"collection":[{"href":"https:\/\/badnord.com\/index.php?rest_route=\/wp\/v2\/pages"}],"about":[{"href":"https:\/\/badnord.com\/index.php?rest_route=\/wp\/v2\/types\/page"}],"author":[{"embeddable":true,"href":"https:\/\/badnord.com\/index.php?rest_route=\/wp\/v2\/users\/2"}],"replies":[{"embeddable":true,"href":"https:\/\/badnord.com\/index.php?rest_route=%2Fwp%2Fv2%2Fcomments&post=5748"}],"version-history":[{"count":119,"href":"https:\/\/badnord.com\/index.php?rest_route=\/wp\/v2\/pages\/5748\/revisions"}],"predecessor-version":[{"id":18278,"href":"https:\/\/badnord.com\/index.php?rest_route=\/wp\/v2\/pages\/5748\/revisions\/18278"}],"wp:featuredmedia":[{"embeddable":true,"href":"https:\/\/badnord.com\/index.php?rest_route=\/wp\/v2\/media\/10582"}],"wp:attachment":[{"href":"https:\/\/badnord.com\/index.php?rest_route=%2Fwp%2Fv2%2Fmedia&parent=5748"}],"curies":[{"name":"wp","href":"https:\/\/api.w.org\/{rel}","templated":true}]}}