{"id":3676,"date":"2018-01-03T17:20:24","date_gmt":"2018-01-03T15:20:24","guid":{"rendered":"http:\/\/badnord.com\/?page_id=3676"},"modified":"2018-01-03T17:20:24","modified_gmt":"2018-01-03T15:20:24","slug":"quest-ce-quun-officiel-technique","status":"publish","type":"page","link":"https:\/\/badnord.com\/?page_id=3676","title":{"rendered":"Qu&rsquo;est ce qu&rsquo;un officiel Technique ?"},"content":{"rendered":"<table class=\"blocFilet\" border=\"0\" width=\"100%\" cellspacing=\"0\" cellpadding=\"25\">\n<tbody>\n<tr>\n<td><b>L\u2019organisation sportive de la comp\u00e9tition de badminton sur les terrains est confi\u00e9e aux officiels techniques : Juges-Arbitres, arbitres, juges de lignes.<br \/>\n<\/b><br \/>\nIls sont garants du d\u00e9roulement normal du jeu en donnant \u00e0 celui-ci la s\u00e9curit\u00e9, la r\u00e9gularit\u00e9 et l\u2019\u00e9quit\u00e9 indispensables.<\/td>\n<\/tr>\n<\/tbody>\n<\/table>\n<p>&nbsp;<\/p>\n<table border=\"0\" width=\"100%\" cellspacing=\"0\" cellpadding=\"0\">\n<tbody>\n<tr>\n<td align=\"left\" valign=\"top\" width=\"45%\">\n<table border=\"0\" width=\"100%\" cellspacing=\"1\" cellpadding=\"6\" bgcolor=\"#eeeeee\">\n<tbody>\n<tr>\n<td align=\"center\" valign=\"middle\"><img decoding=\"async\" src=\"http:\/\/www.ffbad.org\/data\/Files\/Espaces_Dedies\/Arbitrage\/Juges%20Arbitre.JPG\" alt=\"\" width=\"220\" height=\"146\" \/><\/td>\n<\/tr>\n<\/tbody>\n<\/table>\n<\/td>\n<td width=\"5%\"><\/td>\n<td align=\"left\" valign=\"top\" width=\"50%\">\n<h3><\/h3>\n<\/td>\n<\/tr>\n<\/tbody>\n<\/table>\n<h3>Le<\/h3>\n<table border=\"0\" width=\"100%\" cellspacing=\"0\" cellpadding=\"0\">\n<tbody>\n<tr>\n<td align=\"left\" valign=\"top\" width=\"50%\">\n<h3>Juge-Arbitre<\/h3>\n<hr \/>\n<p>Il est responsable de la conduite des comp\u00e9titions f\u00e9d\u00e9rales, individuelles, par \u00e9quipes ou des tournois et de leur surveillance. Il \u00e9tablit les divers documents qui rendent compte de la comp\u00e9tition. Il homologue des r\u00e9sultats.<\/p>\n<p>Les Arbitres sont sous l\u2019autorit\u00e9 du Juge-Arbitre. Ils peuvent \u00eatre assist\u00e9s de juges de service et\/ou de juges de lignes.<\/td>\n<\/tr>\n<\/tbody>\n<\/table>\n<p>&nbsp;<\/p>\n<table border=\"0\" width=\"100%\" cellspacing=\"0\" cellpadding=\"0\">\n<tbody>\n<tr>\n<td align=\"left\" valign=\"top\" width=\"45%\">\n<table border=\"0\" width=\"100%\" cellspacing=\"1\" cellpadding=\"6\" bgcolor=\"#eeeeee\">\n<tbody>\n<tr>\n<td align=\"center\" valign=\"middle\"><img decoding=\"async\" src=\"http:\/\/www.ffbad.org\/data\/Files\/Espaces_Dedies\/Arbitrage\/arbitrage.jpg\" alt=\"\" width=\"140\" height=\"202\" \/><\/td>\n<\/tr>\n<\/tbody>\n<\/table>\n<\/td>\n<td width=\"5%\"><\/td>\n<td align=\"left\" valign=\"top\" width=\"50%\">\n<h3><\/h3>\n<\/td>\n<\/tr>\n<\/tbody>\n<\/table>\n<table border=\"0\" width=\"100%\" cellspacing=\"0\" cellpadding=\"0\">\n<tbody>\n<tr>\n<td align=\"left\" valign=\"top\" width=\"50%\">\n<h3>L&rsquo;Arbitre<\/h3>\n<hr \/>\n<p>Il est responsable du terrain et de son environnement imm\u00e9diat. La responsabilit\u00e9 de l\u2019arbitre prend effet d\u00e8s son entr\u00e9e sur le terrain avant le match et se poursuit jusqu\u2019\u00e0 ce qu\u2019il quitte le terrain apr\u00e8s le match.<br \/>\nL\u2019arbitre s\u2019assure de la conformit\u00e9 des \u00e9quipements et des tenues.<br \/>\nIl annonce le match, le dirige et annonce notamment le score et les fautes.<\/p>\n<p>L\u2019arbitre sanctionne les manquements aux r\u00e8gles du jeu.<\/td>\n<\/tr>\n<\/tbody>\n<\/table>\n<p>&nbsp;<\/p>\n<table border=\"0\" width=\"100%\" cellspacing=\"0\" cellpadding=\"0\">\n<tbody>\n<tr>\n<td align=\"left\" valign=\"top\" width=\"45%\">\n<table border=\"0\" width=\"100%\" cellspacing=\"1\" cellpadding=\"6\" bgcolor=\"#eeeeee\">\n<tbody>\n<tr>\n<td align=\"center\" valign=\"middle\"><img decoding=\"async\" src=\"http:\/\/www.ffbad.org\/data\/Files\/Espaces_Dedies\/Arbitrage\/JugedeLigne1.jpg\" alt=\"\" width=\"149\" height=\"215\" \/><\/td>\n<\/tr>\n<\/tbody>\n<\/table>\n<\/td>\n<td width=\"5%\"><\/td>\n<td align=\"left\" valign=\"top\" width=\"50%\">\n<h3><\/h3>\n<\/td>\n<\/tr>\n<\/tbody>\n<\/table>\n<h3>Le juge de lignes<\/h3>\n<table border=\"0\" width=\"100%\" cellspacing=\"0\" cellpadding=\"0\">\n<tbody>\n<tr>\n<td align=\"left\" valign=\"top\" width=\"50%\">\n<hr \/>\n<p>Il a une haute importance car le volant de badminton fuse rapidement. Sous l\u2019autorit\u00e9 directe de l\u2019arbitre, il d\u00e9termine la validit\u00e9 d\u2019un point en contr\u00f4lant une ou des lignes dont il est enti\u00e8rement responsable. Il annonce sa d\u00e9cision en l\u2019appuyant par un geste pr\u00e9cis.<\/td>\n<\/tr>\n<\/tbody>\n<\/table>\n<p>&nbsp;<\/p>\n<table class=\"bgParaphArticle\" border=\"0\" width=\"100%\" cellspacing=\"0\" cellpadding=\"10\">\n<tbody>\n<tr>\n<td colspan=\"2\" align=\"left\" valign=\"top\" width=\"50%\">Toutes ces fonctions d\u2019arbitrage sont importantes. Elles n\u00e9cessitent rigueur et convivialit\u00e9. Elles se cultivent par une formation adapt\u00e9e, une pratique r\u00e9guli\u00e8re et des mises \u00e0 niveau p\u00e9riodiques.<\/p>\n<p>Les arbitres et les juges-arbitres sont absolument indispensables aux clubs qui n\u2019en poss\u00e9deront jamais assez.<\/p>\n<p>Il est important \u00e9galement que les cadres et les joueurs, eux aussi, s\u2019impliquent dans l\u2019arbitrage.<\/p>\n<p>La connaissance des r\u00e8gles du jeu et des r\u00e8glements, des bons comportements, l\u2019initiation \u00e0 l\u2019arbitrage et au juge-arbitrage, font partie, dans les \u00e9coles de badminton et les clubs, de la formation initiale du joueur qui a tout int\u00e9r\u00eat \u00e0 conna\u00eetre les r\u00e8gles du sport dans lequel il a choisi d\u2019\u00e9voluer.<\/p>\n<p>Ceci aura pour cons\u00e9quence de faciliter les relations officiels techniques-dirigeants-enseignants-joueurs, vers plus de solidarit\u00e9 et de compr\u00e9hension mutuelle.<\/td>\n<\/tr>\n<\/tbody>\n<\/table>\n","protected":false},"excerpt":{"rendered":"<p>L\u2019organisation sportive de la comp\u00e9tition de badminton sur les terrains est confi\u00e9e aux officiels techniques : Juges-Arbitres, arbitres, juges de lignes. Ils sont garants du d\u00e9roulement normal du jeu en donnant \u00e0 celui-ci la s\u00e9curit\u00e9, la r\u00e9gularit\u00e9 et l\u2019\u00e9quit\u00e9 indispensables. &nbsp; Le Juge-Arbitre Il est responsable de la conduite des comp\u00e9titions f\u00e9d\u00e9rales, individuelles, par \u00e9quipes [&hellip;]<\/p>\n","protected":false},"author":2,"featured_media":0,"parent":0,"menu_order":0,"comment_status":"closed","ping_status":"closed","template":"","meta":{"site-sidebar-layout":"default","site-content-layout":"","ast-site-content-layout":"default","site-content-style":"default","site-sidebar-style":"default","ast-global-header-display":"","ast-banner-title-visibility":"","ast-main-header-display":"","ast-hfb-above-header-display":"","ast-hfb-below-header-display":"","ast-hfb-mobile-header-display":"","site-post-title":"","ast-breadcrumbs-content":"","ast-featured-img":"","footer-sml-layout":"","ast-disable-related-posts":"","theme-transparent-header-meta":"","adv-header-id-meta":"","stick-header-meta":"","header-above-stick-meta":"","header-main-stick-meta":"","header-below-stick-meta":"","astra-migrate-meta-layouts":"default","ast-page-background-enabled":"default","ast-page-background-meta":{"desktop":{"background-color":"var(--ast-global-color-4)","background-image":"","background-repeat":"repeat","background-position":"center center","background-size":"auto","background-attachment":"scroll","background-type":"","background-media":"","overlay-type":"","overlay-color":"","overlay-opacity":"","overlay-gradient":""},"tablet":{"background-color":"","background-image":"","background-repeat":"repeat","background-position":"center center","background-size":"auto","background-attachment":"scroll","background-type":"","background-media":"","overlay-type":"","overlay-color":"","overlay-opacity":"","overlay-gradient":""},"mobile":{"background-color":"","background-image":"","background-repeat":"repeat","background-position":"center center","background-size":"auto","background-attachment":"scroll","background-type":"","background-media":"","overlay-type":"","overlay-color":"","overlay-opacity":"","overlay-gradient":""}},"ast-content-background-meta":{"desktop":{"background-color":"var(--ast-global-color-5)","background-image":"","background-repeat":"repeat","background-position":"center center","background-size":"auto","background-attachment":"scroll","background-type":"","background-media":"","overlay-type":"","overlay-color":"","overlay-opacity":"","overlay-gradient":""},"tablet":{"background-color":"var(--ast-global-color-5)","background-image":"","background-repeat":"repeat","background-position":"center center","background-size":"auto","background-attachment":"scroll","background-type":"","background-media":"","overlay-type":"","overlay-color":"","overlay-opacity":"","overlay-gradient":""},"mobile":{"background-color":"var(--ast-global-color-5)","background-image":"","background-repeat":"repeat","background-position":"center center","background-size":"auto","background-attachment":"scroll","background-type":"","background-media":"","overlay-type":"","overlay-color":"","overlay-opacity":"","overlay-gradient":""}},"footnotes":""},"class_list":["post-3676","page","type-page","status-publish","hentry"],"_links":{"self":[{"href":"https:\/\/badnord.com\/index.php?rest_route=\/wp\/v2\/pages\/3676","targetHints":{"allow":["GET"]}}],"collection":[{"href":"https:\/\/badnord.com\/index.php?rest_route=\/wp\/v2\/pages"}],"about":[{"href":"https:\/\/badnord.com\/index.php?rest_route=\/wp\/v2\/types\/page"}],"author":[{"embeddable":true,"href":"https:\/\/badnord.com\/index.php?rest_route=\/wp\/v2\/users\/2"}],"replies":[{"embeddable":true,"href":"https:\/\/badnord.com\/index.php?rest_route=%2Fwp%2Fv2%2Fcomments&post=3676"}],"version-history":[{"count":1,"href":"https:\/\/badnord.com\/index.php?rest_route=\/wp\/v2\/pages\/3676\/revisions"}],"predecessor-version":[{"id":3677,"href":"https:\/\/badnord.com\/index.php?rest_route=\/wp\/v2\/pages\/3676\/revisions\/3677"}],"wp:attachment":[{"href":"https:\/\/badnord.com\/index.php?rest_route=%2Fwp%2Fv2%2Fmedia&parent=3676"}],"curies":[{"name":"wp","href":"https:\/\/api.w.org\/{rel}","templated":true}]}}