{"id":3664,"date":"2018-01-03T16:53:17","date_gmt":"2018-01-03T14:53:17","guid":{"rendered":"http:\/\/badnord.com\/?page_id=3664"},"modified":"2024-11-07T13:28:09","modified_gmt":"2024-11-07T11:28:09","slug":"base-documentaire-ot","status":"publish","type":"page","link":"https:\/\/badnord.com\/?page_id=3664","title":{"rendered":"Base documentaire (OT)"},"content":{"rendered":"\t\t<div data-elementor-type=\"wp-page\" data-elementor-id=\"3664\" class=\"elementor elementor-3664\" data-elementor-post-type=\"page\">\n\t\t\t\t\t\t<section class=\"elementor-section elementor-top-section elementor-element elementor-element-44e63183 elementor-section-boxed elementor-section-height-default elementor-section-height-default\" data-id=\"44e63183\" data-element_type=\"section\" data-e-type=\"section\">\n\t\t\t\t\t\t<div class=\"elementor-container elementor-column-gap-default\">\n\t\t\t\t\t<div class=\"elementor-column elementor-col-100 elementor-top-column elementor-element elementor-element-2b914e47\" data-id=\"2b914e47\" data-element_type=\"column\" data-e-type=\"column\">\n\t\t\t<div class=\"elementor-widget-wrap elementor-element-populated\">\n\t\t\t\t\t\t<div class=\"elementor-element elementor-element-a9e6a0f elementor-widget elementor-widget-text-editor\" data-id=\"a9e6a0f\" data-element_type=\"widget\" data-e-type=\"widget\" data-widget_type=\"text-editor.default\">\n\t\t\t\t<div class=\"elementor-widget-container\">\n\t\t\t\t\t\t\t\t\t<p>LES ACTEURS<\/p><ul><li>Juges-Arbitres <\/li><li class=\"niv1 e000\">Arbitres<\/li><\/ul><hr \/><p>POUR LES ARBITRES<\/p><ul><li>Rapport journalier d&rsquo;arbitrage (\u00e0 transmettre apr\u00e8s chaque intervention)<\/li><li>Feuille activit\u00e9 arbitres<\/li><li>Charte arbitre<\/li><li>Code \u00e9thique<\/li><li>Fiche \u00e9valuation arbitres<\/li><li>Feuille de score<\/li><li>Rapport arbitrage \u00e9tranger<\/li><\/ul><hr \/><p>POUR LES JUGES ARBITRES<\/p><ul><li>Rapport du juge Arbitre(\u00e0 transmettre apr\u00e8s chaque intervention)<\/li><li>Feuille activit\u00e9 JA<\/li><li>Charte JA<\/li><li>Code \u00e9thique<\/li><li>Notification de disqualification<\/li><li>Notification de faute<\/li><li>Liste des volants<\/li><\/ul><hr \/><ul><li>Modalit\u00e9 de remboursement de Frais<\/li><li><a href=\"https:\/\/www.dropbox.com\/scl\/fi\/nrypjj5fusewlyimhxvsb\/Demande-indemnit-OT.pdf?rlkey=j65bbp11brtvqddb8ff43li41&amp;dl=0\" target=\"_blank\" rel=\"noopener\">Formulaire de demande d&rsquo;indemnit\u00e9 OT<\/a><\/li><li><a href=\"https:\/\/www.dropbox.com\/s\/ibjwq2pn25px4ui\/titre_dons_organisme_interet_general.pdf?dl=0\" target=\"_blank\" rel=\"noopener noreferrer\">Re\u00e7u au titre des dons \u00e0 certains organismes d\u2019int\u00e9r\u00eat g\u00e9n\u00e9ral<\/a><\/li><\/ul><hr \/><ul><li><a href=\"http:\/\/www.ffbad.org\/data\/Files\/Espaces_Dedies\/Arbitrage\/VScfot_2107_R%C3%A8gles%20officielles%20du%20badminton%20version%202021-06-08.pdf\" target=\"_blank\" rel=\"noopener\"><span class=\"lienSpec\">Les r\u00e8gles officielles<\/span><\/a><br \/>Ce document contient <b>les r\u00e8gles officielles du badminton<\/b>, les <b>annexes<\/b> et les <b>recommandations aux officiels techniques<\/b>.<\/li><\/ul>\t\t\t\t\t\t\t\t<\/div>\n\t\t\t\t<\/div>\n\t\t\t\t\t<\/div>\n\t\t<\/div>\n\t\t\t\t\t<\/div>\n\t\t<\/section>\n\t\t\t\t<\/div>\n\t\t","protected":false},"excerpt":{"rendered":"<p>LES ACTEURS Juges-Arbitres Arbitres POUR LES ARBITRES Rapport journalier d&rsquo;arbitrage (\u00e0 transmettre apr\u00e8s chaque intervention) Feuille activit\u00e9 arbitres Charte arbitre Code \u00e9thique Fiche \u00e9valuation arbitres Feuille de score Rapport arbitrage \u00e9tranger POUR LES JUGES ARBITRES Rapport du juge Arbitre(\u00e0 transmettre apr\u00e8s chaque intervention) Feuille activit\u00e9 JA Charte JA Code \u00e9thique Notification de disqualification Notification de [&hellip;]<\/p>\n","protected":false},"author":2,"featured_media":0,"parent":0,"menu_order":0,"comment_status":"closed","ping_status":"closed","template":"","meta":{"site-sidebar-layout":"default","site-content-layout":"","ast-site-content-layout":"default","site-content-style":"default","site-sidebar-style":"default","ast-global-header-display":"","ast-banner-title-visibility":"","ast-main-header-display":"","ast-hfb-above-header-display":"","ast-hfb-below-header-display":"","ast-hfb-mobile-header-display":"","site-post-title":"","ast-breadcrumbs-content":"","ast-featured-img":"","footer-sml-layout":"","ast-disable-related-posts":"","theme-transparent-header-meta":"","adv-header-id-meta":"","stick-header-meta":"","header-above-stick-meta":"","header-main-stick-meta":"","header-below-stick-meta":"","astra-migrate-meta-layouts":"default","ast-page-background-enabled":"default","ast-page-background-meta":{"desktop":{"background-color":"var(--ast-global-color-4)","background-image":"","background-repeat":"repeat","background-position":"center center","background-size":"auto","background-attachment":"scroll","background-type":"","background-media":"","overlay-type":"","overlay-color":"","overlay-opacity":"","overlay-gradient":""},"tablet":{"background-color":"","background-image":"","background-repeat":"repeat","background-position":"center center","background-size":"auto","background-attachment":"scroll","background-type":"","background-media":"","overlay-type":"","overlay-color":"","overlay-opacity":"","overlay-gradient":""},"mobile":{"background-color":"","background-image":"","background-repeat":"repeat","background-position":"center center","background-size":"auto","background-attachment":"scroll","background-type":"","background-media":"","overlay-type":"","overlay-color":"","overlay-opacity":"","overlay-gradient":""}},"ast-content-background-meta":{"desktop":{"background-color":"var(--ast-global-color-5)","background-image":"","background-repeat":"repeat","background-position":"center center","background-size":"auto","background-attachment":"scroll","background-type":"","background-media":"","overlay-type":"","overlay-color":"","overlay-opacity":"","overlay-gradient":""},"tablet":{"background-color":"var(--ast-global-color-5)","background-image":"","background-repeat":"repeat","background-position":"center center","background-size":"auto","background-attachment":"scroll","background-type":"","background-media":"","overlay-type":"","overlay-color":"","overlay-opacity":"","overlay-gradient":""},"mobile":{"background-color":"var(--ast-global-color-5)","background-image":"","background-repeat":"repeat","background-position":"center center","background-size":"auto","background-attachment":"scroll","background-type":"","background-media":"","overlay-type":"","overlay-color":"","overlay-opacity":"","overlay-gradient":""}},"footnotes":""},"class_list":["post-3664","page","type-page","status-publish","hentry"],"_links":{"self":[{"href":"https:\/\/badnord.com\/index.php?rest_route=\/wp\/v2\/pages\/3664","targetHints":{"allow":["GET"]}}],"collection":[{"href":"https:\/\/badnord.com\/index.php?rest_route=\/wp\/v2\/pages"}],"about":[{"href":"https:\/\/badnord.com\/index.php?rest_route=\/wp\/v2\/types\/page"}],"author":[{"embeddable":true,"href":"https:\/\/badnord.com\/index.php?rest_route=\/wp\/v2\/users\/2"}],"replies":[{"embeddable":true,"href":"https:\/\/badnord.com\/index.php?rest_route=%2Fwp%2Fv2%2Fcomments&post=3664"}],"version-history":[{"count":14,"href":"https:\/\/badnord.com\/index.php?rest_route=\/wp\/v2\/pages\/3664\/revisions"}],"predecessor-version":[{"id":15758,"href":"https:\/\/badnord.com\/index.php?rest_route=\/wp\/v2\/pages\/3664\/revisions\/15758"}],"wp:attachment":[{"href":"https:\/\/badnord.com\/index.php?rest_route=%2Fwp%2Fv2%2Fmedia&parent=3664"}],"curies":[{"name":"wp","href":"https:\/\/api.w.org\/{rel}","templated":true}]}}