{"id":2609,"date":"2017-08-30T11:39:51","date_gmt":"2017-08-30T09:39:51","guid":{"rendered":"http:\/\/badnord.com\/?page_id=2609"},"modified":"2025-08-25T14:04:52","modified_gmt":"2025-08-25T12:04:52","slug":"formation","status":"publish","type":"page","link":"https:\/\/badnord.com\/?page_id=2609","title":{"rendered":"Formations Nationales"},"content":{"rendered":"\t\t<div data-elementor-type=\"wp-page\" data-elementor-id=\"2609\" class=\"elementor elementor-2609\" data-elementor-post-type=\"page\">\n\t\t\t\t\t\t<section class=\"elementor-section elementor-top-section elementor-element elementor-element-eb2da14 elementor-section-boxed elementor-section-height-default elementor-section-height-default\" data-id=\"eb2da14\" data-element_type=\"section\" data-e-type=\"section\">\n\t\t\t\t\t\t<div class=\"elementor-container elementor-column-gap-default\">\n\t\t\t\t\t<div class=\"elementor-column elementor-col-100 elementor-top-column elementor-element elementor-element-59203f9\" data-id=\"59203f9\" data-element_type=\"column\" data-e-type=\"column\">\n\t\t\t<div class=\"elementor-widget-wrap elementor-element-populated\">\n\t\t\t\t\t\t<div class=\"elementor-element elementor-element-db74c0d elementor-widget elementor-widget-heading\" data-id=\"db74c0d\" data-element_type=\"widget\" data-e-type=\"widget\" data-widget_type=\"heading.default\">\n\t\t\t\t<div class=\"elementor-widget-container\">\n\t\t\t\t\t<h3 class=\"elementor-heading-title elementor-size-default\">Formations Nationales<\/h3>\t\t\t\t<\/div>\n\t\t\t\t<\/div>\n\t\t\t\t\t<\/div>\n\t\t<\/div>\n\t\t\t\t\t<\/div>\n\t\t<\/section>\n\t\t\t\t<section class=\"elementor-section elementor-top-section elementor-element elementor-element-2730561 elementor-section-boxed elementor-section-height-default elementor-section-height-default\" data-id=\"2730561\" data-element_type=\"section\" data-e-type=\"section\">\n\t\t\t\t\t\t<div class=\"elementor-container elementor-column-gap-default\">\n\t\t\t\t\t<div class=\"elementor-column elementor-col-66 elementor-top-column elementor-element elementor-element-d054a52\" data-id=\"d054a52\" data-element_type=\"column\" data-e-type=\"column\">\n\t\t\t<div class=\"elementor-widget-wrap elementor-element-populated\">\n\t\t\t\t\t\t<div class=\"elementor-element elementor-element-ccf9e08 elementor-widget elementor-widget-text-editor\" data-id=\"ccf9e08\" data-element_type=\"widget\" data-e-type=\"widget\" data-widget_type=\"text-editor.default\">\n\t\t\t\t<div class=\"elementor-widget-container\">\n\t\t\t\t\t\t\t\t\t<h5 class=\"__className_2b1d90\"><strong>Catalogue de formations<\/strong><\/h5><p>D\u00e9couvrez le catalogue de formations de la FFBaD pour am\u00e9liorer vos comp\u00e9tences en tant qu&rsquo;encadrant, officiel technique, ou encore formateur. Avec une gamme de programmes de formation de qualit\u00e9, vous pourrez d\u00e9velopper votre engagement pour le badminton aupr\u00e8s de professionnels sp\u00e9cialis\u00e9s du badminton.<br \/><br \/>&gt; <a href=\"https:\/\/www.ffbad.org\/seformer-catalogue-de-formations\" target=\"_blank\" rel=\"noopener\">Lien d&rsquo;acc\u00e8s au catalogue<\/a><\/p>\t\t\t\t\t\t\t\t<\/div>\n\t\t\t\t<\/div>\n\t\t\t\t\t<\/div>\n\t\t<\/div>\n\t\t\t\t<div class=\"elementor-column elementor-col-33 elementor-top-column elementor-element elementor-element-7ae3b5a\" data-id=\"7ae3b5a\" data-element_type=\"column\" data-e-type=\"column\">\n\t\t\t<div class=\"elementor-widget-wrap elementor-element-populated\">\n\t\t\t\t\t\t<div class=\"elementor-element elementor-element-7c696c3 elementor-widget elementor-widget-image\" data-id=\"7c696c3\" data-element_type=\"widget\" data-e-type=\"widget\" data-widget_type=\"image.default\">\n\t\t\t\t<div class=\"elementor-widget-container\">\n\t\t\t\t\t\t\t\t\t\t\t\t\t\t\t<img decoding=\"async\" width=\"150\" height=\"150\" src=\"https:\/\/badnord.com\/wp-content\/uploads\/2024\/05\/formaBad-150x150.jpg\" class=\"attachment-thumbnail size-thumbnail wp-image-12992\" alt=\"\" srcset=\"https:\/\/badnord.com\/wp-content\/uploads\/2024\/05\/formaBad-150x150.jpg 150w, https:\/\/badnord.com\/wp-content\/uploads\/2024\/05\/formaBad-768x768.jpg 768w, https:\/\/badnord.com\/wp-content\/uploads\/2024\/05\/formaBad.jpg 900w\" sizes=\"(max-width: 150px) 100vw, 150px\" \/>\t\t\t\t\t\t\t\t\t\t\t\t\t\t\t<\/div>\n\t\t\t\t<\/div>\n\t\t\t\t\t<\/div>\n\t\t<\/div>\n\t\t\t\t\t<\/div>\n\t\t<\/section>\n\t\t\t\t<\/div>\n\t\t","protected":false},"excerpt":{"rendered":"<p>Formations Nationales Catalogue de formations D\u00e9couvrez le catalogue de formations de la FFBaD pour am\u00e9liorer vos comp\u00e9tences en tant qu&rsquo;encadrant, officiel technique, ou encore formateur. Avec une gamme de programmes de formation de qualit\u00e9, vous pourrez d\u00e9velopper votre engagement pour le badminton aupr\u00e8s de professionnels sp\u00e9cialis\u00e9s du badminton. &gt; Lien d&rsquo;acc\u00e8s au catalogue<\/p>\n","protected":false},"author":2,"featured_media":0,"parent":0,"menu_order":0,"comment_status":"closed","ping_status":"closed","template":"","meta":{"site-sidebar-layout":"default","site-content-layout":"","ast-site-content-layout":"default","site-content-style":"default","site-sidebar-style":"default","ast-global-header-display":"","ast-banner-title-visibility":"","ast-main-header-display":"","ast-hfb-above-header-display":"","ast-hfb-below-header-display":"","ast-hfb-mobile-header-display":"","site-post-title":"disabled","ast-breadcrumbs-content":"","ast-featured-img":"","footer-sml-layout":"","ast-disable-related-posts":"","theme-transparent-header-meta":"","adv-header-id-meta":"","stick-header-meta":"","header-above-stick-meta":"","header-main-stick-meta":"","header-below-stick-meta":"","astra-migrate-meta-layouts":"set","ast-page-background-enabled":"default","ast-page-background-meta":{"desktop":{"background-color":"var(--ast-global-color-4)","background-image":"","background-repeat":"repeat","background-position":"center center","background-size":"auto","background-attachment":"scroll","background-type":"","background-media":"","overlay-type":"","overlay-color":"","overlay-opacity":"","overlay-gradient":""},"tablet":{"background-color":"","background-image":"","background-repeat":"repeat","background-position":"center center","background-size":"auto","background-attachment":"scroll","background-type":"","background-media":"","overlay-type":"","overlay-color":"","overlay-opacity":"","overlay-gradient":""},"mobile":{"background-color":"","background-image":"","background-repeat":"repeat","background-position":"center center","background-size":"auto","background-attachment":"scroll","background-type":"","background-media":"","overlay-type":"","overlay-color":"","overlay-opacity":"","overlay-gradient":""}},"ast-content-background-meta":{"desktop":{"background-color":"var(--ast-global-color-5)","background-image":"","background-repeat":"repeat","background-position":"center center","background-size":"auto","background-attachment":"scroll","background-type":"","background-media":"","overlay-type":"","overlay-color":"","overlay-opacity":"","overlay-gradient":""},"tablet":{"background-color":"var(--ast-global-color-5)","background-image":"","background-repeat":"repeat","background-position":"center center","background-size":"auto","background-attachment":"scroll","background-type":"","background-media":"","overlay-type":"","overlay-color":"","overlay-opacity":"","overlay-gradient":""},"mobile":{"background-color":"var(--ast-global-color-5)","background-image":"","background-repeat":"repeat","background-position":"center center","background-size":"auto","background-attachment":"scroll","background-type":"","background-media":"","overlay-type":"","overlay-color":"","overlay-opacity":"","overlay-gradient":""}},"footnotes":""},"class_list":["post-2609","page","type-page","status-publish","hentry"],"_links":{"self":[{"href":"https:\/\/badnord.com\/index.php?rest_route=\/wp\/v2\/pages\/2609","targetHints":{"allow":["GET"]}}],"collection":[{"href":"https:\/\/badnord.com\/index.php?rest_route=\/wp\/v2\/pages"}],"about":[{"href":"https:\/\/badnord.com\/index.php?rest_route=\/wp\/v2\/types\/page"}],"author":[{"embeddable":true,"href":"https:\/\/badnord.com\/index.php?rest_route=\/wp\/v2\/users\/2"}],"replies":[{"embeddable":true,"href":"https:\/\/badnord.com\/index.php?rest_route=%2Fwp%2Fv2%2Fcomments&post=2609"}],"version-history":[{"count":63,"href":"https:\/\/badnord.com\/index.php?rest_route=\/wp\/v2\/pages\/2609\/revisions"}],"predecessor-version":[{"id":18095,"href":"https:\/\/badnord.com\/index.php?rest_route=\/wp\/v2\/pages\/2609\/revisions\/18095"}],"wp:attachment":[{"href":"https:\/\/badnord.com\/index.php?rest_route=%2Fwp%2Fv2%2Fmedia&parent=2609"}],"curies":[{"name":"wp","href":"https:\/\/api.w.org\/{rel}","templated":true}]}}