{"id":255,"date":"2015-05-29T20:05:16","date_gmt":"2015-05-29T18:05:16","guid":{"rendered":"http:\/\/badnord.com\/?page_id=255"},"modified":"2026-04-21T11:56:10","modified_gmt":"2026-04-21T09:56:10","slug":"championnat-interclubs-veterans","status":"publish","type":"page","link":"https:\/\/badnord.com\/?page_id=255","title":{"rendered":"Championnat D\u00e9partemental Interclubs V\u00c9T\u00c9RAN"},"content":{"rendered":"\t\t<div data-elementor-type=\"wp-page\" data-elementor-id=\"255\" class=\"elementor elementor-255\" data-elementor-post-type=\"page\">\n\t\t\t\t\t\t<section class=\"elementor-section elementor-top-section elementor-element elementor-element-a8f63c9 elementor-section-boxed elementor-section-height-default elementor-section-height-default\" data-id=\"a8f63c9\" data-element_type=\"section\" data-e-type=\"section\">\n\t\t\t\t\t\t<div class=\"elementor-container elementor-column-gap-default\">\n\t\t\t\t\t<div class=\"elementor-column elementor-col-100 elementor-top-column elementor-element elementor-element-5e83d3e6\" data-id=\"5e83d3e6\" data-element_type=\"column\" data-e-type=\"column\">\n\t\t\t<div class=\"elementor-widget-wrap elementor-element-populated\">\n\t\t\t\t\t\t<div class=\"elementor-element elementor-element-a80b1bd elementor-widget elementor-widget-text-editor\" data-id=\"a80b1bd\" data-element_type=\"widget\" data-e-type=\"widget\" data-widget_type=\"text-editor.default\">\n\t\t\t\t<div class=\"elementor-widget-container\">\n\t\t\t\t\t\t\t\t\t<p>\u00a0<\/p>\n<ul>\n<li><a href=\"https:\/\/www.dropbox.com\/scl\/fi\/vj5ey342n4pfrrsme9oep\/Reglement-officiel-CHAMPIONNATS-DEPARTEMENTAUX-INTERCLUBS-VETERANS-saison-2025_2026.pdf?rlkey=18lpiq2n1s1m0xmywwez19bgq&amp;dl=0\" target=\"_blank\" rel=\"noopener\">R\u00e8glement du Championnat D\u00e9partemental Interclubs v\u00e9t\u00e9ran Mixte &#8211; Saison 2025\/2026<\/a><\/li>\n<\/ul>\n<ul>\n<li style=\"list-style-type: none;\">\n<ul>\n<li><a href=\"https:\/\/badnet.fr\/connexion\" target=\"_blank\" rel=\"noopener\">Inscription des \u00e9quipes c &lsquo;est ICI<\/a><\/li>\n<li><a href=\"https:\/\/www.dropbox.com\/scl\/fi\/szi1lo9n73fsxb89ivscw\/Tuto_inscrire_une_equipe_en_IC.pdf?rlkey=g6fmeva75vzlx4z9uwednef2a&amp;dl=0\" target=\"_blank\" rel=\"noopener\">Tuto \u00ab comment inscrire une \u00e9quipe en Interclubs ? \u00bb<\/a><\/li>\n<li><a href=\"https:\/\/forms.office.com\/r\/X7rnLP26Pv\" target=\"_blank\" rel=\"noopener\">Formulaire de renseignements des \u00e9quipes<\/a><\/li>\n<\/ul>\n<\/li>\n<\/ul>\n<p><!-- \/wp:list-item --><!-- wp:list-item --><\/p>\n<ul>\n<li style=\"list-style-type: none;\">\n<ul>\n<li><a href=\"https:\/\/www.dropbox.com\/scl\/fi\/uyf7l1tjejnskwczf3p1r\/Composition-des-divisions-25-26-VETERANS.pdf?rlkey=d184qoi37lgpf4n2koz92e0re&amp;dl=0\">Composition des divisions\u00a0<\/a><\/li>\n<\/ul>\n<\/li>\n<\/ul>\n<p><!-- \/wp:list-item --><\/p>\n<p><!-- \/wp:list --><!-- wp:list --><\/p>\n<ul>\n<li style=\"list-style-type: none;\">\n<ul><!-- wp:list-item --><\/ul>\n<\/li>\n<\/ul>\n<ul>\n<li style=\"list-style-type: none;\">\n<ul>\n<li><a href=\"https:\/\/www.dropbox.com\/scl\/fi\/7stdmn6si5kkl82ddascv\/CALENDRIER-6-PERIODES-VETERANS-2025-2026.pdf?rlkey=c6nxpybryct0c1d8c1kaiidu6&amp;dl=0\">Calendrier des six p\u00e9riodes <\/a><\/li>\n<li><a href=\"https:\/\/www.dropbox.com\/scl\/fi\/eworoz8g6836ws2n898ar\/Calendrier-V-t-rans-Div-1.pdf?rlkey=ejamewdu49l0vk2aa4r2jg3jb&amp;dl=0\">Calendrier\u00a0 &#8211; Division\u00a0 1\u00a0 :\u00a0<\/a> 6 journ\u00e9es\u00a0<\/li>\n<li><a href=\"https:\/\/www.dropbox.com\/scl\/fi\/ncnnszgombcxr70wpxult\/Calendrier-V-t-rans-Div-2.pdf?rlkey=0qny77cj93xlbzoy3j4mamno5&amp;dl=0\">Calendrier\u00a0 &#8211; Division 2\u00a0<\/a> :\u00a0 7 journ\u00e9es\u00a0<\/li>\n<li><a href=\"https:\/\/www.dropbox.com\/scl\/fi\/mpzhh0nzn5ukk3vwo6pt7\/Calendrier-V-t-rans-Div-3.pdf?rlkey=0zlda31eidghhm4fpzlra0dmz&amp;dl=0\">Calendrier\u00a0 &#8211; Division\u00a0 3<\/a> :\u00a0 7 journ\u00e9es\u00a0<\/li>\n<li><a href=\"https:\/\/www.dropbox.com\/scl\/fi\/59gr8b4mw5pe5jwf61lxd\/Calendrier-V-t-rans-Div-4.pdf?rlkey=j8dt06ki0vck0xdy0kzkd48ga&amp;dl=0\">Calendrier\u00a0 &#8211; Division 4<\/a> :\u00a0 7 journ\u00e9es\u00a0<\/li>\n<\/ul>\n<\/li>\n<\/ul>\n<ul>\n<li><a href=\"https:\/\/www.dropbox.com\/scl\/fi\/hh0mcb7rytcsehcwnlq4l\/liste-des-capitaines.pdf?rlkey=rv3cyoc2zjoru78ed4yglffcu&amp;dl=0\">Coordonn\u00e9es des capitaines <\/a><img decoding=\"async\" class=\"emoji\" role=\"img\" draggable=\"false\" src=\"https:\/\/s.w.org\/images\/core\/emoji\/15.0.3\/svg\/1f6a8.svg\" alt=\"\ud83d\udea8\" \/><\/li>\n<li><a href=\"https:\/\/www.dropbox.com\/scl\/fi\/ro0dhg73v2jll2ugq7oz7\/Coordonn-es-des-salles.pdf?rlkey=5441be2xtnspnfl4kgg48g9eg&amp;dl=0\" target=\"_blank\" rel=\"noopener\">Coordonn\u00e9es des salles et \u00e9quipements sportifs<\/a> <img decoding=\"async\" class=\"emoji\" role=\"img\" draggable=\"false\" src=\"https:\/\/s.w.org\/images\/core\/emoji\/15.0.3\/svg\/1f6a8.svg\" alt=\"\ud83d\udea8\" \/><\/li>\n<\/ul>\n<p><img decoding=\"async\" class=\"emoji\" role=\"img\" draggable=\"false\" src=\"https:\/\/s.w.org\/images\/core\/emoji\/15.0.3\/svg\/1f449.svg\" alt=\"\ud83d\udc49\" \/><a href=\"https:\/\/www.dropbox.com\/request\/Tcw1iE2okk7nzQKj2WHT\" target=\"_blank\" rel=\"noopener\">Lien pour le transfert des feuilles de rencontre sign\u00e9es par les joueurs pr\u00e9sents\u00a0 (<strong>obligatoire<\/strong>)<\/a><img decoding=\"async\" class=\"emoji\" role=\"img\" draggable=\"false\" src=\"https:\/\/s.w.org\/images\/core\/emoji\/15.0.3\/svg\/1f6a8.svg\" alt=\"\ud83d\udea8\" \/><\/p>\n<p><!-- \/wp:list-item --><\/p>\n<p><!-- \/wp:list --><!-- wp:paragraph --><\/p>\n<p><!-- \/wp:paragraph --><!-- wp:list --><\/p>\n<ul>\n<li style=\"list-style-type: none;\">\n<ul><!-- wp:list-item --><\/ul>\n<\/li>\n<li><a href=\"https:\/\/www.dropbox.com\/scl\/fi\/zc1k16qvowhz8sgici6ox\/Feuille-de-route-club-accueillant-IC-VETERANS.pdf?rlkey=yfl5ib58036rsb9uqm6gdpj0m&amp;dl=0\">Feuille de Route \u00e0 destination des organisateurs et clubs accueillants<\/a>\n<ul>\n<li style=\"list-style-type: none;\">\u00a0<\/li>\n<li><a href=\"https:\/\/www.dropbox.com\/scl\/fi\/9lh0rzi7by28zto3rs4uw\/Feuille-de-rencontre-vierge.pdf?rlkey=gk3oa1r4nd6cpnim875ttwg6m&amp;dl=0\" target=\"_blank\" rel=\"noopener\">Feuille de rencontre<\/a> (vierge)<\/li>\n<\/ul>\n<\/li>\n<\/ul>\n<p><!-- \/wp:list-item --><\/p>\n<p><!-- \/wp:list --><!-- wp:list --><\/p>\n<ul>\n<li style=\"list-style-type: none;\">\n<ul><!-- wp:list-item --><\/ul>\n<\/li>\n<\/ul>\n<ul>\n<li style=\"list-style-type: none;\">\n<ul>\n<li><a href=\"https:\/\/www.dropbox.com\/scl\/fi\/da61q2f2l7a1r0mobjwmi\/SANCTION-2025-2026.pdf?rlkey=7he3bjb3rdq5actkwierlxfeo&amp;dl=0\">Anomalie et sanctions\u00a0<\/a><\/li>\n<\/ul>\n<\/li>\n<\/ul>\n<hr \/>\t\t\t\t\t\t\t\t<\/div>\n\t\t\t\t<\/div>\n\t\t\t\t\t<\/div>\n\t\t<\/div>\n\t\t\t\t\t<\/div>\n\t\t<\/section>\n\t\t\t\t<\/div>\n\t\t","protected":false},"excerpt":{"rendered":"<p>\u00a0 R\u00e8glement du Championnat D\u00e9partemental Interclubs v\u00e9t\u00e9ran Mixte &#8211; Saison 2025\/2026 Inscription des \u00e9quipes c &lsquo;est ICI Tuto \u00ab comment inscrire une \u00e9quipe en Interclubs ? \u00bb Formulaire de renseignements des \u00e9quipes Composition des divisions\u00a0 Calendrier des six p\u00e9riodes Calendrier\u00a0 &#8211; Division\u00a0 1\u00a0 :\u00a0 6 journ\u00e9es\u00a0 Calendrier\u00a0 &#8211; Division 2\u00a0 :\u00a0 7 journ\u00e9es\u00a0 Calendrier\u00a0 &#8211; [&hellip;]<\/p>\n","protected":false},"author":1,"featured_media":0,"parent":0,"menu_order":0,"comment_status":"closed","ping_status":"closed","template":"","meta":{"site-sidebar-layout":"default","site-content-layout":"","ast-site-content-layout":"default","site-content-style":"default","site-sidebar-style":"default","ast-global-header-display":"","ast-banner-title-visibility":"","ast-main-header-display":"","ast-hfb-above-header-display":"","ast-hfb-below-header-display":"","ast-hfb-mobile-header-display":"","site-post-title":"","ast-breadcrumbs-content":"","ast-featured-img":"","footer-sml-layout":"","ast-disable-related-posts":"","theme-transparent-header-meta":"","adv-header-id-meta":"","stick-header-meta":"","header-above-stick-meta":"","header-main-stick-meta":"","header-below-stick-meta":"","astra-migrate-meta-layouts":"default","ast-page-background-enabled":"default","ast-page-background-meta":{"desktop":{"background-color":"var(--ast-global-color-4)","background-image":"","background-repeat":"repeat","background-position":"center center","background-size":"auto","background-attachment":"scroll","background-type":"","background-media":"","overlay-type":"","overlay-color":"","overlay-opacity":"","overlay-gradient":""},"tablet":{"background-color":"","background-image":"","background-repeat":"repeat","background-position":"center center","background-size":"auto","background-attachment":"scroll","background-type":"","background-media":"","overlay-type":"","overlay-color":"","overlay-opacity":"","overlay-gradient":""},"mobile":{"background-color":"","background-image":"","background-repeat":"repeat","background-position":"center center","background-size":"auto","background-attachment":"scroll","background-type":"","background-media":"","overlay-type":"","overlay-color":"","overlay-opacity":"","overlay-gradient":""}},"ast-content-background-meta":{"desktop":{"background-color":"var(--ast-global-color-5)","background-image":"","background-repeat":"repeat","background-position":"center center","background-size":"auto","background-attachment":"scroll","background-type":"","background-media":"","overlay-type":"","overlay-color":"","overlay-opacity":"","overlay-gradient":""},"tablet":{"background-color":"var(--ast-global-color-5)","background-image":"","background-repeat":"repeat","background-position":"center center","background-size":"auto","background-attachment":"scroll","background-type":"","background-media":"","overlay-type":"","overlay-color":"","overlay-opacity":"","overlay-gradient":""},"mobile":{"background-color":"var(--ast-global-color-5)","background-image":"","background-repeat":"repeat","background-position":"center center","background-size":"auto","background-attachment":"scroll","background-type":"","background-media":"","overlay-type":"","overlay-color":"","overlay-opacity":"","overlay-gradient":""}},"footnotes":""},"class_list":["post-255","page","type-page","status-publish","hentry"],"_links":{"self":[{"href":"https:\/\/badnord.com\/index.php?rest_route=\/wp\/v2\/pages\/255","targetHints":{"allow":["GET"]}}],"collection":[{"href":"https:\/\/badnord.com\/index.php?rest_route=\/wp\/v2\/pages"}],"about":[{"href":"https:\/\/badnord.com\/index.php?rest_route=\/wp\/v2\/types\/page"}],"author":[{"embeddable":true,"href":"https:\/\/badnord.com\/index.php?rest_route=\/wp\/v2\/users\/1"}],"replies":[{"embeddable":true,"href":"https:\/\/badnord.com\/index.php?rest_route=%2Fwp%2Fv2%2Fcomments&post=255"}],"version-history":[{"count":145,"href":"https:\/\/badnord.com\/index.php?rest_route=\/wp\/v2\/pages\/255\/revisions"}],"predecessor-version":[{"id":19780,"href":"https:\/\/badnord.com\/index.php?rest_route=\/wp\/v2\/pages\/255\/revisions\/19780"}],"wp:attachment":[{"href":"https:\/\/badnord.com\/index.php?rest_route=%2Fwp%2Fv2%2Fmedia&parent=255"}],"curies":[{"name":"wp","href":"https:\/\/api.w.org\/{rel}","templated":true}]}}