{"id":19370,"date":"2026-01-21T14:44:59","date_gmt":"2026-01-21T12:44:59","guid":{"rendered":"https:\/\/badnord.com\/?page_id=19370"},"modified":"2026-04-07T14:15:32","modified_gmt":"2026-04-07T12:15:32","slug":"palmares-adultes-2","status":"publish","type":"page","link":"https:\/\/badnord.com\/?page_id=19370","title":{"rendered":"Palmar\u00e8s adultes"},"content":{"rendered":"\t\t<div data-elementor-type=\"wp-page\" data-elementor-id=\"19370\" class=\"elementor elementor-19370\" data-elementor-post-type=\"page\">\n\t\t\t\t\t\t<section class=\"elementor-section elementor-top-section elementor-element elementor-element-602b808 elementor-section-boxed elementor-section-height-default elementor-section-height-default\" data-id=\"602b808\" data-element_type=\"section\" data-e-type=\"section\">\n\t\t\t\t\t\t<div class=\"elementor-container elementor-column-gap-default\">\n\t\t\t\t\t<div class=\"elementor-column elementor-col-33 elementor-top-column elementor-element elementor-element-103ebd1\" data-id=\"103ebd1\" data-element_type=\"column\" data-e-type=\"column\">\n\t\t\t<div class=\"elementor-widget-wrap elementor-element-populated\">\n\t\t\t\t\t\t\t<\/div>\n\t\t<\/div>\n\t\t\t\t<div class=\"elementor-column elementor-col-33 elementor-top-column elementor-element elementor-element-ea23522\" data-id=\"ea23522\" data-element_type=\"column\" data-e-type=\"column\">\n\t\t\t<div class=\"elementor-widget-wrap elementor-element-populated\">\n\t\t\t\t\t\t<div class=\"elementor-element elementor-element-724005b elementor-widget__width-initial elementor-widget elementor-widget-video\" data-id=\"724005b\" data-element_type=\"widget\" data-e-type=\"widget\" data-settings=\"{&quot;video_type&quot;:&quot;hosted&quot;,&quot;autoplay&quot;:&quot;yes&quot;,&quot;play_on_mobile&quot;:&quot;yes&quot;,&quot;loop&quot;:&quot;yes&quot;,&quot;mute&quot;:&quot;yes&quot;}\" data-widget_type=\"video.default\">\n\t\t\t\t<div class=\"elementor-widget-container\">\n\t\t\t\t\t\t\t<div class=\"e-hosted-video elementor-wrapper elementor-open-inline\">\n\t\t\t\t\t<video class=\"elementor-video\" src=\"https:\/\/badnord.com\/wp-content\/uploads\/2024\/07\/Palmares.mp4\" autoplay=\"\" loop=\"\" muted=\"muted\" playsinline=\"\" controlsList=\"nodownload\"><\/video>\n\t\t\t\t<\/div>\n\t\t\t\t\t\t<\/div>\n\t\t\t\t<\/div>\n\t\t\t\t\t<\/div>\n\t\t<\/div>\n\t\t\t\t<div class=\"elementor-column elementor-col-33 elementor-top-column elementor-element elementor-element-abdcf7d\" data-id=\"abdcf7d\" data-element_type=\"column\" data-e-type=\"column\">\n\t\t\t<div class=\"elementor-widget-wrap\">\n\t\t\t\t\t\t\t<\/div>\n\t\t<\/div>\n\t\t\t\t\t<\/div>\n\t\t<\/section>\n\t\t\t\t<section class=\"elementor-section elementor-top-section elementor-element elementor-element-226910a elementor-section-boxed elementor-section-height-default elementor-section-height-default\" data-id=\"226910a\" data-element_type=\"section\" data-e-type=\"section\">\n\t\t\t\t\t\t<div class=\"elementor-container elementor-column-gap-default\">\n\t\t\t\t\t<div class=\"elementor-column elementor-col-50 elementor-top-column elementor-element elementor-element-f62b444\" data-id=\"f62b444\" data-element_type=\"column\" data-e-type=\"column\">\n\t\t\t<div class=\"elementor-widget-wrap elementor-element-populated\">\n\t\t\t\t\t\t<div class=\"elementor-element elementor-element-6dcf0ce elementor-widget elementor-widget-text-editor\" data-id=\"6dcf0ce\" data-element_type=\"widget\" data-e-type=\"widget\" data-widget_type=\"text-editor.default\">\n\t\t\t\t<div class=\"elementor-widget-container\">\n\t\t\t\t\t\t\t\t\t<h5 style=\"text-align: center;\"><strong><span dir=\"ltr\">Championnats D\u00e9partementaux Adultes\u00a0<\/span><\/strong><\/h5><h5 style=\"text-align: center;\"><span style=\"color: #ff0000;\"><span dir=\"ltr\">Individuels \u00ab\u00a0Simples\u00a0\u00bb<\/span><\/span><\/h5><h6><strong><span dir=\"ltr\">Palmar\u00e8s 2025-2026 :\u00a0 \u00a0\u00a0 \u00a0\u00a0 <\/span><\/strong><strong><span dir=\"ltr\">\u00a0 <a href=\"https:\/\/www.dropbox.com\/scl\/fi\/eqx5vdvq3xzk6i52unaf7\/Palmar-s-Championnat-ADULTES-SIMPLES-2025-2026.pdf?rlkey=8wdmr0kmw1fgafpk3mhqm6ys2&amp;dl=0\">Clubs<\/a>\u00a0 \u00a0 \u00a0 \u00a0<a href=\"https:\/\/www.dropbox.com\/scl\/fi\/yqrakrppad934rb7273eo\/palmares_32755-3-seniors-simple.pdf?rlkey=3ux101b5q4g88yukmkaz6siud&amp;dl=0\">\u00a0 \u00a0 \u00a0 \u00a0 Joueurs<\/a><\/span><\/strong><\/h6><h6><strong><span dir=\"ltr\">\u00a0 \u00a0Palmar\u00e8s 2024-2025 :\u00a0 \u00a0 \u00a0 \u00a0 \u00a0<a href=\"https:\/\/www.dropbox.com\/scl\/fi\/5wdgm3gkxn44f71hmlmu0\/Palmar-s-Championnat-ADULTES-SIMPLES-2024-2025.pdf?rlkey=y7msiisd7e67ravqgutb16niw&amp;dl=0\"> Clubs\u00a0 \u00a0<\/a> \u00a0 \u00a0 \u00a0 \u00a0 \u00a0 <a href=\"https:\/\/www.dropbox.com\/scl\/fi\/kapkzlbrvobpevpwlty26\/palmares_27400-joueurs-simples.pdf?rlkey=24lrq6j9tgy05v7ga7crsmsid&amp;dl=0\">\u00a0Joueurs<\/a>\u00a0 <\/span><\/strong><\/h6><h5 style=\"text-align: center;\"><span style=\"color: #ff0000;\"><span dir=\"ltr\">Individuels \u00ab\u00a0Doubles\u00a0\u00bb<\/span><\/span><\/h5><h6 style=\"text-align: center;\"><strong><span dir=\"ltr\">\u00a0 \u00a0Palmar\u00e8s 2025-2026 :\u00a0 \u00a0 \u00a0 \u00a0 \u00a0<a href=\"https:\/\/www.dropbox.com\/scl\/fi\/wgmq7lgao5vsrtdaovbhs\/Palmar-s-Championnat-doubles-adultes-2025-2026.pdf?rlkey=50vqz97cigqwt3dqz4ebucmi0&amp;dl=0\"> Clubs\u00a0 \u00a0<\/a> \u00a0 \u00a0 \u00a0 \u00a0 \u00a0 <a href=\"https:\/\/www.dropbox.com\/scl\/fi\/ef7w98qfhvhnqevqubcla\/palmares_-Doubles-Joueurs.pdf?rlkey=0av9whz8js3dou43oucpus0cx&amp;dl=0\">\u00a0Joueurs<\/a>\u00a0 \u00a0<\/span><\/strong><\/h6><h6><strong><span dir=\"ltr\">\u00a0 \u00a0Palmar\u00e8s 2024-2025 :\u00a0 \u00a0 \u00a0 \u00a0 \u00a0<a href=\"https:\/\/www.dropbox.com\/scl\/fi\/rslbxnvznair8rejasvhf\/Palmar-s-Championnat-ADULTES-DOUBLES-et-MIXTES-2024-2025.pdf?rlkey=t6y1jt57worx7dz9zrmfri22y&amp;dl=0\"> Clubs\u00a0 \u00a0<\/a>\u00a0 \u00a0 \u00a0 \u00a0 \u00a0<a href=\"https:\/\/www.dropbox.com\/scl\/fi\/uyln7qz9lofczedq8mp66\/palmares_27400-joueurs-doubles.pdf?rlkey=cv2c481ztsu8u7060ujrpq8yd&amp;dl=0\">\u00a0Joueurs<\/a>\u00a0 \u00a0<\/span><\/strong><\/h6>\t\t\t\t\t\t\t\t<\/div>\n\t\t\t\t<\/div>\n\t\t\t\t\t<\/div>\n\t\t<\/div>\n\t\t\t\t<div class=\"elementor-column elementor-col-50 elementor-top-column elementor-element elementor-element-92ef003\" data-id=\"92ef003\" data-element_type=\"column\" data-e-type=\"column\">\n\t\t\t<div class=\"elementor-widget-wrap elementor-element-populated\">\n\t\t\t\t\t\t<div class=\"elementor-element elementor-element-9df96f5 elementor-widget elementor-widget-text-editor\" data-id=\"9df96f5\" data-element_type=\"widget\" data-e-type=\"widget\" data-widget_type=\"text-editor.default\">\n\t\t\t\t<div class=\"elementor-widget-container\">\n\t\t\t\t\t\t\t\t\t<h5 style=\"text-align: center;\"><strong><span dir=\"ltr\">Championnats D\u00e9partementaux V\u00e9t\u00e9rans\u00a0<\/span><\/strong><\/h5><h5 style=\"text-align: center;\"><span style=\"color: #ff0000;\"><strong><span dir=\"ltr\">Individuels<\/span><\/strong><\/span><\/h5><h6 style=\"text-align: center;\"><strong><span dir=\"ltr\">Palmar\u00e8s 2025-2026 :\u00a0 \u00a0 \u00a0 \u00a0 \u00a0<a href=\"https:\/\/www.dropbox.com\/scl\/fi\/yby5vnvj3ty2bimv3gf1r\/Palmar-s-Championnat-VETERANS-2025-2026.pdf?rlkey=x194aakezeroxk5a4e91rzvfj&amp;dl=0\">Clubs<\/a>\u00a0 \u00a0 \u00a0 \u00a0 <a href=\"https:\/\/www.dropbox.com\/scl\/fi\/o6dvovug7iy24bl6kda4z\/palmares_32755-2-joueurs.pdf?rlkey=7ftdnrjvg8tk6a7aattv056dk&amp;dl=0\">\u00a0 \u00a0 \u00a0 \u00a0 Joueurs<\/a><\/span><\/strong><\/h6><h6 style=\"text-align: center;\"><strong><span dir=\"ltr\">\u00a0 \u00a0\u00a0<\/span><\/strong><\/h6>\t\t\t\t\t\t\t\t<\/div>\n\t\t\t\t<\/div>\n\t\t\t\t\t<\/div>\n\t\t<\/div>\n\t\t\t\t\t<\/div>\n\t\t<\/section>\n\t\t\t\t<section class=\"elementor-section elementor-top-section elementor-element elementor-element-fc596dd elementor-section-boxed elementor-section-height-default elementor-section-height-default\" data-id=\"fc596dd\" data-element_type=\"section\" data-e-type=\"section\">\n\t\t\t\t\t\t<div class=\"elementor-container elementor-column-gap-default\">\n\t\t\t\t\t<div class=\"elementor-column elementor-col-50 elementor-top-column elementor-element elementor-element-8e5f543\" data-id=\"8e5f543\" data-element_type=\"column\" data-e-type=\"column\">\n\t\t\t<div class=\"elementor-widget-wrap elementor-element-populated\">\n\t\t\t\t\t\t<div class=\"elementor-element elementor-element-f172fc4 elementor-widget elementor-widget-text-editor\" data-id=\"f172fc4\" data-element_type=\"widget\" data-e-type=\"widget\" data-widget_type=\"text-editor.default\">\n\t\t\t\t<div class=\"elementor-widget-container\">\n\t\t\t\t\t\t\t\t\t<h5><strong><span dir=\"ltr\">Championnats D\u00e9partementaux Seniors<\/span><\/strong><\/h5><h5><u><span dir=\"ltr\"><b>Interclubs Mixtes<\/b><\/span><\/u><\/h5><h6><a href=\"https:\/\/canva.link\/a7cc4udprczab4x\"><strong><span dir=\"ltr\">Classement 2025-2026<\/span><\/strong><\/a><\/h6><h6><a href=\"https:\/\/www.canva.com\/design\/DAGjZfNTBmw\/4i6IL_80LMVAWP1JXQPDbA\/view?utm_content=DAGjZfNTBmw&amp;utm_campaign=designshare&amp;utm_medium=link2&amp;utm_source=uniquelinks&amp;utlId=h1691ec50bc\"><strong><span dir=\"ltr\">Classement 2024-2025<\/span><\/strong><\/a><\/h6><h6><a href=\"https:\/\/www.canva.com\/design\/DAGFHTNEjoI\/jEStyaWoBGovRGGyU17WJQ\/view?utm_content=DAGFHTNEjoI&amp;utm_campaign=designshare&amp;utm_medium=link2&amp;utm_source=uniquelinks&amp;utlId=h7e485e5193\"><strong><span dir=\"ltr\">Classement 2023-2024<\/span><\/strong><\/a><\/h6>\t\t\t\t\t\t\t\t<\/div>\n\t\t\t\t<\/div>\n\t\t\t\t\t<\/div>\n\t\t<\/div>\n\t\t\t\t<div class=\"elementor-column elementor-col-50 elementor-top-column elementor-element elementor-element-4d0c015\" data-id=\"4d0c015\" data-element_type=\"column\" data-e-type=\"column\">\n\t\t\t<div class=\"elementor-widget-wrap elementor-element-populated\">\n\t\t\t\t\t\t<div class=\"elementor-element elementor-element-8d1e724 elementor-widget elementor-widget-text-editor\" data-id=\"8d1e724\" data-element_type=\"widget\" data-e-type=\"widget\" data-widget_type=\"text-editor.default\">\n\t\t\t\t<div class=\"elementor-widget-container\">\n\t\t\t\t\t\t\t\t\t<h5><strong><span dir=\"ltr\">Championnats D\u00e9partementaux V\u00e9t\u00e9rans<\/span><\/strong><\/h5>\n<h5><u><strong><span dir=\"ltr\">Interclubs Mixtes\u00a0<\/span><\/strong><\/u><\/h5>\n<h6><strong><span dir=\"ltr\">Classement 2025-2026<\/span><\/strong><\/h6>\n<h6><a href=\"https:\/\/www.canva.com\/design\/DAGmlNDYZwE\/9ZcZ6vTewGxni0IaqPBQ_g\/view?utm_content=DAGmlNDYZwE&amp;utm_campaign=designshare&amp;utm_medium=link2&amp;utm_source=uniquelinks&amp;utlId=h75023537f4\"><strong><span dir=\"ltr\">Classement 2024-2025<\/span><\/strong><\/a><\/h6>\n<h6><a href=\"https:\/\/www.canva.com\/design\/DAGHE3IEaeM\/Elyr6O4i8-ek_UQPwuQwTA\/view?utm_content=DAGHE3IEaeM&amp;utm_campaign=designshare&amp;utm_medium=link2&amp;utm_source=uniquelinks&amp;utlId=ha309aefb79\"><strong><span dir=\"ltr\">Classement 2023-2024<\/span><\/strong><\/a><\/h6>\n<h6>\u00a0<\/h6>\t\t\t\t\t\t\t\t<\/div>\n\t\t\t\t<\/div>\n\t\t\t\t\t<\/div>\n\t\t<\/div>\n\t\t\t\t\t<\/div>\n\t\t<\/section>\n\t\t\t\t<section class=\"elementor-section elementor-top-section elementor-element elementor-element-5184bab elementor-section-boxed elementor-section-height-default elementor-section-height-default\" data-id=\"5184bab\" data-element_type=\"section\" data-e-type=\"section\">\n\t\t\t\t\t\t<div class=\"elementor-container elementor-column-gap-default\">\n\t\t\t\t\t<div class=\"elementor-column elementor-col-50 elementor-top-column elementor-element elementor-element-be7a5bd\" data-id=\"be7a5bd\" data-element_type=\"column\" data-e-type=\"column\">\n\t\t\t<div class=\"elementor-widget-wrap elementor-element-populated\">\n\t\t\t\t\t\t<div class=\"elementor-element elementor-element-b651dd4 elementor-widget elementor-widget-text-editor\" data-id=\"b651dd4\" data-element_type=\"widget\" data-e-type=\"widget\" data-widget_type=\"text-editor.default\">\n\t\t\t\t<div class=\"elementor-widget-container\">\n\t\t\t\t\t\t\t\t\t<h5><strong><span dir=\"ltr\">Champions Interclubs D\u00e9partementaux S\u00e9nior<\/span><\/strong><strong><span dir=\"ltr\">s\u00a0 Mixtes<br \/><\/span><\/strong><\/h5>\n<h6><strong><span dir=\"ltr\"><a href=\"https:\/\/www.canva.com\/design\/DAGmwSnyP9Q\/l_kAgz4P72my6lt3ofeDHw\/view?utm_content=DAGmwSnyP9Q&amp;utm_campaign=designshare&amp;utm_medium=link2&amp;utm_source=uniquelinks&amp;utlId=h16fdbe45ef\">Palmar\u00e8s pluriannuel des clubs vainqueurs<\/a><\/span><\/strong><\/h6>\t\t\t\t\t\t\t\t<\/div>\n\t\t\t\t<\/div>\n\t\t\t\t<div class=\"elementor-element elementor-element-47dee39 elementor-widget elementor-widget-text-editor\" data-id=\"47dee39\" data-element_type=\"widget\" data-e-type=\"widget\" data-widget_type=\"text-editor.default\">\n\t\t\t\t<div class=\"elementor-widget-container\">\n\t\t\t\t\t\t\t\t\t<h5><strong><span dir=\"ltr\">Classement des clubs du Nord Interclubs R\u00e9gionaux et Nationaux\u00a0<\/span><\/strong><strong><span dir=\"ltr\"><br \/><\/span><\/strong><\/h5>\n<h6><strong><span dir=\"ltr\"><a href=\"https:\/\/www.canva.com\/design\/DAGoED7kSUM\/lKp3jFHQutUFfrGGUMq7tw\/view?utm_content=DAGoED7kSUM&amp;utm_campaign=designshare&amp;utm_medium=link2&amp;utm_source=uniquelinks&amp;utlId=hf316c70ae3\">2024-2025<\/a><\/span><\/strong><\/h6>\n<p>\u00a0<\/p>\t\t\t\t\t\t\t\t<\/div>\n\t\t\t\t<\/div>\n\t\t\t\t\t<\/div>\n\t\t<\/div>\n\t\t\t\t<div class=\"elementor-column elementor-col-50 elementor-top-column elementor-element elementor-element-c5b78cf\" data-id=\"c5b78cf\" data-element_type=\"column\" data-e-type=\"column\">\n\t\t\t<div class=\"elementor-widget-wrap elementor-element-populated\">\n\t\t\t\t\t\t<div class=\"elementor-element elementor-element-2f72cb3 elementor-widget elementor-widget-text-editor\" data-id=\"2f72cb3\" data-element_type=\"widget\" data-e-type=\"widget\" data-widget_type=\"text-editor.default\">\n\t\t\t\t<div class=\"elementor-widget-container\">\n\t\t\t\t\t\t\t\t\t<h5><strong><span dir=\"ltr\">Champions Interclubs D\u00e9partementaux V\u00e9t\u00e9rans\u00a0 Mixtes<br \/><\/span><\/strong><\/h5>\n<h6><strong><span dir=\"ltr\"><a href=\"https:\/\/www.canva.com\/design\/DAGmw1dzN0g\/oEy5UTSQyWUXX_LHwHUroA\/view?utm_content=DAGmw1dzN0g&amp;utm_campaign=designshare&amp;utm_medium=link2&amp;utm_source=uniquelinks&amp;utlId=h0829f6f73d\">Palmar\u00e8s pluriannuel des clubs vainqueurs<\/a><\/span><\/strong><\/h6>\t\t\t\t\t\t\t\t<\/div>\n\t\t\t\t<\/div>\n\t\t\t\t\t<\/div>\n\t\t<\/div>\n\t\t\t\t\t<\/div>\n\t\t<\/section>\n\t\t\t\t<section class=\"elementor-section elementor-top-section elementor-element elementor-element-1d958e1 elementor-section-boxed elementor-section-height-default elementor-section-height-default\" data-id=\"1d958e1\" data-element_type=\"section\" data-e-type=\"section\">\n\t\t\t\t\t\t<div class=\"elementor-container elementor-column-gap-default\">\n\t\t\t\t\t<div class=\"elementor-column elementor-col-50 elementor-top-column elementor-element elementor-element-89da08a\" data-id=\"89da08a\" data-element_type=\"column\" data-e-type=\"column\">\n\t\t\t<div class=\"elementor-widget-wrap\">\n\t\t\t\t\t\t\t<\/div>\n\t\t<\/div>\n\t\t\t\t<div class=\"elementor-column elementor-col-50 elementor-top-column elementor-element elementor-element-66044cb\" data-id=\"66044cb\" data-element_type=\"column\" data-e-type=\"column\">\n\t\t\t<div class=\"elementor-widget-wrap\">\n\t\t\t\t\t\t\t<\/div>\n\t\t<\/div>\n\t\t\t\t\t<\/div>\n\t\t<\/section>\n\t\t\t\t<\/div>\n\t\t","protected":false},"excerpt":{"rendered":"<p>https:\/\/badnord.com\/wp-content\/uploads\/2024\/07\/Palmares.mp4 Championnats D\u00e9partementaux Adultes\u00a0 Individuels \u00ab\u00a0Simples\u00a0\u00bb Palmar\u00e8s 2025-2026 :\u00a0 \u00a0\u00a0 \u00a0\u00a0 \u00a0 Clubs\u00a0 \u00a0 \u00a0 \u00a0\u00a0 \u00a0 \u00a0 \u00a0 Joueurs \u00a0 \u00a0Palmar\u00e8s 2024-2025 :\u00a0 \u00a0 \u00a0 \u00a0 \u00a0 Clubs\u00a0 \u00a0 \u00a0 \u00a0 \u00a0 \u00a0 \u00a0 \u00a0Joueurs\u00a0 Individuels \u00ab\u00a0Doubles\u00a0\u00bb \u00a0 \u00a0Palmar\u00e8s 2025-2026 :\u00a0 \u00a0 \u00a0 \u00a0 \u00a0 Clubs\u00a0 \u00a0 \u00a0 \u00a0 \u00a0 \u00a0 \u00a0 \u00a0Joueurs\u00a0 \u00a0 [&hellip;]<\/p>\n","protected":false},"author":27,"featured_media":0,"parent":0,"menu_order":0,"comment_status":"closed","ping_status":"closed","template":"","meta":{"site-sidebar-layout":"no-sidebar","site-content-layout":"page-builder","ast-site-content-layout":"full-width-container","site-content-style":"default","site-sidebar-style":"default","ast-global-header-display":"","ast-banner-title-visibility":"","ast-main-header-display":"","ast-hfb-above-header-display":"","ast-hfb-below-header-display":"","ast-hfb-mobile-header-display":"","site-post-title":"disabled","ast-breadcrumbs-content":"","ast-featured-img":"disabled","footer-sml-layout":"","ast-disable-related-posts":"","theme-transparent-header-meta":"","adv-header-id-meta":"","stick-header-meta":"","header-above-stick-meta":"","header-main-stick-meta":"","header-below-stick-meta":"","astra-migrate-meta-layouts":"set","ast-page-background-enabled":"default","ast-page-background-meta":{"desktop":{"background-color":"var(--ast-global-color-4)","background-image":"","background-repeat":"repeat","background-position":"center center","background-size":"auto","background-attachment":"scroll","background-type":"","background-media":"","overlay-type":"","overlay-color":"","overlay-opacity":"","overlay-gradient":""},"tablet":{"background-color":"","background-image":"","background-repeat":"repeat","background-position":"center center","background-size":"auto","background-attachment":"scroll","background-type":"","background-media":"","overlay-type":"","overlay-color":"","overlay-opacity":"","overlay-gradient":""},"mobile":{"background-color":"","background-image":"","background-repeat":"repeat","background-position":"center center","background-size":"auto","background-attachment":"scroll","background-type":"","background-media":"","overlay-type":"","overlay-color":"","overlay-opacity":"","overlay-gradient":""}},"ast-content-background-meta":{"desktop":{"background-color":"var(--ast-global-color-5)","background-image":"","background-repeat":"repeat","background-position":"center center","background-size":"auto","background-attachment":"scroll","background-type":"","background-media":"","overlay-type":"","overlay-color":"","overlay-opacity":"","overlay-gradient":""},"tablet":{"background-color":"var(--ast-global-color-5)","background-image":"","background-repeat":"repeat","background-position":"center center","background-size":"auto","background-attachment":"scroll","background-type":"","background-media":"","overlay-type":"","overlay-color":"","overlay-opacity":"","overlay-gradient":""},"mobile":{"background-color":"var(--ast-global-color-5)","background-image":"","background-repeat":"repeat","background-position":"center center","background-size":"auto","background-attachment":"scroll","background-type":"","background-media":"","overlay-type":"","overlay-color":"","overlay-opacity":"","overlay-gradient":""}},"footnotes":""},"class_list":["post-19370","page","type-page","status-publish","hentry"],"_links":{"self":[{"href":"https:\/\/badnord.com\/index.php?rest_route=\/wp\/v2\/pages\/19370","targetHints":{"allow":["GET"]}}],"collection":[{"href":"https:\/\/badnord.com\/index.php?rest_route=\/wp\/v2\/pages"}],"about":[{"href":"https:\/\/badnord.com\/index.php?rest_route=\/wp\/v2\/types\/page"}],"author":[{"embeddable":true,"href":"https:\/\/badnord.com\/index.php?rest_route=\/wp\/v2\/users\/27"}],"replies":[{"embeddable":true,"href":"https:\/\/badnord.com\/index.php?rest_route=%2Fwp%2Fv2%2Fcomments&post=19370"}],"version-history":[{"count":71,"href":"https:\/\/badnord.com\/index.php?rest_route=\/wp\/v2\/pages\/19370\/revisions"}],"predecessor-version":[{"id":19735,"href":"https:\/\/badnord.com\/index.php?rest_route=\/wp\/v2\/pages\/19370\/revisions\/19735"}],"wp:attachment":[{"href":"https:\/\/badnord.com\/index.php?rest_route=%2Fwp%2Fv2%2Fmedia&parent=19370"}],"curies":[{"name":"wp","href":"https:\/\/api.w.org\/{rel}","templated":true}]}}