{"id":18225,"date":"2025-08-26T15:12:44","date_gmt":"2025-08-26T13:12:44","guid":{"rendered":"https:\/\/badnord.com\/?page_id=18225"},"modified":"2025-08-26T15:53:56","modified_gmt":"2025-08-26T13:53:56","slug":"les-formations-de-juge-de-ligne","status":"publish","type":"page","link":"https:\/\/badnord.com\/?page_id=18225","title":{"rendered":"Les formations de Juge de ligne"},"content":{"rendered":"\t\t<div data-elementor-type=\"wp-page\" data-elementor-id=\"18225\" class=\"elementor elementor-18225\" data-elementor-post-type=\"page\">\n\t\t\t\t\t\t<section class=\"elementor-section elementor-top-section elementor-element elementor-element-8524419 elementor-section-boxed elementor-section-height-default elementor-section-height-default\" data-id=\"8524419\" data-element_type=\"section\" data-e-type=\"section\">\n\t\t\t\t\t\t<div class=\"elementor-container elementor-column-gap-default\">\n\t\t\t\t\t<div class=\"elementor-column elementor-col-50 elementor-top-column elementor-element elementor-element-ed326e7\" data-id=\"ed326e7\" data-element_type=\"column\" data-e-type=\"column\">\n\t\t\t<div class=\"elementor-widget-wrap elementor-element-populated\">\n\t\t\t\t\t\t<div class=\"elementor-element elementor-element-9e756c7 elementor-widget elementor-widget-heading\" data-id=\"9e756c7\" data-element_type=\"widget\" data-e-type=\"widget\" data-widget_type=\"heading.default\">\n\t\t\t\t<div class=\"elementor-widget-container\">\n\t\t\t\t\t<h5 class=\"elementor-heading-title elementor-size-default\"><u><b>Juge-de-Ligne de Ligue Accr\u00e9dit\u00e9 (JdLA)<\/b><\/u><\/h5>\t\t\t\t<\/div>\n\t\t\t\t<\/div>\n\t\t\t\t\t<\/div>\n\t\t<\/div>\n\t\t\t\t<div class=\"elementor-column elementor-col-50 elementor-top-column elementor-element elementor-element-1455328\" data-id=\"1455328\" data-element_type=\"column\" data-e-type=\"column\">\n\t\t\t<div class=\"elementor-widget-wrap elementor-element-populated\">\n\t\t\t\t\t\t<div class=\"elementor-element elementor-element-60040cc elementor-widget elementor-widget-heading\" data-id=\"60040cc\" data-element_type=\"widget\" data-e-type=\"widget\" data-widget_type=\"heading.default\">\n\t\t\t\t<div class=\"elementor-widget-container\">\n\t\t\t\t\t<h5 class=\"elementor-heading-title elementor-size-default\"><u><b>Juge-de-Ligne de Ligue Certifi\u00e9 (JdLC)<\/b><\/u><\/h5>\t\t\t\t<\/div>\n\t\t\t\t<\/div>\n\t\t\t\t\t<\/div>\n\t\t<\/div>\n\t\t\t\t\t<\/div>\n\t\t<\/section>\n\t\t\t\t<section class=\"elementor-section elementor-top-section elementor-element elementor-element-63807d4 elementor-section-boxed elementor-section-height-default elementor-section-height-default\" data-id=\"63807d4\" data-element_type=\"section\" data-e-type=\"section\">\n\t\t\t\t\t\t<div class=\"elementor-container elementor-column-gap-default\">\n\t\t\t\t\t<div class=\"elementor-column elementor-col-50 elementor-top-column elementor-element elementor-element-6e8af19\" data-id=\"6e8af19\" data-element_type=\"column\" data-e-type=\"column\">\n\t\t\t<div class=\"elementor-widget-wrap elementor-element-populated\">\n\t\t\t\t\t\t<div class=\"elementor-element elementor-element-82975f1 elementor-widget elementor-widget-text-editor\" data-id=\"82975f1\" data-element_type=\"widget\" data-e-type=\"widget\" data-widget_type=\"text-editor.default\">\n\t\t\t\t<div class=\"elementor-widget-container\">\n\t\t\t\t\t\t\t\t\t<p><span style=\"color: #ff0000;\"><strong>Les \u00e9l\u00e9ments cl\u00e9s au moment de l\u2019inscription<\/strong><\/span><\/p><ul><li>Les candidats sont soit licenci\u00e9s \u00e0 la FFBaD, soit licenci\u00e9s aupr\u00e8s d\u2019une instance ayant sign\u00e9 une convention avec la F\u00e9d\u00e9ration Fran\u00e7aise de Badminton.<\/li><li>La formation est accessible d\u00e8s l\u2019\u00e2ge de 11 ans.<\/li><li>Dur\u00e9e de la formation : Trois heures de th\u00e9orie et trois heures de pratique sur lors de trois matchs arbitr\u00e9s au minimum durant une comp\u00e9tition f\u00e9d\u00e9rale ou un interclubs national.<\/li><\/ul><p><strong><span style=\"color: #ff0000;\">Les \u00e9l\u00e9ments abord\u00e9s en formation<\/span><\/strong><\/p><ul><li>Th\u00e9orie :<ul><li>la structure des officiels techniques (JA, A, JdL) ;<\/li><li>la tenue vestimentaire ;<\/li><li>les r\u00f4les et responsabilit\u00e9s ;<\/li><li>\u00a0e juge de ligne et la citoyennet\u00e9 ;<\/li><li>la charte du juge de ligne ;<\/li><li>la fili\u00e8re du corps des juges de ligne ;<\/li><li>\u00a0les crit\u00e8res d\u2019accessibilit\u00e9 aux diff\u00e9rents grades de juges de ligne ;<\/li><li>\u00a0les r\u00e8gles et recommandations aux juges de ligne ;<\/li><li>\u00a0les gestes ;<\/li><li>\u00a0l\u2019attitude sur la chaise ;<\/li><li>\u00a0la relation avec le num\u00e9ro 1 ;<\/li><li>\u00a0la chambre d\u2019appel.<\/li><\/ul><\/li><li>Pratique :<ul><li>\u00a0matchs de simple et de double lors de la comp\u00e9tition.<\/li><\/ul><\/li><\/ul><p><strong><span style=\"color: #ff0000;\">Validation de la formation<\/span><\/strong><\/p><p>A l\u2019issue du stage, une attestation de fin de formation est remise aux candidats.<br \/>\u00c0 l\u2019issue de la formation, les candidats ayant fait preuve d\u2019aptitude \u00e0 la fonction acc\u00e8dent au grade de juge de ligne accr\u00e9dit\u00e9.<\/p>\t\t\t\t\t\t\t\t<\/div>\n\t\t\t\t<\/div>\n\t\t\t\t\t<\/div>\n\t\t<\/div>\n\t\t\t\t<div class=\"elementor-column elementor-col-50 elementor-top-column elementor-element elementor-element-19dd7ce\" data-id=\"19dd7ce\" data-element_type=\"column\" data-e-type=\"column\">\n\t\t\t<div class=\"elementor-widget-wrap elementor-element-populated\">\n\t\t\t\t\t\t<div class=\"elementor-element elementor-element-7827249 elementor-widget__width-initial elementor-widget elementor-widget-text-editor\" data-id=\"7827249\" data-element_type=\"widget\" data-e-type=\"widget\" data-widget_type=\"text-editor.default\">\n\t\t\t\t<div class=\"elementor-widget-container\">\n\t\t\t\t\t\t\t\t\t<p style=\"text-align: left;\"><span style=\"color: #ff0000;\"><strong>Les \u00e9l\u00e9ments cl\u00e9s au moment de l\u2019inscription<\/strong><\/span><\/p><ul style=\"text-align: left;\"><li>Pr\u00e9requis : \u00catre juge de ligne accr\u00e9dit\u00e9 et a minima arbitre stagiaire.<\/li><li>Dur\u00e9e de la formation : Une journ\u00e9e comprenant une heure de th\u00e9orie et sept heures de pratique lors de cinq matchs arbitr\u00e9s au minimum durant une comp\u00e9tition f\u00e9d\u00e9rale ou internationale organis\u00e9e en France<\/li><\/ul><p style=\"text-align: left;\"><span style=\"color: #ff0000;\"><strong>Les \u00e9l\u00e9ments abord\u00e9s en formation<\/strong><\/span><\/p><ul style=\"text-align: left;\"><li style=\"text-align: left;\">Th\u00e9orie :<br \/><ul style=\"text-align: left;\"><li style=\"text-align: left;\">\u00a0les relations avec l\u2019arbitre (visuelle, gestuelle et terminologie) ;<\/li><li style=\"text-align: left;\">\u00a0les diff\u00e9rentes pratiques sur les tournois ;<\/li><li style=\"text-align: left;\">les protocoles.<\/li><\/ul><\/li><li style=\"text-align: left;\">Pratique :<br \/><ul style=\"text-align: left;\"><li style=\"text-align: left;\">matchs de simple et de double lors de la comp\u00e9tition.<\/li><\/ul><\/li><\/ul><p style=\"text-align: left;\"><span style=\"color: #ff0000;\"><strong>Validation de la formation<\/strong><\/span><\/p><p style=\"text-align: left;\">\u00c0 l\u2019issue de la formation, les candidats ayant fait preuve d\u2019aptitude \u00e0 la fonction acc\u00e8dent au grade de juge de ligne certifi\u00e9.<\/p>\t\t\t\t\t\t\t\t<\/div>\n\t\t\t\t<\/div>\n\t\t\t\t\t<\/div>\n\t\t<\/div>\n\t\t\t\t\t<\/div>\n\t\t<\/section>\n\t\t\t\t<\/div>\n\t\t","protected":false},"excerpt":{"rendered":"<p>Juge-de-Ligne de Ligue Accr\u00e9dit\u00e9 (JdLA) Juge-de-Ligne de Ligue Certifi\u00e9 (JdLC) Les \u00e9l\u00e9ments cl\u00e9s au moment de l\u2019inscription Les candidats sont soit licenci\u00e9s \u00e0 la FFBaD, soit licenci\u00e9s aupr\u00e8s d\u2019une instance ayant sign\u00e9 une convention avec la F\u00e9d\u00e9ration Fran\u00e7aise de Badminton. La formation est accessible d\u00e8s l\u2019\u00e2ge de 11 ans. Dur\u00e9e de la formation : Trois [&hellip;]<\/p>\n","protected":false},"author":2,"featured_media":0,"parent":0,"menu_order":0,"comment_status":"closed","ping_status":"closed","template":"","meta":{"site-sidebar-layout":"no-sidebar","site-content-layout":"page-builder","ast-site-content-layout":"full-width-container","site-content-style":"default","site-sidebar-style":"default","ast-global-header-display":"","ast-banner-title-visibility":"","ast-main-header-display":"","ast-hfb-above-header-display":"","ast-hfb-below-header-display":"","ast-hfb-mobile-header-display":"","site-post-title":"","ast-breadcrumbs-content":"","ast-featured-img":"disabled","footer-sml-layout":"","ast-disable-related-posts":"","theme-transparent-header-meta":"","adv-header-id-meta":"","stick-header-meta":"","header-above-stick-meta":"","header-main-stick-meta":"","header-below-stick-meta":"","astra-migrate-meta-layouts":"set","ast-page-background-enabled":"default","ast-page-background-meta":{"desktop":{"background-color":"var(--ast-global-color-4)","background-image":"","background-repeat":"repeat","background-position":"center center","background-size":"auto","background-attachment":"scroll","background-type":"","background-media":"","overlay-type":"","overlay-color":"","overlay-opacity":"","overlay-gradient":""},"tablet":{"background-color":"","background-image":"","background-repeat":"repeat","background-position":"center center","background-size":"auto","background-attachment":"scroll","background-type":"","background-media":"","overlay-type":"","overlay-color":"","overlay-opacity":"","overlay-gradient":""},"mobile":{"background-color":"","background-image":"","background-repeat":"repeat","background-position":"center center","background-size":"auto","background-attachment":"scroll","background-type":"","background-media":"","overlay-type":"","overlay-color":"","overlay-opacity":"","overlay-gradient":""}},"ast-content-background-meta":{"desktop":{"background-color":"var(--ast-global-color-5)","background-image":"","background-repeat":"repeat","background-position":"center center","background-size":"auto","background-attachment":"scroll","background-type":"","background-media":"","overlay-type":"","overlay-color":"","overlay-opacity":"","overlay-gradient":""},"tablet":{"background-color":"var(--ast-global-color-5)","background-image":"","background-repeat":"repeat","background-position":"center center","background-size":"auto","background-attachment":"scroll","background-type":"","background-media":"","overlay-type":"","overlay-color":"","overlay-opacity":"","overlay-gradient":""},"mobile":{"background-color":"var(--ast-global-color-5)","background-image":"","background-repeat":"repeat","background-position":"center center","background-size":"auto","background-attachment":"scroll","background-type":"","background-media":"","overlay-type":"","overlay-color":"","overlay-opacity":"","overlay-gradient":""}},"footnotes":""},"class_list":["post-18225","page","type-page","status-publish","hentry"],"_links":{"self":[{"href":"https:\/\/badnord.com\/index.php?rest_route=\/wp\/v2\/pages\/18225","targetHints":{"allow":["GET"]}}],"collection":[{"href":"https:\/\/badnord.com\/index.php?rest_route=\/wp\/v2\/pages"}],"about":[{"href":"https:\/\/badnord.com\/index.php?rest_route=\/wp\/v2\/types\/page"}],"author":[{"embeddable":true,"href":"https:\/\/badnord.com\/index.php?rest_route=\/wp\/v2\/users\/2"}],"replies":[{"embeddable":true,"href":"https:\/\/badnord.com\/index.php?rest_route=%2Fwp%2Fv2%2Fcomments&post=18225"}],"version-history":[{"count":10,"href":"https:\/\/badnord.com\/index.php?rest_route=\/wp\/v2\/pages\/18225\/revisions"}],"predecessor-version":[{"id":18261,"href":"https:\/\/badnord.com\/index.php?rest_route=\/wp\/v2\/pages\/18225\/revisions\/18261"}],"wp:attachment":[{"href":"https:\/\/badnord.com\/index.php?rest_route=%2Fwp%2Fv2%2Fmedia&parent=18225"}],"curies":[{"name":"wp","href":"https:\/\/api.w.org\/{rel}","templated":true}]}}