{"id":18221,"date":"2025-08-26T15:11:39","date_gmt":"2025-08-26T13:11:39","guid":{"rendered":"https:\/\/badnord.com\/?page_id=18221"},"modified":"2025-08-26T15:53:07","modified_gmt":"2025-08-26T13:53:07","slug":"les-formations-de-juge-arbitre","status":"publish","type":"page","link":"https:\/\/badnord.com\/?page_id=18221","title":{"rendered":"Les formations de Juge Arbitre"},"content":{"rendered":"\t\t<div data-elementor-type=\"wp-page\" data-elementor-id=\"18221\" class=\"elementor elementor-18221\" data-elementor-post-type=\"page\">\n\t\t\t\t\t\t<section class=\"elementor-section elementor-top-section elementor-element elementor-element-2909557 elementor-section-boxed elementor-section-height-default elementor-section-height-default\" data-id=\"2909557\" data-element_type=\"section\" data-e-type=\"section\">\n\t\t\t\t\t\t<div class=\"elementor-container elementor-column-gap-default\">\n\t\t\t\t\t<div class=\"elementor-column elementor-col-50 elementor-top-column elementor-element elementor-element-5df32fe\" data-id=\"5df32fe\" data-element_type=\"column\" data-e-type=\"column\">\n\t\t\t<div class=\"elementor-widget-wrap elementor-element-populated\">\n\t\t\t\t\t\t<div class=\"elementor-element elementor-element-4e72edd elementor-widget elementor-widget-heading\" data-id=\"4e72edd\" data-element_type=\"widget\" data-e-type=\"widget\" data-widget_type=\"heading.default\">\n\t\t\t\t<div class=\"elementor-widget-container\">\n\t\t\t\t\t<h5 class=\"elementor-heading-title elementor-size-default\"><u><b>Juge-Arbitre de Ligue Accr\u00e9dit\u00e9 (JALA)<\/b><\/u><\/h5>\t\t\t\t<\/div>\n\t\t\t\t<\/div>\n\t\t\t\t\t<\/div>\n\t\t<\/div>\n\t\t\t\t<div class=\"elementor-column elementor-col-50 elementor-top-column elementor-element elementor-element-304174f\" data-id=\"304174f\" data-element_type=\"column\" data-e-type=\"column\">\n\t\t\t<div class=\"elementor-widget-wrap elementor-element-populated\">\n\t\t\t\t\t\t<div class=\"elementor-element elementor-element-c0dfd30 elementor-widget elementor-widget-heading\" data-id=\"c0dfd30\" data-element_type=\"widget\" data-e-type=\"widget\" data-widget_type=\"heading.default\">\n\t\t\t\t<div class=\"elementor-widget-container\">\n\t\t\t\t\t<h5 class=\"elementor-heading-title elementor-size-default\"><u><b>Juge-Arbitre de Ligue <\/b><b>Certifi\u00e9 (<\/b><b>JALC)<\/b><\/u><\/h5>\t\t\t\t<\/div>\n\t\t\t\t<\/div>\n\t\t\t\t\t<\/div>\n\t\t<\/div>\n\t\t\t\t\t<\/div>\n\t\t<\/section>\n\t\t\t\t<section class=\"elementor-section elementor-top-section elementor-element elementor-element-ee5b11d elementor-section-boxed elementor-section-height-default elementor-section-height-default\" data-id=\"ee5b11d\" data-element_type=\"section\" data-e-type=\"section\">\n\t\t\t\t\t\t<div class=\"elementor-container elementor-column-gap-default\">\n\t\t\t\t\t<div class=\"elementor-column elementor-col-50 elementor-top-column elementor-element elementor-element-9a0ded8\" data-id=\"9a0ded8\" data-element_type=\"column\" data-e-type=\"column\">\n\t\t\t<div class=\"elementor-widget-wrap elementor-element-populated\">\n\t\t\t\t\t\t<div class=\"elementor-element elementor-element-04fda6c elementor-widget elementor-widget-text-editor\" data-id=\"04fda6c\" data-element_type=\"widget\" data-e-type=\"widget\" data-widget_type=\"text-editor.default\">\n\t\t\t\t<div class=\"elementor-widget-container\">\n\t\t\t\t\t\t\t\t\t<p><span style=\"color: #ff0000;\"><strong>Les \u00e9l\u00e9ments cl\u00e9s au moment de l\u2019inscription<\/strong><\/span><\/p><ul><li>Pr\u00e9requis :<ul><li>Le candidat doit avoir suivi la formation \u00ab Gestionnaire et organisateur de comp\u00e9titions niveau 1 \u00bb (GEO1).<\/li><li>Le candidat doit avoir suivi la formation \u00ab Gestionnaire et organisateur de comp\u00e9titions niveau 2 \u00bb (GEO2).<\/li><li>Le candidat peut s\u2019inscrire \u00e0 la formation dans l\u2019ann\u00e9e de ses 17 ans. La validation ne peut avoir lieu qu\u2019aux 18 ans r\u00e9volus.<\/li><li>En outre, la participation \u00e0 ce module est conditionn\u00e9e par la pr\u00e9paration au pr\u00e9alable d\u2019un questionnaire portant sur le r\u00e8glement g\u00e9n\u00e9ral des comp\u00e9titions.<\/li><\/ul><\/li><\/ul><ul><li>Dur\u00e9e de la formation :<ul><li>Stage th\u00e9orique : 7 heures.<br \/>Bien que pr\u00e9conis\u00e9 lors d\u2019un week-end coupl\u00e9 au module \u00ab r\u00e8gles du badminton \u00bb, le module \u00ab juge-arbitre \u00bb peut s\u2019adapter \u00e0 tout autre format (exemple en soir\u00e9e) tant que le contenu de la formation est respect\u00e9.<\/li><li>Stage pratique : 1 journ\u00e9e Minimum. Le candidat est juge-arbitre assistant avec un juge-arbitre de Ligue certifi\u00e9 minimum sur une comp\u00e9tition se d\u00e9roulant minimum sur une journ\u00e9e avec finales<\/li><\/ul><\/li><\/ul><p><strong><span style=\"color: #ff0000;\">Les \u00e9l\u00e9ments abord\u00e9s en formation<\/span><\/strong><\/p><ul><li>Stage th\u00e9orique :<ul><li>la fili\u00e8re juge-arbitre ;<\/li><li>la fonction de juge-arbitre ;<\/li><li>le juge-arbitre et la citoyennet\u00e9 ;<\/li><li>les r\u00e8gles du badminton et les codes de conduites ;<\/li><li>les instructions aux juges-arbitres ;<\/li><li>contr\u00f4le de connaissances avec documents.<\/li><\/ul><\/li><\/ul><ul><li>Stage pratique :<ul><li>Le candidat titulaire de la formation juge-arbitre de ligue accr\u00e9dit\u00e9 est juge-arbitre assistant et doit r\u00e9aliser les t\u00e2ches suivantes :<ul><li>la pr\u00e9paration en amont de la comp\u00e9tition ;<\/li><li>\u00a0la gestion de la comp\u00e9tition le jour J ;<\/li><li>\u00a0l\u2019apr\u00e8s comp\u00e9tition avec le rapport de juge-arbitre.<\/li><\/ul><\/li><\/ul><\/li><\/ul><p><strong><span style=\"color: #ff0000;\">Validation de la formation<\/span><\/strong><\/p><p>\u00c0 l\u2019issue du stage th\u00e9orique, une attestation de fin de formation est remise aux candidats.<br \/>Seuls les candidats qui ont fait preuve d\u2019aptitude \u00e0 la fonction et qui ont r\u00e9alis\u00e9 les formations OC, ULC, valident la formation et pourront se pr\u00e9senter \u00e0 la partie pratique<\/p><p>Si \u00e0 l\u2019issue du stage th\u00e9orique, le candidat n\u2019a pas valid\u00e9 sa formation via r\u00e9sultat n\u00e9gatif au contr\u00f4le de connaissance :<\/p><ul><li>Il dispose de 6 mois \u00e0 compter de la date du stage th\u00e9orique pour repasser une session de rattrapage ;<\/li><li>La Ligue mettra en place une nouvelle session de passage du contr\u00f4le de connaissance sous la forme de son choix (pr\u00e9sentiel, \u00e0 distance), tout en veillant \u00e0 respecter le cadrage initial du contr\u00f4le (candidat seul \u00e0 r\u00e9pondre, dur\u00e9e limit\u00e9e, surveillance).<\/li><li>S\u2019il y a validation du contr\u00f4le de connaissance en session de rattrapage, le candidat pourra poursuivre son cursus vers le stage pratique (cf 2.5.4).<\/li><li>S\u2019il y a \u00e9chec du contr\u00f4le de connaissance en session de rattrapage, le candidat devra suivre de nouveau le stage th\u00e9orique initial dans sa totalit\u00e9.<\/li><\/ul><p><strong><span style=\"color: #ff0000;\">Devenir juge-arbitre de ligue accr\u00e9dit\u00e9<\/span><\/strong><\/p><p>Le juge-arbitre stagiaire doit se pr\u00e9senter \u00e0 l\u2019examen de validation une ann\u00e9e maximum apr\u00e8s l\u2019obtention de l\u2019attestation de juge-arbitre stagiaire. Il doit assister en observateur \u00e0 une comp\u00e9tition puis passer un examen en \u00e9tant juge-arbitre adjoint sur une comp\u00e9tition avec un juge-arbitre principal certificateur.<br \/>Il pourra, apr\u00e8s avoir \u00e9t\u00e9 valid\u00e9, \u00eatre juge-arbitre sur des comp\u00e9titions avec des joueurs de niveau R maximum, dans une salle unique de 7 terrains maximum et sans arbitres<\/p>\t\t\t\t\t\t\t\t<\/div>\n\t\t\t\t<\/div>\n\t\t\t\t\t<\/div>\n\t\t<\/div>\n\t\t\t\t<div class=\"elementor-column elementor-col-50 elementor-top-column elementor-element elementor-element-c7ddd3a\" data-id=\"c7ddd3a\" data-element_type=\"column\" data-e-type=\"column\">\n\t\t\t<div class=\"elementor-widget-wrap elementor-element-populated\">\n\t\t\t\t\t\t<div class=\"elementor-element elementor-element-a18feea elementor-widget elementor-widget-text-editor\" data-id=\"a18feea\" data-element_type=\"widget\" data-e-type=\"widget\" data-widget_type=\"text-editor.default\">\n\t\t\t\t<div class=\"elementor-widget-container\">\n\t\t\t\t\t\t\t\t\t<p><span style=\"color: #ff0000;\"><strong>Les \u00e9l\u00e9ments cl\u00e9s au moment de l\u2019inscription<\/strong><\/span><\/p><ul><li>Pr\u00e9requis :<ul><li>\u00catre juge-arbitre de ligue accr\u00e9dit\u00e9 depuis deux ans minimum (date de validation JALA) ;<\/li><li>\u00a0\u00catre en conformit\u00e9 avec l\u2019article 3.3.1 sur la notion d\u2019activit\u00e9 et avoir transmis ces feuilles d\u2019activit\u00e9 \u00e0 la ligue dans les d\u00e9lais impartis ;<\/li><li>Avoir effectu\u00e9 la formation d\u2019arbitre de ligue accr\u00e9dit\u00e9 ;<\/li><li>Le module \u00ab interclubs \u00bb doit \u00eatre d\u00e9tenu.<\/li><\/ul><\/li><li>Dur\u00e9e de la formation : Sept heures de th\u00e9orie<ul><li>Bien que pr\u00e9conis\u00e9 lors d\u2019une journ\u00e9e sur un week-end, cette formation peut s\u2019adapter \u00e0 tout autre format (exemple en soir\u00e9e) tant que le contenu de la formation est respect\u00e9.<\/li><li>Cette formation continue est obligatoire pour postuler au grade de juge-arbitre de ligue certifi\u00e9.<\/li><\/ul><\/li><\/ul><p><strong><span style=\"color: #ff0000;\">Les \u00e9l\u00e9ments abord\u00e9s en formation<\/span><\/strong><\/p><ul><li>Le contr\u00f4le anti-dopage ;<\/li><li>JA ICN \u2013 approfondissements ;<\/li><li>Travail sur des \u00e9ch\u00e9anciers complexes ;<\/li><li>Cas concrets, \u00e9changes sur des situations v\u00e9cues.<\/li><\/ul><h6>Validation de la formation<\/h6><p>\u00c0 l\u2019issue du stage, une attestation de fin de formation est remise aux candidats.<\/p><p><strong><span style=\"color: #ff0000;\">Devenir juge-arbitre de ligue certifi\u00e9<\/span><\/strong><\/p><p>Pour devenir juge-arbitre de ligue certifi\u00e9, le juge-arbitre de ligue accr\u00e9dit\u00e9 doit avoir \u00e9t\u00e9 valid\u00e9 arbitre de ligue accr\u00e9dit\u00e9. Il doit pouvoir justifier de trois saisons d\u2019activit\u00e9 comprenant au total 12 journ\u00e9es de comp\u00e9titions dont au moins 2 en observation\/activit\u00e9 sur des ICN. Il devra avoir suivi le module de formation continue juge-arbitre de ligue certifi\u00e9 d\u2019une dur\u00e9e de 7 heures ainsi que le module Interclubs. Il passera ensuite un examen oral et pratique de validation sur une comp\u00e9tition.<br \/>Il pourra, apr\u00e8s avoir \u00e9t\u00e9 valid\u00e9, \u00eatre JA sur toutes les comp\u00e9titions y compris multisalles et les interclubs \u00e0 l\u2019exception des comp\u00e9titions f\u00e9d\u00e9rales et assimil\u00e9es.<\/p>\t\t\t\t\t\t\t\t<\/div>\n\t\t\t\t<\/div>\n\t\t\t\t\t<\/div>\n\t\t<\/div>\n\t\t\t\t\t<\/div>\n\t\t<\/section>\n\t\t\t\t<section class=\"elementor-section elementor-top-section elementor-element elementor-element-5b0236d elementor-section-boxed elementor-section-height-default elementor-section-height-default\" data-id=\"5b0236d\" data-element_type=\"section\" data-e-type=\"section\">\n\t\t\t\t\t\t<div class=\"elementor-container elementor-column-gap-default\">\n\t\t\t\t\t<div class=\"elementor-column elementor-col-50 elementor-top-column elementor-element elementor-element-7139026\" data-id=\"7139026\" data-element_type=\"column\" data-e-type=\"column\">\n\t\t\t<div class=\"elementor-widget-wrap elementor-element-populated\">\n\t\t\t\t\t\t<div class=\"elementor-element elementor-element-3738e50 elementor-widget elementor-widget-heading\" data-id=\"3738e50\" data-element_type=\"widget\" data-e-type=\"widget\" data-widget_type=\"heading.default\">\n\t\t\t\t<div class=\"elementor-widget-container\">\n\t\t\t\t\t<h5 class=\"elementor-heading-title elementor-size-default\"><u><b>Juge-Arbitre F\u00e9d\u00e9ral Accr\u00e9dit\u00e9 (JAFA)<\/b><\/u><\/h5>\t\t\t\t<\/div>\n\t\t\t\t<\/div>\n\t\t\t\t\t<\/div>\n\t\t<\/div>\n\t\t\t\t<div class=\"elementor-column elementor-col-50 elementor-top-column elementor-element elementor-element-8f8ddc9\" data-id=\"8f8ddc9\" data-element_type=\"column\" data-e-type=\"column\">\n\t\t\t<div class=\"elementor-widget-wrap elementor-element-populated\">\n\t\t\t\t\t\t<div class=\"elementor-element elementor-element-33f69b1 elementor-widget elementor-widget-heading\" data-id=\"33f69b1\" data-element_type=\"widget\" data-e-type=\"widget\" data-widget_type=\"heading.default\">\n\t\t\t\t<div class=\"elementor-widget-container\">\n\t\t\t\t\t<h5 class=\"elementor-heading-title elementor-size-default\"><u><b>Juge-Arbitre F\u00e9d\u00e9ral Certifi\u00e9 (<\/b><b>JAFC)<\/b><\/u><\/h5>\t\t\t\t<\/div>\n\t\t\t\t<\/div>\n\t\t\t\t\t<\/div>\n\t\t<\/div>\n\t\t\t\t\t<\/div>\n\t\t<\/section>\n\t\t\t\t<section class=\"elementor-section elementor-top-section elementor-element elementor-element-087f088 elementor-section-boxed elementor-section-height-default elementor-section-height-default\" data-id=\"087f088\" data-element_type=\"section\" data-e-type=\"section\">\n\t\t\t\t\t\t<div class=\"elementor-container elementor-column-gap-default\">\n\t\t\t\t\t<div class=\"elementor-column elementor-col-50 elementor-top-column elementor-element elementor-element-30371cc\" data-id=\"30371cc\" data-element_type=\"column\" data-e-type=\"column\">\n\t\t\t<div class=\"elementor-widget-wrap elementor-element-populated\">\n\t\t\t\t\t\t<div class=\"elementor-element elementor-element-4588a66 elementor-widget elementor-widget-text-editor\" data-id=\"4588a66\" data-element_type=\"widget\" data-e-type=\"widget\" data-widget_type=\"text-editor.default\">\n\t\t\t\t<div class=\"elementor-widget-container\">\n\t\t\t\t\t\t\t\t\t<h6 style=\"text-align: left;\"><span style=\"color: #dc241f;\">Les \u00e9l\u00e9ments cl\u00e9s au moment de l\u2019inscription<\/span><\/h6><ul style=\"text-align: left;\"><li>Pr\u00e9requis et s\u00e9lection :<ul><li>\u00a0\u00catre juge-arbitre de ligue certifi\u00e9 depuis 2 ans minimum (date de validation JALC) ;<\/li><li>\u00catre en conformit\u00e9 avec l\u2019article 3.4.1 sur la notion d\u2019activit\u00e9 et avoir transmis ces feuilles d\u2019activit\u00e9 \u00e0 la ligue dans les d\u00e9lais impartis ;<\/li><li>Le module \u00ab interclubs \u00bb (ICN ou ICR) doit \u00eatre d\u00e9tenu.<\/li><\/ul><\/li><\/ul><ul style=\"text-align: left;\"><li>Crit\u00e8res de s\u00e9lection :<ul><li>Avis de la CLOT d\u2019appartenance ;<\/li><li>Respect de la d\u00e9ontologie du juge-arbitre sur l\u2019ensemble des comp\u00e9titions ;<\/li><li>\u00a0Avis du ou des parrains ;<\/li><li>Niveau et diversit\u00e9 g\u00e9ographique de l\u2019activit\u00e9 r\u00e9alis\u00e9e sur les 3 derni\u00e8res saisons sportives ;<\/li><li>\u00a0Qualit\u00e9 des rapports de JA.<\/li><\/ul><\/li><\/ul><ul style=\"text-align: left;\"><li>Dur\u00e9e de la formation : Huit heures de th\u00e9orie<br \/>Cette formation est organis\u00e9e sur un week-end (du samedi \u00e0 14 h au dimanche \u00e0 12 h).<\/li><\/ul><h6 style=\"text-align: left;\"><span style=\"color: #dc241f;\">Les \u00e9l\u00e9ments abord\u00e9s en formation<\/span><\/h6><ul style=\"text-align: left;\"><li>les caract\u00e9ristiques des comp\u00e9titions f\u00e9d\u00e9rales ;<\/li><li>la pr\u00e9paration d\u2019une comp\u00e9tition f\u00e9d\u00e9rale ;<\/li><li>la communication avec la FFBaD ;<\/li><li>la gestion du plateau de jeu ;<\/li><li>les rotations des arbitres ;<\/li><li>l\u2019initiation au logiciel utilis\u00e9 par BE et BWF ;<\/li><li>cas concrets, \u00e9changes sur des situations v\u00e9cues ;<\/li><li>contr\u00f4le de connaissances avec documents.<\/li><\/ul><h6 style=\"text-align: left;\"><span style=\"color: #dc241f;\">Validation de la formation<\/span><\/h6><p style=\"text-align: left;\">\u00c0 l\u2019issue du stage, une attestation de fin de formation est remise aux candidats ayant \u00e9t\u00e9 pr\u00e9sents sur la totalit\u00e9 du stage.<br \/>Seuls les candidats qui ont fait preuve d\u2019aptitude \u00e0 la fonction via la r\u00e9ussite au contr\u00f4le de connaissances valident la formation et pourront poursuivre le cursus JAFA.<\/p><p style=\"text-align: left;\">Si le candidat n\u2019a pas valid\u00e9 le contr\u00f4le de connaissances \u00e0 l\u2019issue du stage th\u00e9orique, celui-ci ne pourra pas poursuivre sur les stages pratiques et devra candidater \u00e0 la prochaine session th\u00e9orique (pas de session de rattrapage).<\/p><h6 style=\"text-align: left;\"><span style=\"color: #dc241f;\">Devenir juge-arbitre f\u00e9d\u00e9ral accr\u00e9dit\u00e9<\/span><\/h6><p style=\"text-align: left;\">Pour devenir juge-arbitre f\u00e9d\u00e9ral accr\u00e9dit\u00e9, la Commission R\u00e9gionale d\u2019Arbitrage du juge-arbitre de ligue certifi\u00e9 devra pr\u00e9senter un dossier comprenant les feuilles d\u2019activit\u00e9s des deux derni\u00e8res saisons ainsi qu\u2019une fiche de motivation. Le juge-arbitre devra avoir suivi un week-end de formation organis\u00e9 pendant un championnat de France. Il passera un examen sur un championnat de France en tant que juge-arbitre principal.<br \/>Il pourra, apr\u00e8s avoir \u00e9t\u00e9 valid\u00e9, \u00eatre JA sur toutes les comp\u00e9titions y compris multisalles et les interclubs \u00e0 l\u2019exception d\u2019\u00eatre juge-arbitre principal sur le national, le national jeunes, le national v\u00e9t\u00e9rans et la finale du championnat interclubs national.<\/p>\t\t\t\t\t\t\t\t<\/div>\n\t\t\t\t<\/div>\n\t\t\t\t\t<\/div>\n\t\t<\/div>\n\t\t\t\t<div class=\"elementor-column elementor-col-50 elementor-top-column elementor-element elementor-element-c1750bf\" data-id=\"c1750bf\" data-element_type=\"column\" data-e-type=\"column\">\n\t\t\t<div class=\"elementor-widget-wrap elementor-element-populated\">\n\t\t\t\t\t\t<div class=\"elementor-element elementor-element-7ebd8ce elementor-widget elementor-widget-text-editor\" data-id=\"7ebd8ce\" data-element_type=\"widget\" data-e-type=\"widget\" data-widget_type=\"text-editor.default\">\n\t\t\t\t<div class=\"elementor-widget-container\">\n\t\t\t\t\t\t\t\t\t<h6>Les \u00e9l\u00e9ments cl\u00e9s au moment de l\u2019inscription<\/h6><ul><li>Pr\u00e9requis et s\u00e9lection :<ul><li>\u00catre juge-arbitre f\u00e9d\u00e9ral accr\u00e9dit\u00e9 depuis 2 ans minimum (date de validation JAFA) ;<\/li><li>\u00catre en conformit\u00e9 avec l\u2019article 3.5 sur la notion d\u2019activit\u00e9 et avoir transmis ces feuilles d\u2019activit\u00e9 \u00e0 la CFOT dans les d\u00e9lais impartis ;<\/li><li>\u00catre retenu par la CFOT.<\/li><\/ul><\/li><li>Crit\u00e8res de s\u00e9lection :<ul><li>Avis de la CLOT d\u2019appartenance ;<\/li><li>Respect de la d\u00e9ontologie du juge-arbitre sur l\u2019ensemble des comp\u00e9titions ;<\/li><li>\u00a0Avis du ou des parrains ;<\/li><li>Niveau et diversit\u00e9 g\u00e9ographique de l\u2019activit\u00e9 r\u00e9alis\u00e9e sur les 3 derni\u00e8res saisons sportives ;<\/li><li>Qualit\u00e9 des rapports de JA des 3 derni\u00e8res ann\u00e9es.<\/li><\/ul><\/li><li>Dur\u00e9e de la formation : Douze heures de th\u00e9orie<br \/>Il est pr\u00e9conis\u00e9 de l\u2019organiser lors d\u2019un championnat de France en d\u00e9but de saison, si possible le championnat de France individuel.<\/li><\/ul><h6>Les \u00e9l\u00e9ments abord\u00e9s en formation<\/h6><ul><li>les nouvelles pratiques en juge-arbitrage ;<\/li><li>l\u2019approfondissement du logiciel utilis\u00e9 par BE et BWF ;<\/li><li>cas concrets, \u00e9changes sur des situations v\u00e9cues ;<\/li><li>les nouvelles pratiques et tendances en juge-arbitrage ;<\/li><li>les briefings ;<\/li><li>les nouvelles tendances en arbitrage ;<\/li><li>\u00a0les cas concrets, \u00e9changes sur des situations v\u00e9cues..<\/li><\/ul><h6>Validation de la formation<\/h6><p>\u00c0 l\u2019issue du stage, une attestation de fin de formation est remise aux candidats ayant \u00e9t\u00e9 pr\u00e9sents sur la totalit\u00e9 du stage.<\/p><h6>Devenir juge-arbitre f\u00e9d\u00e9ral certifi\u00e9<\/h6><p>Pour devenir juge-arbitre f\u00e9d\u00e9ral certifi\u00e9, le juge-arbitre f\u00e9d\u00e9ral accr\u00e9dit\u00e9 devra avoir offici\u00e9 pendant trois ans et avoir obtenu deux rapports de Conseillers Evaluateurs en Juge-Arbitrage F\u00e9d\u00e9ral (CEJAF) positifs ainsi qu\u2019une validation coll\u00e9giale des CEJAF (feuilles d\u2019activit\u00e9s + rapport juge-arbitre + avoir \u00e9t\u00e9 juge-arbitre principal sur deux championnats de France). Il devra avoir suivi la journ\u00e9e de formation continue organis\u00e9e si possible sur le national.<br \/>Il pourra, apr\u00e8s avoir \u00e9t\u00e9 valid\u00e9, \u00eatre JA principal sur toutes les comp\u00e9titions.<\/p>\t\t\t\t\t\t\t\t<\/div>\n\t\t\t\t<\/div>\n\t\t\t\t\t<\/div>\n\t\t<\/div>\n\t\t\t\t\t<\/div>\n\t\t<\/section>\n\t\t\t\t<\/div>\n\t\t","protected":false},"excerpt":{"rendered":"<p>Juge-Arbitre de Ligue Accr\u00e9dit\u00e9 (JALA) Juge-Arbitre de Ligue Certifi\u00e9 (JALC) Les \u00e9l\u00e9ments cl\u00e9s au moment de l\u2019inscription Pr\u00e9requis : Le candidat doit avoir suivi la formation \u00ab Gestionnaire et organisateur de comp\u00e9titions niveau 1 \u00bb (GEO1). Le candidat doit avoir suivi la formation \u00ab Gestionnaire et organisateur de comp\u00e9titions niveau 2 \u00bb (GEO2). Le candidat [&hellip;]<\/p>\n","protected":false},"author":2,"featured_media":0,"parent":0,"menu_order":0,"comment_status":"closed","ping_status":"closed","template":"","meta":{"site-sidebar-layout":"no-sidebar","site-content-layout":"page-builder","ast-site-content-layout":"full-width-container","site-content-style":"default","site-sidebar-style":"default","ast-global-header-display":"","ast-banner-title-visibility":"","ast-main-header-display":"","ast-hfb-above-header-display":"","ast-hfb-below-header-display":"","ast-hfb-mobile-header-display":"","site-post-title":"disabled","ast-breadcrumbs-content":"","ast-featured-img":"disabled","footer-sml-layout":"","ast-disable-related-posts":"","theme-transparent-header-meta":"","adv-header-id-meta":"","stick-header-meta":"","header-above-stick-meta":"","header-main-stick-meta":"","header-below-stick-meta":"","astra-migrate-meta-layouts":"set","ast-page-background-enabled":"default","ast-page-background-meta":{"desktop":{"background-color":"var(--ast-global-color-4)","background-image":"","background-repeat":"repeat","background-position":"center center","background-size":"auto","background-attachment":"scroll","background-type":"","background-media":"","overlay-type":"","overlay-color":"","overlay-opacity":"","overlay-gradient":""},"tablet":{"background-color":"","background-image":"","background-repeat":"repeat","background-position":"center center","background-size":"auto","background-attachment":"scroll","background-type":"","background-media":"","overlay-type":"","overlay-color":"","overlay-opacity":"","overlay-gradient":""},"mobile":{"background-color":"","background-image":"","background-repeat":"repeat","background-position":"center center","background-size":"auto","background-attachment":"scroll","background-type":"","background-media":"","overlay-type":"","overlay-color":"","overlay-opacity":"","overlay-gradient":""}},"ast-content-background-meta":{"desktop":{"background-color":"var(--ast-global-color-5)","background-image":"","background-repeat":"repeat","background-position":"center center","background-size":"auto","background-attachment":"scroll","background-type":"","background-media":"","overlay-type":"","overlay-color":"","overlay-opacity":"","overlay-gradient":""},"tablet":{"background-color":"var(--ast-global-color-5)","background-image":"","background-repeat":"repeat","background-position":"center center","background-size":"auto","background-attachment":"scroll","background-type":"","background-media":"","overlay-type":"","overlay-color":"","overlay-opacity":"","overlay-gradient":""},"mobile":{"background-color":"var(--ast-global-color-5)","background-image":"","background-repeat":"repeat","background-position":"center center","background-size":"auto","background-attachment":"scroll","background-type":"","background-media":"","overlay-type":"","overlay-color":"","overlay-opacity":"","overlay-gradient":""}},"footnotes":""},"class_list":["post-18221","page","type-page","status-publish","hentry"],"_links":{"self":[{"href":"https:\/\/badnord.com\/index.php?rest_route=\/wp\/v2\/pages\/18221","targetHints":{"allow":["GET"]}}],"collection":[{"href":"https:\/\/badnord.com\/index.php?rest_route=\/wp\/v2\/pages"}],"about":[{"href":"https:\/\/badnord.com\/index.php?rest_route=\/wp\/v2\/types\/page"}],"author":[{"embeddable":true,"href":"https:\/\/badnord.com\/index.php?rest_route=\/wp\/v2\/users\/2"}],"replies":[{"embeddable":true,"href":"https:\/\/badnord.com\/index.php?rest_route=%2Fwp%2Fv2%2Fcomments&post=18221"}],"version-history":[{"count":16,"href":"https:\/\/badnord.com\/index.php?rest_route=\/wp\/v2\/pages\/18221\/revisions"}],"predecessor-version":[{"id":18258,"href":"https:\/\/badnord.com\/index.php?rest_route=\/wp\/v2\/pages\/18221\/revisions\/18258"}],"wp:attachment":[{"href":"https:\/\/badnord.com\/index.php?rest_route=%2Fwp%2Fv2%2Fmedia&parent=18221"}],"curies":[{"name":"wp","href":"https:\/\/api.w.org\/{rel}","templated":true}]}}