{"id":18213,"date":"2025-08-26T14:54:39","date_gmt":"2025-08-26T12:54:39","guid":{"rendered":"https:\/\/badnord.com\/?page_id=18213"},"modified":"2025-08-26T15:51:22","modified_gmt":"2025-08-26T13:51:22","slug":"les-formations-examen-arbitre","status":"publish","type":"page","link":"https:\/\/badnord.com\/?page_id=18213","title":{"rendered":"Les formations &amp; examen Arbitre"},"content":{"rendered":"\t\t<div data-elementor-type=\"wp-page\" data-elementor-id=\"18213\" class=\"elementor elementor-18213\" data-elementor-post-type=\"page\">\n\t\t\t\t\t\t<section class=\"elementor-section elementor-top-section elementor-element elementor-element-be1687a elementor-section-boxed elementor-section-height-default elementor-section-height-default\" data-id=\"be1687a\" data-element_type=\"section\" data-e-type=\"section\">\n\t\t\t\t\t\t<div class=\"elementor-container elementor-column-gap-default\">\n\t\t\t\t\t<div class=\"elementor-column elementor-col-50 elementor-top-column elementor-element elementor-element-f3d6281\" data-id=\"f3d6281\" data-element_type=\"column\" data-e-type=\"column\">\n\t\t\t<div class=\"elementor-widget-wrap elementor-element-populated\">\n\t\t\t\t\t\t<div class=\"elementor-element elementor-element-fff5c41 elementor-widget elementor-widget-heading\" data-id=\"fff5c41\" data-element_type=\"widget\" data-e-type=\"widget\" data-widget_type=\"heading.default\">\n\t\t\t\t<div class=\"elementor-widget-container\">\n\t\t\t\t\t<h5 class=\"elementor-heading-title elementor-size-default\"><u><b>Arbitre de Ligue Accr\u00e9dit\u00e9 (ALA)<\/b><\/u><\/h5>\t\t\t\t<\/div>\n\t\t\t\t<\/div>\n\t\t\t\t\t<\/div>\n\t\t<\/div>\n\t\t\t\t<div class=\"elementor-column elementor-col-50 elementor-top-column elementor-element elementor-element-7163ac6\" data-id=\"7163ac6\" data-element_type=\"column\" data-e-type=\"column\">\n\t\t\t<div class=\"elementor-widget-wrap elementor-element-populated\">\n\t\t\t\t\t\t<div class=\"elementor-element elementor-element-4456256 elementor-widget elementor-widget-heading\" data-id=\"4456256\" data-element_type=\"widget\" data-e-type=\"widget\" data-widget_type=\"heading.default\">\n\t\t\t\t<div class=\"elementor-widget-container\">\n\t\t\t\t\t<h5 class=\"elementor-heading-title elementor-size-default\"><u><b>Arbitre de Ligue Certifi\u00e9 (ALC)<\/b><\/u><\/h5>\t\t\t\t<\/div>\n\t\t\t\t<\/div>\n\t\t\t\t\t<\/div>\n\t\t<\/div>\n\t\t\t\t\t<\/div>\n\t\t<\/section>\n\t\t\t\t<section class=\"elementor-section elementor-top-section elementor-element elementor-element-b43e494 elementor-section-boxed elementor-section-height-default elementor-section-height-default\" data-id=\"b43e494\" data-element_type=\"section\" data-e-type=\"section\">\n\t\t\t\t\t\t<div class=\"elementor-container elementor-column-gap-default\">\n\t\t\t\t\t<div class=\"elementor-column elementor-col-50 elementor-top-column elementor-element elementor-element-bb4f967\" data-id=\"bb4f967\" data-element_type=\"column\" data-e-type=\"column\">\n\t\t\t<div class=\"elementor-widget-wrap elementor-element-populated\">\n\t\t\t\t\t\t<div class=\"elementor-element elementor-element-813d9fc elementor-widget elementor-widget-text-editor\" data-id=\"813d9fc\" data-element_type=\"widget\" data-e-type=\"widget\" data-widget_type=\"text-editor.default\">\n\t\t\t\t<div class=\"elementor-widget-container\">\n\t\t\t\t\t\t\t\t\t<p><span style=\"color: #ff0000;\"><strong>Les \u00e9l\u00e9ments cl\u00e9s au moment de l\u2019inscription<\/strong><\/span><\/p><ul><li>La formation \u00ab arbitre de ligue accr\u00e9dit\u00e9 \u00bb s\u2019adresse aux candidats \u00e2g\u00e9s de plus de 11 ans \u00e0 la date du stage.<\/li><li>Dur\u00e9e de la formation : Deux jours comportant six heures de formation th\u00e9orique et neuf heures de formation pratique.<\/li><li>Le d\u00e9roulement de la formation est pr\u00e9conis\u00e9 durant un tournoi officiel afin de permettre aux candidats d\u2019assurer la mise en pratique dans des conditions r\u00e9elles.<\/li><li>Toutefois, les candidats exerceront la pratique sur des matchs dont les joueurs n\u2019exc\u00e9deront pas le classement D7.<\/li><\/ul><p><strong><span style=\"color: #ff0000;\">Les \u00e9l\u00e9ments abord\u00e9s en formation<\/span><\/strong><\/p><ul><li>Th\u00e9orie :<ul><li>le r\u00f4le et responsabilit\u00e9s d\u2019un arbitre ;<\/li><li>l\u2019arbitre et la citoyennet\u00e9 ;<\/li><li>les r\u00e8gles du badminton ;<\/li><li>la terminologie essentielle des comp\u00e9titions individuelles et par \u00e9quipe ;<\/li><li>le d\u00e9roulement d\u2019un match (tirage au sort, temps de pr\u00e9paration, pr\u00e9sentation, arr\u00eats de jeu,fin du match) ;<\/li><li>la feuille d\u2019arbitrage en simple et en double ;<\/li><li>les incidents de jeu ;<\/li><li>la tenue et le mat\u00e9riel de l\u2019arbitre ;<\/li><li>la feuille d\u2019activit\u00e9 de l\u2019arbitre.<\/li><\/ul><\/li><\/ul><ul><li>Pratique :<ul><li>matchs de simple et de double lors de la comp\u00e9tition.<\/li><\/ul><\/li><\/ul><p><strong><span style=\"color: #ff0000;\">Validation de la formation<\/span><\/strong><\/p><ul><li>\u00c0 l\u2019issue du stage, une attestation de fin de formation est remise aux candidats ayant fait preuve d\u2019aptitude \u00e0 la fonction et qui ont \u00e9t\u00e9 pr\u00e9sents sur la totalit\u00e9 du stage<\/li><\/ul><p><span style=\"color: #ff0000;\"><strong>Devenir arbitre de ligue accr\u00e9dit\u00e9<\/strong><\/span><\/p><p>Dans la mesure du possible et suivant la p\u00e9riode de la saison o\u00f9 s\u2019est d\u00e9roul\u00e9 le stage et les opportunit\u00e9s de comp\u00e9titions, l\u2019examen est propos\u00e9 dans les mois qui suivent le stage (\u00e0 une ou plusieurs dates si n\u00e9cessaire) laissant au candidat un peu de temps pour qu\u2019il ait l\u2019occasion d\u2019arbitrer pr\u00e9alablement minimum dix matchs dont cinq doubles, avant de se pr\u00e9senter \u00e0 l\u2019examen.<\/p><p>L\u2019examen comporte une partie th\u00e9orique (orale) et une partie pratique qui a lieu lors d\u2019une comp\u00e9tition officielle o\u00f9 le stagiaire doit au moins arbitrer un match de doubles.<br \/>Un candidat qui serait recal\u00e9 \u00e0 la partie pratique et\/ou th\u00e9orique a le droit de se pr\u00e9senter \u00e0 nouveau \u00e0 un examen ult\u00e9rieur<\/p>\t\t\t\t\t\t\t\t<\/div>\n\t\t\t\t<\/div>\n\t\t\t\t\t<\/div>\n\t\t<\/div>\n\t\t\t\t<div class=\"elementor-column elementor-col-50 elementor-top-column elementor-element elementor-element-eeece38\" data-id=\"eeece38\" data-element_type=\"column\" data-e-type=\"column\">\n\t\t\t<div class=\"elementor-widget-wrap elementor-element-populated\">\n\t\t\t\t\t\t<div class=\"elementor-element elementor-element-c1b1014 elementor-widget elementor-widget-text-editor\" data-id=\"c1b1014\" data-element_type=\"widget\" data-e-type=\"widget\" data-widget_type=\"text-editor.default\">\n\t\t\t\t<div class=\"elementor-widget-container\">\n\t\t\t\t\t\t\t\t\t<p><strong><span style=\"color: #ff0000;\">Les \u00e9l\u00e9ments cl\u00e9s au moment de l\u2019inscription<\/span><\/strong><\/p><ul><li>Pr\u00e9requis : \u00catre arbitre de ligue accr\u00e9dit\u00e9.<\/li><li>Dur\u00e9e de la formation : Deux jours comportant six heures de formation th\u00e9orique et neuf heures de formation pratique.<\/li><li>Le d\u00e9roulement de la formation est pr\u00e9conis\u00e9 durant un tournoi officiel afin de permettre aux candidats d\u2019assurer la mise en pratique dans des conditions r\u00e9elles.<\/li><\/ul><p><span style=\"color: #ff0000;\"><strong>Les \u00e9l\u00e9ments abord\u00e9s en formation<\/strong><\/span><\/p><p>Th\u00e9orie :<\/p><ul><li style=\"list-style-type: none;\"><ul><li>\u00a0les relations avec les juges-arbitres et les organisateurs ;<\/li><li>\u00a0les fautes de service ;<\/li><li>les fautes au filet ;<\/li><li>le volant pas \u00ab en jeu \u00bb ;<\/li><li>la gestion des erreurs de placement ;<\/li><li>la gestion des lets ;<\/li><li>la gestion des volants (test des volants, casser des plumes) ;<\/li><li>la tenue vestimentaire des joueurs ;<\/li><li>la charte de l\u2019arbitre ;<\/li><li>les sanctions ;<\/li><li>la gestion de la personne charg\u00e9e d\u2019afficher la marque;<\/li><li>l\u2019appel du juge-arbitre (quand, comment, pourquoi ?);<\/li><\/ul><\/li><\/ul><ul><li>Pratique :<ul><li>matchs de simple et de double lors de la comp\u00e9tition.<\/li><\/ul><\/li><\/ul><p><strong><span style=\"color: #ff0000;\">Validation de la formation<\/span><\/strong><\/p><p>\u00c0 l\u2019issue du stage, une attestation de fin de formation est remise aux candidats ayant \u00e9t\u00e9 pr\u00e9sents sur la totalit\u00e9 du stage.<\/p><p><strong><span style=\"color: #ff0000;\">Devenir arbitre de ligue certifi\u00e9<\/span><\/strong><\/p><p>L\u2019arbitre de Ligue accr\u00e9dit\u00e9 doit cumuler dix matchs minimum et un an de grade avant de se pr\u00e9senter \u00e0 un examen d\u2019arbitre de ligue certifi\u00e9.<br \/>L\u2019examen comporte une partie th\u00e9orique (orale) et une partie pratique qui a lieu lors d\u2019une comp\u00e9tition officielle.<br \/>Un candidat qui serait recal\u00e9 \u00e0 la partie pratique et\/ou th\u00e9orique a le droit de se pr\u00e9senter \u00e0 nouveau \u00e0 un examen ult\u00e9rieur.<\/p>\t\t\t\t\t\t\t\t<\/div>\n\t\t\t\t<\/div>\n\t\t\t\t\t<\/div>\n\t\t<\/div>\n\t\t\t\t\t<\/div>\n\t\t<\/section>\n\t\t\t\t<section class=\"elementor-section elementor-top-section elementor-element elementor-element-29eac10 elementor-section-boxed elementor-section-height-default elementor-section-height-default\" data-id=\"29eac10\" data-element_type=\"section\" data-e-type=\"section\">\n\t\t\t\t\t\t<div class=\"elementor-container elementor-column-gap-default\">\n\t\t\t\t\t<div class=\"elementor-column elementor-col-50 elementor-top-column elementor-element elementor-element-42797e9\" data-id=\"42797e9\" data-element_type=\"column\" data-e-type=\"column\">\n\t\t\t<div class=\"elementor-widget-wrap elementor-element-populated\">\n\t\t\t\t\t\t<div class=\"elementor-element elementor-element-bf945ec elementor-widget elementor-widget-heading\" data-id=\"bf945ec\" data-element_type=\"widget\" data-e-type=\"widget\" data-widget_type=\"heading.default\">\n\t\t\t\t<div class=\"elementor-widget-container\">\n\t\t\t\t\t<h5 class=\"elementor-heading-title elementor-size-default\"><b><u>Arbitre F\u00e9d\u00e9ral Accr\u00e9dit\u00e9 (AFA)<\/u><\/b><\/h5>\t\t\t\t<\/div>\n\t\t\t\t<\/div>\n\t\t\t\t\t<\/div>\n\t\t<\/div>\n\t\t\t\t<div class=\"elementor-column elementor-col-50 elementor-top-column elementor-element elementor-element-0386b10\" data-id=\"0386b10\" data-element_type=\"column\" data-e-type=\"column\">\n\t\t\t<div class=\"elementor-widget-wrap elementor-element-populated\">\n\t\t\t\t\t\t<div class=\"elementor-element elementor-element-469b624 elementor-widget elementor-widget-heading\" data-id=\"469b624\" data-element_type=\"widget\" data-e-type=\"widget\" data-widget_type=\"heading.default\">\n\t\t\t\t<div class=\"elementor-widget-container\">\n\t\t\t\t\t<h5 class=\"elementor-heading-title elementor-size-default\"><u><b>Arbitre F\u00e9d\u00e9ral Certifi<\/b><\/u><b><u>\u00e9 (AFC)<\/u><\/b><\/h5>\t\t\t\t<\/div>\n\t\t\t\t<\/div>\n\t\t\t\t\t<\/div>\n\t\t<\/div>\n\t\t\t\t\t<\/div>\n\t\t<\/section>\n\t\t\t\t<section class=\"elementor-section elementor-top-section elementor-element elementor-element-f414532 elementor-section-boxed elementor-section-height-default elementor-section-height-default\" data-id=\"f414532\" data-element_type=\"section\" data-e-type=\"section\">\n\t\t\t\t\t\t<div class=\"elementor-container elementor-column-gap-default\">\n\t\t\t\t\t<div class=\"elementor-column elementor-col-50 elementor-top-column elementor-element elementor-element-60a8035\" data-id=\"60a8035\" data-element_type=\"column\" data-e-type=\"column\">\n\t\t\t<div class=\"elementor-widget-wrap elementor-element-populated\">\n\t\t\t\t\t\t<div class=\"elementor-element elementor-element-921d0a6 elementor-widget elementor-widget-text-editor\" data-id=\"921d0a6\" data-element_type=\"widget\" data-e-type=\"widget\" data-widget_type=\"text-editor.default\">\n\t\t\t\t<div class=\"elementor-widget-container\">\n\t\t\t\t\t\t\t\t\t<h6>Les \u00e9l\u00e9ments cl\u00e9s au moment de l\u2019inscription<\/h6><ul><li>Pr\u00e9requis : \u00catre arbitre de ligue certifi\u00e9.<\/li><li>Dur\u00e9e de la formation : Deux jours comportant quatre heures de formation th\u00e9orique et douze heures de formation pratique.<\/li><li>Le d\u00e9roulement de la formation est r\u00e9alis\u00e9 lors d\u2019un championnat de France afin de permettre aux candidats d\u2019assurer la mise en pratique dans des conditions r\u00e9elles<\/li><\/ul><h6>Les \u00e9l\u00e9ments abord\u00e9s en formation<\/h6><ul><li>Th\u00e9orie :<ul><li>la gestion du terrain (avant\/pendant\/apr\u00e8s le match) ;<\/li><li>le comportement des joueurs et les codes de conduite ;<\/li><li>la gestion des incidents de jeu ;<\/li><li>la gestion des blessures ;<\/li><li>la gestion des conseillers d\u2019\u00e9quipe ;<\/li><li>le r\u00f4le et les responsabilit\u00e9s du juge de service ;<\/li><li>la fonction de juge de ligne ;<\/li><li>les relations avec le juge de service et les juges de ligne<\/li><li>la ma\u00eetrise de la voix ;<\/li><li>le parabadminton et le sport adapt\u00e9.<\/li><\/ul><\/li><\/ul><ul><li>Pratique :<ul><li>matchs de simple et de double lors de la comp\u00e9tition.<\/li><\/ul><\/li><\/ul><h6>Validation de la formation<\/h6><p>\u00c0 l\u2019issue du stage, une attestation de fin de formation est remise aux candidats ayant \u00e9t\u00e9 pr\u00e9sents sur la totalit\u00e9 du stage.<\/p><h6>Devenir arbitre f\u00e9d\u00e9ral accr\u00e9dit\u00e9<\/h6><p>L\u2019arbitre de ligue certifi\u00e9 doit r\u00e9aliser annuellement quinze arbitrages minimum. De plus pour se pr\u00e9senter \u00e0 l\u2019examen, il faut avoir accumul\u00e9 une solide exp\u00e9rience de l\u2019arbitrage, autant que possible \u00e0 tous les niveaux (arbitrage de finales, arbitrage de comp\u00e9titions N, arbitrage de doubles, \u2026).<br \/>C\u2019est le responsable formateur r\u00e9gional qui appr\u00e9cie si l\u2019exp\u00e9rience de l\u2019arbitre est suffisante pour l\u2019autoriser \u00e0 se pr\u00e9senter \u00e0 l\u2019examen d\u2019arbitre national accr\u00e9dit\u00e9. L\u2019arbitre pr\u00e9sente un dossier de candidature \u00e0 la CFOT comportant sa feuille d\u2019activit\u00e9 et l\u2019avis du parrain du candidat et du formateur r\u00e9gional.<br \/>Si la candidature de l\u2019arbitre est accept\u00e9e, l\u2019arbitre participe \u00e0 l\u2019examen f\u00e9d\u00e9ral sur les championnats de France jeunes. \u00c0 l\u2019issue de la comp\u00e9tition, si son niveau est jug\u00e9 suffisant, le grade d\u2019arbitre f\u00e9d\u00e9ral accr\u00e9dit\u00e9 lui est attribu\u00e9.<br \/>Un candidat \u00e0 qui le grade d\u2019arbitre f\u00e9d\u00e9ral accr\u00e9dit\u00e9 n\u2019est pas accord\u00e9, peut se pr\u00e9senter une seule fois \u00e0 un examen ult\u00e9rieur.<\/p>\t\t\t\t\t\t\t\t<\/div>\n\t\t\t\t<\/div>\n\t\t\t\t\t<\/div>\n\t\t<\/div>\n\t\t\t\t<div class=\"elementor-column elementor-col-50 elementor-top-column elementor-element elementor-element-8907bfb\" data-id=\"8907bfb\" data-element_type=\"column\" data-e-type=\"column\">\n\t\t\t<div class=\"elementor-widget-wrap elementor-element-populated\">\n\t\t\t\t\t\t<div class=\"elementor-element elementor-element-31e6973 elementor-widget elementor-widget-text-editor\" data-id=\"31e6973\" data-element_type=\"widget\" data-e-type=\"widget\" data-widget_type=\"text-editor.default\">\n\t\t\t\t<div class=\"elementor-widget-container\">\n\t\t\t\t\t\t\t\t\t<h6>Les \u00e9l\u00e9ments cl\u00e9s au moment de l\u2019inscription<\/h6><ul><li>Pr\u00e9requis : \u00catre arbitre f\u00e9d\u00e9ral accr\u00e9dit\u00e9.<\/li><li>Dur\u00e9e de la formation : Deux jours comportant quatre heures de formation th\u00e9orique et douze heures de formation pratique.<\/li><li>Le d\u00e9roulement de la formation est r\u00e9alis\u00e9 lors d\u2019un championnat de France afin de permettre aux candidats d\u2019assurer la mise en pratique dans des conditions r\u00e9elles.<\/li><\/ul><h6>Les \u00e9l\u00e9ments abord\u00e9s en formation<\/h6><ul><li>Th\u00e9orie :<ul><li>la gestion du match et de son environnement ;<\/li><li>la ma\u00eetrise du syst\u00e8me de marque \u00e9lectronique ;<\/li><li>l\u2019apprentissage de l\u2019anglais dans l\u2019environnement du badminton ;<\/li><li>l\u2019\u00e9volution des instructions et des pratiques ;<\/li><li>les cas concrets et \u00e9changes sur des situations v\u00e9cues.<\/li><\/ul><\/li><\/ul><ul><li>Pratique :<ul><li>matchs de simple et de double lors de la comp\u00e9tition.<\/li><\/ul><\/li><\/ul><h6>Validation de la formation<\/h6><p>\u00c0 l\u2019issue du stage, une attestation de fin de formation est remise aux candidats ayant \u00e9t\u00e9 pr\u00e9sents sur la totalit\u00e9 du stage.<\/p><h6>Devenir arbitre f\u00e9d\u00e9ral certifi\u00e9<\/h6><ul><li><b>Conditions d\u2019acc\u00e8s :\u00a0<\/b>arbitre f\u00e9d\u00e9ral accr\u00e9dit\u00e9 exp\u00e9riment\u00e9 depuis deux ans minimum, connaissances de l\u2019anglais.<\/li><li><b>Modalit\u00e9s d\u2019examen :<\/b>\u00a0lors du championnat de France s\u00e9niors ou de la phase finale Top 12.<\/li><li><b>P\u00e9riodicit\u00e9 :\u00a0<\/b>annuelle<\/li><\/ul>\t\t\t\t\t\t\t\t<\/div>\n\t\t\t\t<\/div>\n\t\t\t\t\t<\/div>\n\t\t<\/div>\n\t\t\t\t\t<\/div>\n\t\t<\/section>\n\t\t\t\t<\/div>\n\t\t","protected":false},"excerpt":{"rendered":"<p>Arbitre de Ligue Accr\u00e9dit\u00e9 (ALA) Arbitre de Ligue Certifi\u00e9 (ALC) Les \u00e9l\u00e9ments cl\u00e9s au moment de l\u2019inscription La formation \u00ab arbitre de ligue accr\u00e9dit\u00e9 \u00bb s\u2019adresse aux candidats \u00e2g\u00e9s de plus de 11 ans \u00e0 la date du stage. Dur\u00e9e de la formation : Deux jours comportant six heures de formation th\u00e9orique et neuf heures [&hellip;]<\/p>\n","protected":false},"author":2,"featured_media":0,"parent":0,"menu_order":0,"comment_status":"closed","ping_status":"closed","template":"","meta":{"site-sidebar-layout":"no-sidebar","site-content-layout":"page-builder","ast-site-content-layout":"full-width-container","site-content-style":"default","site-sidebar-style":"default","ast-global-header-display":"","ast-banner-title-visibility":"","ast-main-header-display":"","ast-hfb-above-header-display":"","ast-hfb-below-header-display":"","ast-hfb-mobile-header-display":"","site-post-title":"disabled","ast-breadcrumbs-content":"","ast-featured-img":"disabled","footer-sml-layout":"","ast-disable-related-posts":"","theme-transparent-header-meta":"","adv-header-id-meta":"","stick-header-meta":"","header-above-stick-meta":"","header-main-stick-meta":"","header-below-stick-meta":"","astra-migrate-meta-layouts":"set","ast-page-background-enabled":"default","ast-page-background-meta":{"desktop":{"background-color":"var(--ast-global-color-4)","background-image":"","background-repeat":"repeat","background-position":"center center","background-size":"auto","background-attachment":"scroll","background-type":"","background-media":"","overlay-type":"","overlay-color":"","overlay-opacity":"","overlay-gradient":""},"tablet":{"background-color":"","background-image":"","background-repeat":"repeat","background-position":"center center","background-size":"auto","background-attachment":"scroll","background-type":"","background-media":"","overlay-type":"","overlay-color":"","overlay-opacity":"","overlay-gradient":""},"mobile":{"background-color":"","background-image":"","background-repeat":"repeat","background-position":"center center","background-size":"auto","background-attachment":"scroll","background-type":"","background-media":"","overlay-type":"","overlay-color":"","overlay-opacity":"","overlay-gradient":""}},"ast-content-background-meta":{"desktop":{"background-color":"var(--ast-global-color-5)","background-image":"","background-repeat":"repeat","background-position":"center center","background-size":"auto","background-attachment":"scroll","background-type":"","background-media":"","overlay-type":"","overlay-color":"","overlay-opacity":"","overlay-gradient":""},"tablet":{"background-color":"var(--ast-global-color-5)","background-image":"","background-repeat":"repeat","background-position":"center center","background-size":"auto","background-attachment":"scroll","background-type":"","background-media":"","overlay-type":"","overlay-color":"","overlay-opacity":"","overlay-gradient":""},"mobile":{"background-color":"var(--ast-global-color-5)","background-image":"","background-repeat":"repeat","background-position":"center center","background-size":"auto","background-attachment":"scroll","background-type":"","background-media":"","overlay-type":"","overlay-color":"","overlay-opacity":"","overlay-gradient":""}},"footnotes":""},"class_list":["post-18213","page","type-page","status-publish","hentry"],"_links":{"self":[{"href":"https:\/\/badnord.com\/index.php?rest_route=\/wp\/v2\/pages\/18213","targetHints":{"allow":["GET"]}}],"collection":[{"href":"https:\/\/badnord.com\/index.php?rest_route=\/wp\/v2\/pages"}],"about":[{"href":"https:\/\/badnord.com\/index.php?rest_route=\/wp\/v2\/types\/page"}],"author":[{"embeddable":true,"href":"https:\/\/badnord.com\/index.php?rest_route=\/wp\/v2\/users\/2"}],"replies":[{"embeddable":true,"href":"https:\/\/badnord.com\/index.php?rest_route=%2Fwp%2Fv2%2Fcomments&post=18213"}],"version-history":[{"count":10,"href":"https:\/\/badnord.com\/index.php?rest_route=\/wp\/v2\/pages\/18213\/revisions"}],"predecessor-version":[{"id":18255,"href":"https:\/\/badnord.com\/index.php?rest_route=\/wp\/v2\/pages\/18213\/revisions\/18255"}],"wp:attachment":[{"href":"https:\/\/badnord.com\/index.php?rest_route=%2Fwp%2Fv2%2Fmedia&parent=18213"}],"curies":[{"name":"wp","href":"https:\/\/api.w.org\/{rel}","templated":true}]}}