{"id":18205,"date":"2025-08-26T14:45:53","date_gmt":"2025-08-26T12:45:53","guid":{"rendered":"https:\/\/badnord.com\/?page_id=18205"},"modified":"2025-08-26T15:46:55","modified_gmt":"2025-08-26T13:46:55","slug":"devenir-officiel-technique","status":"publish","type":"page","link":"https:\/\/badnord.com\/?page_id=18205","title":{"rendered":"Devenir officiel technique"},"content":{"rendered":"\t\t<div data-elementor-type=\"wp-page\" data-elementor-id=\"18205\" class=\"elementor elementor-18205\" data-elementor-post-type=\"page\">\n\t\t\t\t\t\t<section class=\"elementor-section elementor-top-section elementor-element elementor-element-5554b0a elementor-section-boxed elementor-section-height-default elementor-section-height-default\" data-id=\"5554b0a\" data-element_type=\"section\" data-e-type=\"section\">\n\t\t\t\t\t\t<div class=\"elementor-container elementor-column-gap-default\">\n\t\t\t\t\t<div class=\"elementor-column elementor-col-66 elementor-top-column elementor-element elementor-element-774d1b0\" data-id=\"774d1b0\" data-element_type=\"column\" data-e-type=\"column\">\n\t\t\t<div class=\"elementor-widget-wrap elementor-element-populated\">\n\t\t\t\t\t\t<div class=\"elementor-element elementor-element-a0acb4a elementor-widget elementor-widget-text-editor\" data-id=\"a0acb4a\" data-element_type=\"widget\" data-e-type=\"widget\" data-widget_type=\"text-editor.default\">\n\t\t\t\t<div class=\"elementor-widget-container\">\n\t\t\t\t\t\t\t\t\t<div class=\"bt_bb_text\">\n<p>Pour tout savoir sur le r\u00f4le de chaque officiel technique (juge-arbitre, arbitre et juge de lignes), rendez-vous sur la page <span class=\"wdg_bloc_zoom wdg-select-all-ok\"><span class=\"valeur\">\u00ab<\/span><\/span><\/p>\n<p class=\"elementor-heading-title elementor-size-default\"><a href=\"https:\/\/badnord.com\/?page_id=13744\">Comment devenir arbitre ?<\/a>&nbsp;<a href=\"https:\/\/badnord.com\/?page_id=13755\">Comment devenir Juge Arbitre ?<\/a>&nbsp;Comment devenir Juge de ligne ?<\/p>\n<p>Les trois fili\u00e8res d\u2019officiels techniques poss\u00e8dent <strong>diff\u00e9rents grades.<\/strong> Chacun d\u2019eux correspond \u00e0 un certain niveau de ma\u00eetrise. La F\u00e9d\u00e9ration Fran\u00e7aise de Badminton (FFBaD) d\u00e9l\u00e8gue aux Ligues la gestion et l\u2019organisation des formations et des examens des OT pour les premiers grades :<\/p>\n<ul>\n<li><strong><u>Juge-arbitre :<\/u><\/strong> Ligue Accr\u00e9dit\u00e9, Ligue Certifi\u00e9<\/li>\n<li><strong><u>Arbitre :<\/u> <\/strong>Ligue Accr\u00e9dit\u00e9, Ligue Certifi\u00e9<\/li>\n<li><strong><u>Juge de ligne :<\/u> <\/strong>Accr\u00e9dit\u00e9<\/li>\n<\/ul>\n<p>Les grades suivants (F\u00e9d\u00e9raux, Internationaux, Badminton Europe (BE) et Badminton World Federation (BWF)) sont g\u00e9r\u00e9s par les instances sup\u00e9rieures.<\/p>\n<\/div>\t\t\t\t\t\t\t\t<\/div>\n\t\t\t\t<\/div>\n\t\t\t\t\t<\/div>\n\t\t<\/div>\n\t\t\t\t<div class=\"elementor-column elementor-col-33 elementor-top-column elementor-element elementor-element-279c235\" data-id=\"279c235\" data-element_type=\"column\" data-e-type=\"column\">\n\t\t\t<div class=\"elementor-widget-wrap\">\n\t\t\t\t\t\t\t<\/div>\n\t\t<\/div>\n\t\t\t\t\t<\/div>\n\t\t<\/section>\n\t\t\t\t<section class=\"elementor-section elementor-top-section elementor-element elementor-element-feb04ba elementor-section-boxed elementor-section-height-default elementor-section-height-default\" data-id=\"feb04ba\" data-element_type=\"section\" data-e-type=\"section\">\n\t\t\t\t\t\t<div class=\"elementor-container elementor-column-gap-default\">\n\t\t\t\t\t<div class=\"elementor-column elementor-col-66 elementor-top-column elementor-element elementor-element-1766719\" data-id=\"1766719\" data-element_type=\"column\" data-e-type=\"column\">\n\t\t\t<div class=\"elementor-widget-wrap elementor-element-populated\">\n\t\t\t\t\t\t<div class=\"elementor-element elementor-element-5edc2ad elementor-widget elementor-widget-text-editor\" data-id=\"5edc2ad\" data-element_type=\"widget\" data-e-type=\"widget\" data-widget_type=\"text-editor.default\">\n\t\t\t\t<div class=\"elementor-widget-container\">\n\t\t\t\t\t\t\t\t\t<div class=\"bt_bb_text\" data-bb-version=\"4.6.1\">\n<p>Les documents ci-dessous vous d\u00e9tailleront les diff\u00e9rents grades, les crit\u00e8res pour y acc\u00e9der et les activit\u00e9s \u00e0 respecter pour maintenir votre grade.<\/p><\/div><div class=\"bt_bb_tabs bt_bb_color_scheme_4 bt_bb_style_outline bt_bb_shape_square bt_bb__inited\" data-bt-override-class=\"{}\"><div class=\"bt_bb_tabs_tabs\">\n<div class=\"bt_bb_tab_item on\">\n<div class=\"bt_bb_tab_content\">\n<div class=\"bt_bb_text\">\n<ul>\n<li><a href=\"https:\/\/gdb.ffbad.org\/2021-2022\/Src\/GDB-06\/GUI06.02A01_FOR_FiliereJugeArbitrageArchitecture.pdf\" target=\"_blank\" rel=\"noopener\">Annexe 01 : Architecture des grades de juge-arbitre<\/a><\/li>\n<li><a href=\"https:\/\/gdb.ffbad.org\/2021-2022\/Src\/GDB-06\/GUI06.02A02_FOR_FiliereJugeArbitrageCriteres.pdf\" target=\"_blank\" rel=\"noopener\">Annexe 02 : Crit\u00e8res d\u2019accessibilit\u00e9 aux diff\u00e9rents grades de juge-arbitre<\/a><\/li>\n<li><a href=\"https:\/\/gdb.ffbad.org\/2021-2022\/Src\/GDB-06\/GUI06.02A03_FOR_FiliereJugeArbitrageModeOperatoire.pdf\" target=\"_blank\" rel=\"noopener\">Annexe 03 : Mode op\u00e9ratoire de la gestion des r\u00e9trogradations et des sanctions disciplinaires<\/a><\/li>\n<\/ul>\n<\/div>\n<\/div>\n<\/div>\n<\/div>\n<\/div>\t\t\t\t\t\t\t\t<\/div>\n\t\t\t\t<\/div>\n\t\t\t\t\t<\/div>\n\t\t<\/div>\n\t\t\t\t<div class=\"elementor-column elementor-col-33 elementor-top-column elementor-element elementor-element-040b642\" data-id=\"040b642\" data-element_type=\"column\" data-e-type=\"column\">\n\t\t\t<div class=\"elementor-widget-wrap\">\n\t\t\t\t\t\t\t<\/div>\n\t\t<\/div>\n\t\t\t\t\t<\/div>\n\t\t<\/section>\n\t\t\t\t<\/div>\n\t\t","protected":false},"excerpt":{"rendered":"<p>Pour tout savoir sur le r\u00f4le de chaque officiel technique (juge-arbitre, arbitre et juge de lignes), rendez-vous sur la page \u00ab Comment devenir arbitre ?&nbsp;Comment devenir Juge Arbitre ?&nbsp;Comment devenir Juge de ligne ? Les trois fili\u00e8res d\u2019officiels techniques poss\u00e8dent diff\u00e9rents grades. Chacun d\u2019eux correspond \u00e0 un certain niveau de ma\u00eetrise. La F\u00e9d\u00e9ration Fran\u00e7aise de [&hellip;]<\/p>\n","protected":false},"author":2,"featured_media":0,"parent":0,"menu_order":0,"comment_status":"closed","ping_status":"closed","template":"","meta":{"site-sidebar-layout":"no-sidebar","site-content-layout":"page-builder","ast-site-content-layout":"full-width-container","site-content-style":"default","site-sidebar-style":"default","ast-global-header-display":"","ast-banner-title-visibility":"","ast-main-header-display":"","ast-hfb-above-header-display":"","ast-hfb-below-header-display":"","ast-hfb-mobile-header-display":"","site-post-title":"disabled","ast-breadcrumbs-content":"","ast-featured-img":"disabled","footer-sml-layout":"","ast-disable-related-posts":"","theme-transparent-header-meta":"","adv-header-id-meta":"","stick-header-meta":"","header-above-stick-meta":"","header-main-stick-meta":"","header-below-stick-meta":"","astra-migrate-meta-layouts":"set","ast-page-background-enabled":"default","ast-page-background-meta":{"desktop":{"background-color":"var(--ast-global-color-4)","background-image":"","background-repeat":"repeat","background-position":"center center","background-size":"auto","background-attachment":"scroll","background-type":"","background-media":"","overlay-type":"","overlay-color":"","overlay-opacity":"","overlay-gradient":""},"tablet":{"background-color":"","background-image":"","background-repeat":"repeat","background-position":"center center","background-size":"auto","background-attachment":"scroll","background-type":"","background-media":"","overlay-type":"","overlay-color":"","overlay-opacity":"","overlay-gradient":""},"mobile":{"background-color":"","background-image":"","background-repeat":"repeat","background-position":"center center","background-size":"auto","background-attachment":"scroll","background-type":"","background-media":"","overlay-type":"","overlay-color":"","overlay-opacity":"","overlay-gradient":""}},"ast-content-background-meta":{"desktop":{"background-color":"var(--ast-global-color-5)","background-image":"","background-repeat":"repeat","background-position":"center center","background-size":"auto","background-attachment":"scroll","background-type":"","background-media":"","overlay-type":"","overlay-color":"","overlay-opacity":"","overlay-gradient":""},"tablet":{"background-color":"var(--ast-global-color-5)","background-image":"","background-repeat":"repeat","background-position":"center center","background-size":"auto","background-attachment":"scroll","background-type":"","background-media":"","overlay-type":"","overlay-color":"","overlay-opacity":"","overlay-gradient":""},"mobile":{"background-color":"var(--ast-global-color-5)","background-image":"","background-repeat":"repeat","background-position":"center center","background-size":"auto","background-attachment":"scroll","background-type":"","background-media":"","overlay-type":"","overlay-color":"","overlay-opacity":"","overlay-gradient":""}},"footnotes":""},"class_list":["post-18205","page","type-page","status-publish","hentry"],"_links":{"self":[{"href":"https:\/\/badnord.com\/index.php?rest_route=\/wp\/v2\/pages\/18205","targetHints":{"allow":["GET"]}}],"collection":[{"href":"https:\/\/badnord.com\/index.php?rest_route=\/wp\/v2\/pages"}],"about":[{"href":"https:\/\/badnord.com\/index.php?rest_route=\/wp\/v2\/types\/page"}],"author":[{"embeddable":true,"href":"https:\/\/badnord.com\/index.php?rest_route=\/wp\/v2\/users\/2"}],"replies":[{"embeddable":true,"href":"https:\/\/badnord.com\/index.php?rest_route=%2Fwp%2Fv2%2Fcomments&post=18205"}],"version-history":[{"count":8,"href":"https:\/\/badnord.com\/index.php?rest_route=\/wp\/v2\/pages\/18205\/revisions"}],"predecessor-version":[{"id":18246,"href":"https:\/\/badnord.com\/index.php?rest_route=\/wp\/v2\/pages\/18205\/revisions\/18246"}],"wp:attachment":[{"href":"https:\/\/badnord.com\/index.php?rest_route=%2Fwp%2Fv2%2Fmedia&parent=18205"}],"curies":[{"name":"wp","href":"https:\/\/api.w.org\/{rel}","templated":true}]}}