{"id":1546,"date":"2019-05-28T06:00:37","date_gmt":"2019-05-28T04:00:37","guid":{"rendered":"http:\/\/badnord.com\/?page_id=1546"},"modified":"2021-04-06T20:17:17","modified_gmt":"2021-04-06T18:17:17","slug":"programme-tete-de-reseau-cnds-2016","status":"publish","type":"page","link":"https:\/\/badnord.com\/?page_id=1546","title":{"rendered":"ANS 2021"},"content":{"rendered":"\n<figure class=\"wp-block-image is-resized\"><img decoding=\"async\" src=\"http:\/\/badnord.com\/wp-content\/uploads\/2019\/05\/logoans-150x84.jpg\" alt=\"\" class=\"wp-image-5528\" width=\"151\" height=\"85\" srcset=\"https:\/\/badnord.com\/wp-content\/uploads\/2019\/05\/logoans-150x84.jpg 150w, https:\/\/badnord.com\/wp-content\/uploads\/2019\/05\/logoans.jpg 500w\" sizes=\"(max-width: 151px) 100vw, 151px\" \/><\/figure>\n\n\n\n<p class=\"has-black-color has-text-color\">Le lancement de la nouvelle campagne ANS est pr\u00e9vu pour <strong>le 09 avril 2021, \u00e0 10h<\/strong>.<\/p>\n\n\n\n<p>Avec la cr\u00e9ation de l\u2019Agence Nationale du Sport, la gouvernance du CNDS a \u00e9t\u00e9 confi\u00e9e \u00e0 la F\u00e9d\u00e9ration Fran\u00e7aise de Badminton, qui aura donc pour mission de g\u00e9rer l\u2019enveloppe de 1,2 millions d\u2019Euros d\u00e9volue \u00e0 l\u2019ensemble du Badminton Fran\u00e7ais (FFBaD, Ligues, Comit\u00e9s et Clubs).  <\/p>\n\n\n\n<p>Pour campagne 2021 (ANS), la F\u00e9d\u00e9ration Fran\u00e7aise de Badminton en sa qualit\u00e9 de  f\u00e9d\u00e9ration pilote a \u00e9tabli, en relation avec l\u2019Agence nationale du  Sport, une note de cadrage relative aux priorit\u00e9s de la discipline.  Dans la d\u00e9finition des objectifs prioritaires, la f\u00e9d\u00e9ration s\u2019est  attach\u00e9e \u00e0 mettre en avant le d\u00e9veloppement de la pratique pour le plus  grand nombre qui correspond \u00e0 l\u2019objet premier de l&rsquo;ANS.  Elle a voulu aussi privil\u00e9gier les dispositifs f\u00e9d\u00e9raux quand ils  existaient et laisser la place aux projets innovants en l\u2019absence de ces  derniers. &nbsp; <\/p>\n\n\n\n<p class=\"has-vivid-red-color has-text-color\"><strong>Pour d\u00e9buter<\/strong> &#8230; <strong>Cl\u00f4turer de l&rsquo; ANS 2020 :<\/strong><\/p>\n\n\n\n<p class=\"has-black-color has-text-color\">Votre club a \u00e9t\u00e9 b\u00e9n\u00e9ficiaire d&rsquo;une subvention de l&rsquo;Agence nationale du Sport (ANS) pour l&rsquo;ann\u00e9e 2020.<br>La f\u00e9d\u00e9ration doit s&rsquo;assurer de la r\u00e9alit\u00e9 des actions financ\u00e9es au titre du projet sportif f\u00e9d\u00e9ral.<br>Vous trouverez, ci-joint, les documents permettant de rendre compte de vos actions subventionn\u00e9es en 2020 selon votre situation (action r\u00e9alis\u00e9e \/ action non termin\u00e9e ou non r\u00e9alis\u00e9e)&nbsp;:<\/p>\n\n\n\n<p class=\"has-vivid-cyan-blue-color has-text-color\">&#8211; <a rel=\"noreferrer noopener\" href=\"https:\/\/www.dropbox.com\/s\/rra0xksu6yzw6i8\/Schemas_scenarios_actions_financees_FFBaD_ANS_2020.pdf?dl=0\" target=\"_blank\">Les sch\u00e9mas des 2 sc\u00e9narios possibles<\/a>,<br>&#8211; <a rel=\"noreferrer noopener\" href=\"https:\/\/www.dropbox.com\/s\/i6x1k6eraq7dq4d\/Declaration_sur_honneur_report_subventions_ANS_2020.docx?dl=0\" target=\"_blank\">La d\u00e9claration sur l&rsquo;honneur pour une demande de report d&rsquo;une partie ou de la totalit\u00e9 des sommes per\u00e7ues en 2020<\/a>,<br>&#8211; <a rel=\"noreferrer noopener\" href=\"https:\/\/www.dropbox.com\/s\/bfu4oq6y7ci6q3l\/Guide2021_Le_Compte_Asso_Comptes_rendus_financiers.pdf?dl=0\" target=\"_blank\">Le guide Le Compte Asso pour vous aider \u00e0 compl\u00e9ter vos comptes-rendus financiers<\/a>.<\/p>\n\n\n\n<figure class=\"wp-block-gallery columns-3 is-cropped wp-block-gallery-1 is-layout-flex wp-block-gallery-is-layout-flex\"><ul class=\"blocks-gallery-grid\"><li class=\"blocks-gallery-item\"><figure><a href=\"https:\/\/badnord.com\/wp-content\/uploads\/2021\/04\/Evaluation-action-2020-1.png\"><img decoding=\"async\" width=\"150\" height=\"96\" src=\"https:\/\/badnord.com\/wp-content\/uploads\/2021\/04\/Evaluation-action-2020-1-150x96.png\" alt=\"\" data-id=\"8624\" data-full-url=\"https:\/\/badnord.com\/wp-content\/uploads\/2021\/04\/Evaluation-action-2020-1.png\" data-link=\"https:\/\/badnord.com\/?attachment_id=8624\" class=\"wp-image-8624\" srcset=\"https:\/\/badnord.com\/wp-content\/uploads\/2021\/04\/Evaluation-action-2020-1-150x96.png 150w, https:\/\/badnord.com\/wp-content\/uploads\/2021\/04\/Evaluation-action-2020-1-768x493.png 768w, https:\/\/badnord.com\/wp-content\/uploads\/2021\/04\/Evaluation-action-2020-1.png 860w\" sizes=\"(max-width: 150px) 100vw, 150px\" \/><\/a><\/figure><\/li><li class=\"blocks-gallery-item\"><figure><a href=\"https:\/\/badnord.com\/wp-content\/uploads\/2021\/04\/Evaluation-action-2020-2.png\"><img decoding=\"async\" width=\"150\" height=\"108\" src=\"https:\/\/badnord.com\/wp-content\/uploads\/2021\/04\/Evaluation-action-2020-2-150x108.png\" alt=\"\" data-id=\"8625\" data-full-url=\"https:\/\/badnord.com\/wp-content\/uploads\/2021\/04\/Evaluation-action-2020-2.png\" data-link=\"https:\/\/badnord.com\/?attachment_id=8625\" class=\"wp-image-8625\" srcset=\"https:\/\/badnord.com\/wp-content\/uploads\/2021\/04\/Evaluation-action-2020-2-150x108.png 150w, https:\/\/badnord.com\/wp-content\/uploads\/2021\/04\/Evaluation-action-2020-2-768x554.png 768w, https:\/\/badnord.com\/wp-content\/uploads\/2021\/04\/Evaluation-action-2020-2.png 872w\" sizes=\"(max-width: 150px) 100vw, 150px\" \/><\/a><\/figure><\/li><li class=\"blocks-gallery-item\"><figure><a href=\"https:\/\/badnord.com\/wp-content\/uploads\/2021\/04\/Evaluation-action-2020.png\"><img loading=\"lazy\" decoding=\"async\" width=\"150\" height=\"110\" src=\"https:\/\/badnord.com\/wp-content\/uploads\/2021\/04\/Evaluation-action-2020-150x110.png\" alt=\"\" data-id=\"8626\" data-full-url=\"https:\/\/badnord.com\/wp-content\/uploads\/2021\/04\/Evaluation-action-2020.png\" data-link=\"https:\/\/badnord.com\/?attachment_id=8626\" class=\"wp-image-8626\" srcset=\"https:\/\/badnord.com\/wp-content\/uploads\/2021\/04\/Evaluation-action-2020-150x110.png 150w, https:\/\/badnord.com\/wp-content\/uploads\/2021\/04\/Evaluation-action-2020-768x563.png 768w, https:\/\/badnord.com\/wp-content\/uploads\/2021\/04\/Evaluation-action-2020-80x60.png 80w, https:\/\/badnord.com\/wp-content\/uploads\/2021\/04\/Evaluation-action-2020.png 847w\" sizes=\"(max-width: 150px) 100vw, 150px\" \/><\/a><\/figure><\/li><\/ul><\/figure>\n\n\n\n<p>Dans son r\u00f4le d&rsquo;aide aux clubs du Nord et comme depuis plus de quatorze ans, le Comit\u00e9 D\u00e9partemental a mis en place une r\u00e9union de pr\u00e9sentation g\u00e9n\u00e9rale du dispositif. <\/p>\n\n\n\n<p>Vous trouverez ci-dessous l&rsquo;ensemble des supports utiles :<\/p>\n\n\n\n<p class=\"has-small-font-size\">Bilan 2020<\/p>\n\n\n\n<figure class=\"wp-block-gallery columns-2 is-cropped wp-block-gallery-2 is-layout-flex wp-block-gallery-is-layout-flex\"><ul class=\"blocks-gallery-grid\"><li class=\"blocks-gallery-item\"><figure><a href=\"https:\/\/badnord.com\/wp-content\/uploads\/2021\/04\/Bilan-2020-1.png\"><img loading=\"lazy\" decoding=\"async\" width=\"150\" height=\"110\" src=\"https:\/\/badnord.com\/wp-content\/uploads\/2021\/04\/Bilan-2020-1-150x110.png\" alt=\"\" data-id=\"8635\" data-full-url=\"https:\/\/badnord.com\/wp-content\/uploads\/2021\/04\/Bilan-2020-1.png\" data-link=\"https:\/\/badnord.com\/?attachment_id=8635\" class=\"wp-image-8635\" srcset=\"https:\/\/badnord.com\/wp-content\/uploads\/2021\/04\/Bilan-2020-1-150x110.png 150w, https:\/\/badnord.com\/wp-content\/uploads\/2021\/04\/Bilan-2020-1-80x60.png 80w, https:\/\/badnord.com\/wp-content\/uploads\/2021\/04\/Bilan-2020-1.png 649w\" sizes=\"(max-width: 150px) 100vw, 150px\" \/><\/a><\/figure><\/li><li class=\"blocks-gallery-item\"><figure><a href=\"https:\/\/badnord.com\/wp-content\/uploads\/2021\/04\/Bilan-2020-2.png\"><img loading=\"lazy\" decoding=\"async\" width=\"150\" height=\"100\" src=\"https:\/\/badnord.com\/wp-content\/uploads\/2021\/04\/Bilan-2020-2-150x100.png\" alt=\"\" data-id=\"8636\" data-full-url=\"https:\/\/badnord.com\/wp-content\/uploads\/2021\/04\/Bilan-2020-2.png\" data-link=\"https:\/\/badnord.com\/?attachment_id=8636\" class=\"wp-image-8636\" srcset=\"https:\/\/badnord.com\/wp-content\/uploads\/2021\/04\/Bilan-2020-2-150x100.png 150w, https:\/\/badnord.com\/wp-content\/uploads\/2021\/04\/Bilan-2020-2.png 633w\" sizes=\"(max-width: 150px) 100vw, 150px\" \/><\/a><\/figure><\/li><\/ul><\/figure>\n\n\n\n<p style=\"font-size:14px\"><a rel=\"noreferrer noopener\" href=\"https:\/\/www.dropbox.com\/s\/ohdf05xzbw6qtfe\/ANS%202021%20Cadre%20g%C3%A9n%C3%A9ral.pdf?dl=0\" target=\"_blank\">Pr\u00e9sentation du cadre g\u00e9n\u00e9ral ANS 2021<\/a><br><a rel=\"noreferrer noopener\" href=\"https:\/\/www.dropbox.com\/s\/9yhgfku5fmmagac\/ans_-_budget_2021.jpg?dl=0\" target=\"_blank\">Budget g\u00e9n\u00e9ral ANS 2021<\/a><br><a rel=\"noreferrer noopener\" href=\"https:\/\/lecompteasso.associations.gouv.fr\/associations\/769264\/subvention-demande\" target=\"_blank\">D\u00e9p\u00f4t dossier Agence Nationale du Sport (ANS)<\/a> code de subvention : 964<br><a rel=\"noreferrer noopener\" href=\"https:\/\/www.dropbox.com\/s\/wubjh3bgajmhlje\/Calendrier%20ANS%202021.pdf?dl=0\" target=\"_blank\">Calendrier pr\u00e9visionnel 2021<\/a><a rel=\"noreferrer noopener\" href=\"http:\/\/www.ffbad.org\/espaces-dedies\/dirigeants\/axes-de-developpement-federaux\/projet-federal\/\" target=\"_blank\">Projet F\u00e9d\u00e9ral <\/a><strong><br>Dossier (Actions \u00e9ligibles en 2021)<\/strong><br>&#8211; <a rel=\"noreferrer noopener\" href=\"https:\/\/gitmind.com\/app\/doc\/e9a2025046\" target=\"_blank\">Pour les LIGUES<\/a><br>&#8211; <a rel=\"noreferrer noopener\" href=\"https:\/\/gitmind.com\/app\/doc\/c332025015\" target=\"_blank\">Pour les COMITES<\/a><br>&#8211; <a rel=\"noreferrer noopener\" href=\"https:\/\/gitmind.com\/app\/doc\/4aa2025064\" target=\"_blank\">Pour les CLUBS<\/a><\/p>\n\n\n\n<figure class=\"wp-block-gallery columns-5 is-cropped wp-block-gallery-3 is-layout-flex wp-block-gallery-is-layout-flex\"><ul class=\"blocks-gallery-grid\"><li class=\"blocks-gallery-item\"><figure><a href=\"https:\/\/badnord.com\/wp-content\/uploads\/2021\/04\/Action-eligible-01.png\"><img loading=\"lazy\" decoding=\"async\" width=\"150\" height=\"110\" src=\"https:\/\/badnord.com\/wp-content\/uploads\/2021\/04\/Action-eligible-01-150x110.png\" alt=\"\" data-id=\"8613\" data-full-url=\"https:\/\/badnord.com\/wp-content\/uploads\/2021\/04\/Action-eligible-01.png\" data-link=\"https:\/\/badnord.com\/?attachment_id=8613\" class=\"wp-image-8613\" srcset=\"https:\/\/badnord.com\/wp-content\/uploads\/2021\/04\/Action-eligible-01-150x110.png 150w, https:\/\/badnord.com\/wp-content\/uploads\/2021\/04\/Action-eligible-01-768x562.png 768w, https:\/\/badnord.com\/wp-content\/uploads\/2021\/04\/Action-eligible-01-80x60.png 80w, https:\/\/badnord.com\/wp-content\/uploads\/2021\/04\/Action-eligible-01.png 844w\" sizes=\"(max-width: 150px) 100vw, 150px\" \/><\/a><\/figure><\/li><li class=\"blocks-gallery-item\"><figure><a href=\"https:\/\/badnord.com\/wp-content\/uploads\/2021\/04\/Action-eligible-1.png\"><img loading=\"lazy\" decoding=\"async\" width=\"150\" height=\"109\" src=\"https:\/\/badnord.com\/wp-content\/uploads\/2021\/04\/Action-eligible-1-150x109.png\" alt=\"\" data-id=\"8614\" data-full-url=\"https:\/\/badnord.com\/wp-content\/uploads\/2021\/04\/Action-eligible-1.png\" data-link=\"https:\/\/badnord.com\/?attachment_id=8614\" class=\"wp-image-8614\" srcset=\"https:\/\/badnord.com\/wp-content\/uploads\/2021\/04\/Action-eligible-1-150x109.png 150w, https:\/\/badnord.com\/wp-content\/uploads\/2021\/04\/Action-eligible-1-768x558.png 768w, https:\/\/badnord.com\/wp-content\/uploads\/2021\/04\/Action-eligible-1.png 876w\" sizes=\"(max-width: 150px) 100vw, 150px\" \/><\/a><\/figure><\/li><li class=\"blocks-gallery-item\"><figure><a href=\"https:\/\/badnord.com\/wp-content\/uploads\/2021\/04\/Action-eligible-02.png\"><img loading=\"lazy\" decoding=\"async\" width=\"150\" height=\"109\" src=\"https:\/\/badnord.com\/wp-content\/uploads\/2021\/04\/Action-eligible-02-150x109.png\" alt=\"\" data-id=\"8615\" data-full-url=\"https:\/\/badnord.com\/wp-content\/uploads\/2021\/04\/Action-eligible-02.png\" data-link=\"https:\/\/badnord.com\/?attachment_id=8615\" class=\"wp-image-8615\" srcset=\"https:\/\/badnord.com\/wp-content\/uploads\/2021\/04\/Action-eligible-02-150x109.png 150w, https:\/\/badnord.com\/wp-content\/uploads\/2021\/04\/Action-eligible-02-768x560.png 768w, https:\/\/badnord.com\/wp-content\/uploads\/2021\/04\/Action-eligible-02.png 856w\" sizes=\"(max-width: 150px) 100vw, 150px\" \/><\/a><\/figure><\/li><li class=\"blocks-gallery-item\"><figure><a href=\"https:\/\/badnord.com\/wp-content\/uploads\/2021\/04\/Action-eligible-2.png\"><img loading=\"lazy\" decoding=\"async\" width=\"150\" height=\"107\" src=\"https:\/\/badnord.com\/wp-content\/uploads\/2021\/04\/Action-eligible-2-150x107.png\" alt=\"\" data-id=\"8616\" data-full-url=\"https:\/\/badnord.com\/wp-content\/uploads\/2021\/04\/Action-eligible-2.png\" data-link=\"https:\/\/badnord.com\/?attachment_id=8616\" class=\"wp-image-8616\" srcset=\"https:\/\/badnord.com\/wp-content\/uploads\/2021\/04\/Action-eligible-2-150x107.png 150w, https:\/\/badnord.com\/wp-content\/uploads\/2021\/04\/Action-eligible-2-768x548.png 768w, https:\/\/badnord.com\/wp-content\/uploads\/2021\/04\/Action-eligible-2.png 877w\" sizes=\"(max-width: 150px) 100vw, 150px\" \/><\/a><\/figure><\/li><li class=\"blocks-gallery-item\"><figure><a href=\"https:\/\/badnord.com\/wp-content\/uploads\/2021\/04\/Action-eligible-3.png\"><img loading=\"lazy\" decoding=\"async\" width=\"150\" height=\"107\" src=\"https:\/\/badnord.com\/wp-content\/uploads\/2021\/04\/Action-eligible-3-150x107.png\" alt=\"\" data-id=\"8617\" data-full-url=\"https:\/\/badnord.com\/wp-content\/uploads\/2021\/04\/Action-eligible-3.png\" data-link=\"https:\/\/badnord.com\/?attachment_id=8617\" class=\"wp-image-8617\" srcset=\"https:\/\/badnord.com\/wp-content\/uploads\/2021\/04\/Action-eligible-3-150x107.png 150w, https:\/\/badnord.com\/wp-content\/uploads\/2021\/04\/Action-eligible-3-768x550.png 768w, https:\/\/badnord.com\/wp-content\/uploads\/2021\/04\/Action-eligible-3.png 866w\" sizes=\"(max-width: 150px) 100vw, 150px\" \/><\/a><\/figure><\/li><li class=\"blocks-gallery-item\"><figure><a href=\"https:\/\/badnord.com\/wp-content\/uploads\/2021\/04\/Action-eligible-4.png\"><img loading=\"lazy\" decoding=\"async\" width=\"150\" height=\"109\" src=\"https:\/\/badnord.com\/wp-content\/uploads\/2021\/04\/Action-eligible-4-150x109.png\" alt=\"\" data-id=\"8618\" data-full-url=\"https:\/\/badnord.com\/wp-content\/uploads\/2021\/04\/Action-eligible-4.png\" data-link=\"https:\/\/badnord.com\/?attachment_id=8618\" class=\"wp-image-8618\" srcset=\"https:\/\/badnord.com\/wp-content\/uploads\/2021\/04\/Action-eligible-4-150x109.png 150w, https:\/\/badnord.com\/wp-content\/uploads\/2021\/04\/Action-eligible-4-768x556.png 768w, https:\/\/badnord.com\/wp-content\/uploads\/2021\/04\/Action-eligible-4.png 860w\" sizes=\"(max-width: 150px) 100vw, 150px\" \/><\/a><\/figure><\/li><li class=\"blocks-gallery-item\"><figure><a href=\"https:\/\/badnord.com\/wp-content\/uploads\/2021\/04\/Action-eligible-5.png\"><img loading=\"lazy\" decoding=\"async\" width=\"150\" height=\"78\" src=\"https:\/\/badnord.com\/wp-content\/uploads\/2021\/04\/Action-eligible-5-150x78.png\" alt=\"\" data-id=\"8619\" data-full-url=\"https:\/\/badnord.com\/wp-content\/uploads\/2021\/04\/Action-eligible-5.png\" data-link=\"https:\/\/badnord.com\/?attachment_id=8619\" class=\"wp-image-8619\" srcset=\"https:\/\/badnord.com\/wp-content\/uploads\/2021\/04\/Action-eligible-5-150x78.png 150w, https:\/\/badnord.com\/wp-content\/uploads\/2021\/04\/Action-eligible-5-768x397.png 768w, https:\/\/badnord.com\/wp-content\/uploads\/2021\/04\/Action-eligible-5.png 858w\" sizes=\"(max-width: 150px) 100vw, 150px\" \/><\/a><\/figure><\/li><li class=\"blocks-gallery-item\"><figure><a href=\"https:\/\/badnord.com\/wp-content\/uploads\/2021\/04\/Action-eligible-6.png\"><img loading=\"lazy\" decoding=\"async\" width=\"150\" height=\"106\" src=\"https:\/\/badnord.com\/wp-content\/uploads\/2021\/04\/Action-eligible-6-150x106.png\" alt=\"\" data-id=\"8620\" data-full-url=\"https:\/\/badnord.com\/wp-content\/uploads\/2021\/04\/Action-eligible-6.png\" data-link=\"https:\/\/badnord.com\/?attachment_id=8620\" class=\"wp-image-8620\" srcset=\"https:\/\/badnord.com\/wp-content\/uploads\/2021\/04\/Action-eligible-6-150x106.png 150w, https:\/\/badnord.com\/wp-content\/uploads\/2021\/04\/Action-eligible-6-768x544.png 768w, https:\/\/badnord.com\/wp-content\/uploads\/2021\/04\/Action-eligible-6.png 872w\" sizes=\"(max-width: 150px) 100vw, 150px\" \/><\/a><\/figure><\/li><li class=\"blocks-gallery-item\"><figure><a href=\"https:\/\/badnord.com\/wp-content\/uploads\/2021\/04\/Action-eligible-7.png\"><img loading=\"lazy\" decoding=\"async\" width=\"150\" height=\"106\" src=\"https:\/\/badnord.com\/wp-content\/uploads\/2021\/04\/Action-eligible-7-150x106.png\" alt=\"\" data-id=\"8621\" data-full-url=\"https:\/\/badnord.com\/wp-content\/uploads\/2021\/04\/Action-eligible-7.png\" data-link=\"https:\/\/badnord.com\/?attachment_id=8621\" class=\"wp-image-8621\" srcset=\"https:\/\/badnord.com\/wp-content\/uploads\/2021\/04\/Action-eligible-7-150x106.png 150w, https:\/\/badnord.com\/wp-content\/uploads\/2021\/04\/Action-eligible-7-768x544.png 768w, https:\/\/badnord.com\/wp-content\/uploads\/2021\/04\/Action-eligible-7.png 872w\" sizes=\"(max-width: 150px) 100vw, 150px\" \/><\/a><\/figure><\/li><li class=\"blocks-gallery-item\"><figure><a href=\"https:\/\/badnord.com\/wp-content\/uploads\/2021\/04\/Action-eligible-8.png\"><img loading=\"lazy\" decoding=\"async\" width=\"150\" height=\"104\" src=\"https:\/\/badnord.com\/wp-content\/uploads\/2021\/04\/Action-eligible-8-150x104.png\" alt=\"\" data-id=\"8622\" data-full-url=\"https:\/\/badnord.com\/wp-content\/uploads\/2021\/04\/Action-eligible-8.png\" data-link=\"https:\/\/badnord.com\/?attachment_id=8622\" class=\"wp-image-8622\" srcset=\"https:\/\/badnord.com\/wp-content\/uploads\/2021\/04\/Action-eligible-8-150x104.png 150w, https:\/\/badnord.com\/wp-content\/uploads\/2021\/04\/Action-eligible-8-768x531.png 768w, https:\/\/badnord.com\/wp-content\/uploads\/2021\/04\/Action-eligible-8.png 867w\" sizes=\"(max-width: 150px) 100vw, 150px\" \/><\/a><\/figure><\/li><\/ul><\/figure>\n\n\n\n<p style=\"font-size:14px\">Recevabilit\u00e9 des dossiers<\/p>\n\n\n\n<figure class=\"wp-block-gallery columns-2 is-cropped wp-block-gallery-4 is-layout-flex wp-block-gallery-is-layout-flex\"><ul class=\"blocks-gallery-grid\"><li class=\"blocks-gallery-item\"><figure><a href=\"https:\/\/badnord.com\/wp-content\/uploads\/2021\/04\/Recevabilite-dossier-2021-1.png\"><img loading=\"lazy\" decoding=\"async\" width=\"150\" height=\"109\" src=\"https:\/\/badnord.com\/wp-content\/uploads\/2021\/04\/Recevabilite-dossier-2021-1-150x109.png\" alt=\"\" data-id=\"8631\" data-full-url=\"https:\/\/badnord.com\/wp-content\/uploads\/2021\/04\/Recevabilite-dossier-2021-1.png\" data-link=\"https:\/\/badnord.com\/?attachment_id=8631\" class=\"wp-image-8631\" srcset=\"https:\/\/badnord.com\/wp-content\/uploads\/2021\/04\/Recevabilite-dossier-2021-1-150x109.png 150w, https:\/\/badnord.com\/wp-content\/uploads\/2021\/04\/Recevabilite-dossier-2021-1-768x556.png 768w, https:\/\/badnord.com\/wp-content\/uploads\/2021\/04\/Recevabilite-dossier-2021-1.png 861w\" sizes=\"(max-width: 150px) 100vw, 150px\" \/><\/a><\/figure><\/li><li class=\"blocks-gallery-item\"><figure><a href=\"https:\/\/badnord.com\/wp-content\/uploads\/2021\/04\/Recevabilite-dossier-2021.png\"><img loading=\"lazy\" decoding=\"async\" width=\"150\" height=\"106\" src=\"https:\/\/badnord.com\/wp-content\/uploads\/2021\/04\/Recevabilite-dossier-2021-150x106.png\" alt=\"\" data-id=\"8632\" data-full-url=\"https:\/\/badnord.com\/wp-content\/uploads\/2021\/04\/Recevabilite-dossier-2021.png\" data-link=\"https:\/\/badnord.com\/?attachment_id=8632\" class=\"wp-image-8632\" srcset=\"https:\/\/badnord.com\/wp-content\/uploads\/2021\/04\/Recevabilite-dossier-2021-150x106.png 150w, https:\/\/badnord.com\/wp-content\/uploads\/2021\/04\/Recevabilite-dossier-2021-768x545.png 768w, https:\/\/badnord.com\/wp-content\/uploads\/2021\/04\/Recevabilite-dossier-2021.png 865w\" sizes=\"(max-width: 150px) 100vw, 150px\" \/><\/a><\/figure><\/li><\/ul><\/figure>\n\n\n\n<p style=\"font-size:14px\"><a rel=\"noreferrer noopener\" aria-label=\" (s\u2019ouvre dans un nouvel onglet)\" href=\"https:\/\/www.dropbox.com\/s\/q5gn9fd7r9x99gw\/pr%C3%A9sentation%20Projet%20associatif.pdf?dl=0\" target=\"_blank\">Pr\u00e9sentation du Projet Associatif pour les clubs (extrait)<\/a><br><a rel=\"noreferrer noopener\" aria-label=\"Le projet associatif, c'est quoi ? (s\u2019ouvre dans un nouvel onglet)\" href=\"https:\/\/www.dropbox.com\/s\/3h2k9pdvma3agoc\/Le%20projet%20Associatif%2C%20c%27est%20quoi.pdf?dl=0\" target=\"_blank\">Le projet associatif, c&rsquo;est quoi ? (complet)<\/a><br>Lien pour la note d&rsquo;orientation FFBaD  <\/p>\n\n\n\n<p class=\"has-pale-cyan-blue-background-color has-background\">Pour les clubs qui souhaitent d\u00e9poser un dossier de demande de subvention directement aupr\u00e8s de l&rsquo;ANS, cela se fera via la plateforme <strong>Le Compte Asso<\/strong>&nbsp;\u00e0 cette adresse : <a href=\"https:\/\/lecompteasso.associations.gouv.fr\/login\">https:\/\/lecompteasso.associations.gouv.fr\/login<\/a>.  Nous vous invitons \u00e0 consulter <a href=\"http:\/\/www.cnds.sports.gouv.fr\/IMG\/pdf\/2019-04-16_guide_le_compte_asso_vdef-min.pdf\">le manuel utilisateur \u00ab&nbsp;Le Compte Asso&nbsp;\u00bb<\/a>.   Vous pourrez d\u00e9poser votre dossier de subvention du <strong>09 avril 2021 au 10 mai 2021.<\/strong>  <\/p>\n\n\n\n<p>Contact \/ Renseignements : <br>Comit\u00e9 D\u00e9partemental du Nord<br>Dominique PLANTEFEVE<br>T\u00e9l. 09 54 39 31 26 &#8211; 03 20 91 31 95<br>Email : badminton59@free.fr <br><\/p>\n\n\n\n<div style=\"height:200px\" aria-hidden=\"true\" class=\"wp-block-spacer\"><\/div>\n\n\n\n<hr class=\"wp-block-separator is-style-wide\"\/>\n\n\n\n<p><\/p>\n","protected":false},"excerpt":{"rendered":"<p>Le lancement de la nouvelle campagne ANS est pr\u00e9vu pour le 09 avril 2021, \u00e0 10h. Avec la cr\u00e9ation de l\u2019Agence Nationale du Sport, la gouvernance du CNDS a \u00e9t\u00e9 confi\u00e9e \u00e0 la F\u00e9d\u00e9ration Fran\u00e7aise de Badminton, qui aura donc pour mission de g\u00e9rer l\u2019enveloppe de 1,2 millions d\u2019Euros d\u00e9volue \u00e0 l\u2019ensemble du Badminton Fran\u00e7ais [&hellip;]<\/p>\n","protected":false},"author":2,"featured_media":5528,"parent":0,"menu_order":0,"comment_status":"closed","ping_status":"closed","template":"","meta":{"site-sidebar-layout":"default","site-content-layout":"","ast-site-content-layout":"default","site-content-style":"default","site-sidebar-style":"default","ast-global-header-display":"","ast-banner-title-visibility":"","ast-main-header-display":"","ast-hfb-above-header-display":"","ast-hfb-below-header-display":"","ast-hfb-mobile-header-display":"","site-post-title":"","ast-breadcrumbs-content":"","ast-featured-img":"","footer-sml-layout":"","ast-disable-related-posts":"","theme-transparent-header-meta":"","adv-header-id-meta":"","stick-header-meta":"","header-above-stick-meta":"","header-main-stick-meta":"","header-below-stick-meta":"","astra-migrate-meta-layouts":"default","ast-page-background-enabled":"default","ast-page-background-meta":{"desktop":{"background-color":"var(--ast-global-color-4)","background-image":"","background-repeat":"repeat","background-position":"center center","background-size":"auto","background-attachment":"scroll","background-type":"","background-media":"","overlay-type":"","overlay-color":"","overlay-opacity":"","overlay-gradient":""},"tablet":{"background-color":"","background-image":"","background-repeat":"repeat","background-position":"center center","background-size":"auto","background-attachment":"scroll","background-type":"","background-media":"","overlay-type":"","overlay-color":"","overlay-opacity":"","overlay-gradient":""},"mobile":{"background-color":"","background-image":"","background-repeat":"repeat","background-position":"center center","background-size":"auto","background-attachment":"scroll","background-type":"","background-media":"","overlay-type":"","overlay-color":"","overlay-opacity":"","overlay-gradient":""}},"ast-content-background-meta":{"desktop":{"background-color":"var(--ast-global-color-5)","background-image":"","background-repeat":"repeat","background-position":"center center","background-size":"auto","background-attachment":"scroll","background-type":"","background-media":"","overlay-type":"","overlay-color":"","overlay-opacity":"","overlay-gradient":""},"tablet":{"background-color":"var(--ast-global-color-5)","background-image":"","background-repeat":"repeat","background-position":"center center","background-size":"auto","background-attachment":"scroll","background-type":"","background-media":"","overlay-type":"","overlay-color":"","overlay-opacity":"","overlay-gradient":""},"mobile":{"background-color":"var(--ast-global-color-5)","background-image":"","background-repeat":"repeat","background-position":"center center","background-size":"auto","background-attachment":"scroll","background-type":"","background-media":"","overlay-type":"","overlay-color":"","overlay-opacity":"","overlay-gradient":""}},"footnotes":""},"class_list":["post-1546","page","type-page","status-publish","has-post-thumbnail","hentry"],"_links":{"self":[{"href":"https:\/\/badnord.com\/index.php?rest_route=\/wp\/v2\/pages\/1546","targetHints":{"allow":["GET"]}}],"collection":[{"href":"https:\/\/badnord.com\/index.php?rest_route=\/wp\/v2\/pages"}],"about":[{"href":"https:\/\/badnord.com\/index.php?rest_route=\/wp\/v2\/types\/page"}],"author":[{"embeddable":true,"href":"https:\/\/badnord.com\/index.php?rest_route=\/wp\/v2\/users\/2"}],"replies":[{"embeddable":true,"href":"https:\/\/badnord.com\/index.php?rest_route=%2Fwp%2Fv2%2Fcomments&post=1546"}],"version-history":[{"count":103,"href":"https:\/\/badnord.com\/index.php?rest_route=\/wp\/v2\/pages\/1546\/revisions"}],"predecessor-version":[{"id":9252,"href":"https:\/\/badnord.com\/index.php?rest_route=\/wp\/v2\/pages\/1546\/revisions\/9252"}],"wp:featuredmedia":[{"embeddable":true,"href":"https:\/\/badnord.com\/index.php?rest_route=\/wp\/v2\/media\/5528"}],"wp:attachment":[{"href":"https:\/\/badnord.com\/index.php?rest_route=%2Fwp%2Fv2%2Fmedia&parent=1546"}],"curies":[{"name":"wp","href":"https:\/\/api.w.org\/{rel}","templated":true}]}}