{"id":15206,"date":"2024-09-24T10:58:56","date_gmt":"2024-09-24T08:58:56","guid":{"rendered":"https:\/\/badnord.com\/?page_id=15206"},"modified":"2025-01-12T10:46:56","modified_gmt":"2025-01-12T08:46:56","slug":"communication-clubs-2","status":"publish","type":"page","link":"https:\/\/badnord.com\/?page_id=15206","title":{"rendered":"Communication Clubs"},"content":{"rendered":"\t\t<div data-elementor-type=\"wp-page\" data-elementor-id=\"15206\" class=\"elementor elementor-15206\" data-elementor-post-type=\"page\">\n\t\t\t\t\t\t<section class=\"elementor-section elementor-top-section elementor-element elementor-element-baa4192 elementor-section-boxed elementor-section-height-default elementor-section-height-default\" data-id=\"baa4192\" data-element_type=\"section\" data-e-type=\"section\">\n\t\t\t\t\t\t<div class=\"elementor-container elementor-column-gap-default\">\n\t\t\t\t\t<div class=\"elementor-column elementor-col-100 elementor-top-column elementor-element elementor-element-c02a352\" data-id=\"c02a352\" data-element_type=\"column\" data-e-type=\"column\">\n\t\t\t<div class=\"elementor-widget-wrap elementor-element-populated\">\n\t\t\t\t\t\t<div class=\"elementor-element elementor-element-453987f elementor-widget elementor-widget-heading\" data-id=\"453987f\" data-element_type=\"widget\" data-e-type=\"widget\" data-widget_type=\"heading.default\">\n\t\t\t\t<div class=\"elementor-widget-container\">\n\t\t\t\t\t<h4 class=\"elementor-heading-title elementor-size-default\">Envoyez vos affiches, tracs, documents,...<\/h4>\t\t\t\t<\/div>\n\t\t\t\t<\/div>\n\t\t\t\t\t<\/div>\n\t\t<\/div>\n\t\t\t\t\t<\/div>\n\t\t<\/section>\n\t\t\t\t<section class=\"elementor-section elementor-top-section elementor-element elementor-element-b6a4cc5 elementor-section-boxed elementor-section-height-default elementor-section-height-default\" data-id=\"b6a4cc5\" data-element_type=\"section\" data-e-type=\"section\">\n\t\t\t\t\t\t<div class=\"elementor-container elementor-column-gap-default\">\n\t\t\t\t\t<div class=\"elementor-column elementor-col-33 elementor-top-column elementor-element elementor-element-f0647df\" data-id=\"f0647df\" data-element_type=\"column\" data-e-type=\"column\">\n\t\t\t<div class=\"elementor-widget-wrap elementor-element-populated\">\n\t\t\t\t\t\t<div class=\"elementor-element elementor-element-f55efa9 elementor-widget elementor-widget-image\" data-id=\"f55efa9\" data-element_type=\"widget\" data-e-type=\"widget\" data-widget_type=\"image.default\">\n\t\t\t\t<div class=\"elementor-widget-container\">\n\t\t\t\t\t\t\t\t\t\t\t\t\t\t\t<img decoding=\"async\" width=\"150\" height=\"150\" src=\"https:\/\/badnord.com\/wp-content\/uploads\/2024\/09\/7-1-150x150.png\" class=\"attachment-large size-large wp-image-15114\" alt=\"\" srcset=\"https:\/\/badnord.com\/wp-content\/uploads\/2024\/09\/7-1-150x150.png 150w, https:\/\/badnord.com\/wp-content\/uploads\/2024\/09\/7-1.png 500w\" sizes=\"(max-width: 150px) 100vw, 150px\" \/>\t\t\t\t\t\t\t\t\t\t\t\t\t\t\t<\/div>\n\t\t\t\t<\/div>\n\t\t\t\t\t<\/div>\n\t\t<\/div>\n\t\t\t\t<div class=\"elementor-column elementor-col-66 elementor-top-column elementor-element elementor-element-058187e\" data-id=\"058187e\" data-element_type=\"column\" data-e-type=\"column\">\n\t\t\t<div class=\"elementor-widget-wrap elementor-element-populated\">\n\t\t\t\t\t\t<div class=\"elementor-element elementor-element-154adbd elementor-widget elementor-widget-text-editor\" data-id=\"154adbd\" data-element_type=\"widget\" data-e-type=\"widget\" data-widget_type=\"text-editor.default\">\n\t\t\t\t<div class=\"elementor-widget-container\">\n\t\t\t\t\t\t\t\t\t<p style=\"text-align: left;\"><br \/>Le Comit\u00e9 du Nord tient \u00e0\u00a0 disposition des clubs ses canaux de diffusion (r\u00e9seaux, sites, newsletter,&#8230;) pour vos affiches, tracs, documents,&#8230;<\/p><p><img decoding=\"async\" class=\"emoji\" role=\"img\" draggable=\"false\" src=\"https:\/\/s.w.org\/images\/core\/emoji\/15.0.3\/svg\/1f6a9.svg\" alt=\"\ud83d\udea9\" \/> D\u00e9poser ces documents \u00e0 l&rsquo;aide du lien\u00a0<a href=\"https:\/\/www.dropbox.com\/request\/aPT2JueQO0yccLYIO2AU\" target=\"_blank\" rel=\"noopener\">ICI<br \/><\/a><span style=\"text-decoration: underline;\">Une seule obligation<\/span> que le logo du Comit\u00e9 y soit pr\u00e9sent &#8230; un d\u00e9tail \ud83d\ude09\u00a0\u00a0 &gt; <a href=\"https:\/\/badnord.com\/?page_id=15075\" target=\"_blank\" rel=\"noopener\">Logo(s) \u00e0 t\u00e9l\u00e9charger ICI<br \/><\/a><\/p>\t\t\t\t\t\t\t\t<\/div>\n\t\t\t\t<\/div>\n\t\t\t\t\t<\/div>\n\t\t<\/div>\n\t\t\t\t\t<\/div>\n\t\t<\/section>\n\t\t\t\t<section class=\"elementor-section elementor-top-section elementor-element elementor-element-ab013f9 elementor-section-boxed elementor-section-height-default elementor-section-height-default\" data-id=\"ab013f9\" data-element_type=\"section\" data-e-type=\"section\">\n\t\t\t\t\t\t<div class=\"elementor-container elementor-column-gap-default\">\n\t\t\t\t\t<div class=\"elementor-column elementor-col-100 elementor-top-column elementor-element elementor-element-40dbbec\" data-id=\"40dbbec\" data-element_type=\"column\" data-e-type=\"column\">\n\t\t\t<div class=\"elementor-widget-wrap elementor-element-populated\">\n\t\t\t\t\t\t<div class=\"elementor-element elementor-element-7dc5e2c elementor-widget elementor-widget-heading\" data-id=\"7dc5e2c\" data-element_type=\"widget\" data-e-type=\"widget\" data-widget_type=\"heading.default\">\n\t\t\t\t<div class=\"elementor-widget-container\">\n\t\t\t\t\t<h4 class=\"elementor-heading-title elementor-size-default\">Discuter et \u00e9changer entre acteurs du d\u00e9veloppement<\/h4>\t\t\t\t<\/div>\n\t\t\t\t<\/div>\n\t\t\t\t\t<\/div>\n\t\t<\/div>\n\t\t\t\t\t<\/div>\n\t\t<\/section>\n\t\t\t\t<section class=\"elementor-section elementor-top-section elementor-element elementor-element-fdb315e elementor-section-boxed elementor-section-height-default elementor-section-height-default\" data-id=\"fdb315e\" data-element_type=\"section\" data-e-type=\"section\">\n\t\t\t\t\t\t<div class=\"elementor-container elementor-column-gap-default\">\n\t\t\t\t\t<div class=\"elementor-column elementor-col-33 elementor-top-column elementor-element elementor-element-949298a\" data-id=\"949298a\" data-element_type=\"column\" data-e-type=\"column\">\n\t\t\t<div class=\"elementor-widget-wrap elementor-element-populated\">\n\t\t\t\t\t\t<div class=\"elementor-element elementor-element-cb8c427 elementor-widget elementor-widget-image\" data-id=\"cb8c427\" data-element_type=\"widget\" data-e-type=\"widget\" data-widget_type=\"image.default\">\n\t\t\t\t<div class=\"elementor-widget-container\">\n\t\t\t\t\t\t\t\t\t\t\t\t\t\t\t<img fetchpriority=\"high\" decoding=\"async\" width=\"168\" height=\"300\" src=\"https:\/\/badnord.com\/wp-content\/uploads\/2025\/01\/wats.png\" class=\"attachment-full size-full wp-image-16268\" alt=\"\" srcset=\"https:\/\/badnord.com\/wp-content\/uploads\/2025\/01\/wats.png 168w, https:\/\/badnord.com\/wp-content\/uploads\/2025\/01\/wats-84x150.png 84w\" sizes=\"(max-width: 168px) 100vw, 168px\" \/>\t\t\t\t\t\t\t\t\t\t\t\t\t\t\t<\/div>\n\t\t\t\t<\/div>\n\t\t\t\t\t<\/div>\n\t\t<\/div>\n\t\t\t\t<div class=\"elementor-column elementor-col-66 elementor-top-column elementor-element elementor-element-a59b610\" data-id=\"a59b610\" data-element_type=\"column\" data-e-type=\"column\">\n\t\t\t<div class=\"elementor-widget-wrap elementor-element-populated\">\n\t\t\t\t\t\t<div class=\"elementor-element elementor-element-960cbc5 elementor-widget elementor-widget-text-editor\" data-id=\"960cbc5\" data-element_type=\"widget\" data-e-type=\"widget\" data-widget_type=\"text-editor.default\">\n\t\t\t\t<div class=\"elementor-widget-container\">\n\t\t\t\t\t\t\t\t\t<p style=\"text-align: left;\">Le Comit\u00e9 du Nord vous propose trois groupes d&rsquo;\u00e9change et d&rsquo;information sur WhatsApp<\/p>\n<p style=\"text-align: left;\">\u2705 les groupe des dirigeants des clubs du Nord<br>&nbsp;&nbsp;&nbsp;&nbsp;&nbsp;&nbsp;&nbsp; Lien d&rsquo;invitation : <a href=\"https:\/\/chat.whatsapp.com\/KU7LqXyzG7sKdbn0xErwxa\">https:\/\/chat.whatsapp.com\/KU7LqXyzG7sKdbn0xErwxa<\/a><br><\/p>\n<p style=\"text-align: left;\">\u2705Le groupe des entraineurs, animateurs, educateurs du Nord<br>&nbsp;&nbsp;&nbsp;&nbsp;&nbsp;&nbsp; Lien d&rsquo;invitation : <a href=\"https:\/\/chat.whatsapp.com\/CGKx46jntf30hFW5sbrtfJ\">https:\/\/chat.whatsapp.com\/CGKx46jntf30hFW5sbrtfJ<\/a><\/p>\n<p style=\"text-align: left;\">\u2705 Le groupe des officiels Techniques (arbitres, Juges Arbitres) et GEO,SOC<br>&nbsp;&nbsp;&nbsp;&nbsp;&nbsp;&nbsp; Lien d&rsquo;invitation : <a href=\"https:\/\/chat.whatsapp.com\/HSYOR7pEEW2BZuzCCxcZiD\">https:\/\/chat.whatsapp.com\/HSYOR7pEEW2BZuzCCxcZiD<\/a><\/p>\n<p style=\"text-align: left;\">\n<\/p>\t\t\t\t\t\t\t\t<\/div>\n\t\t\t\t<\/div>\n\t\t\t\t\t<\/div>\n\t\t<\/div>\n\t\t\t\t\t<\/div>\n\t\t<\/section>\n\t\t\t\t<\/div>\n\t\t","protected":false},"excerpt":{"rendered":"","protected":false},"author":2,"featured_media":0,"parent":0,"menu_order":0,"comment_status":"closed","ping_status":"closed","template":"","meta":{"site-sidebar-layout":"no-sidebar","site-content-layout":"page-builder","ast-site-content-layout":"full-width-container","site-content-style":"default","site-sidebar-style":"default","ast-global-header-display":"","ast-banner-title-visibility":"","ast-main-header-display":"","ast-hfb-above-header-display":"","ast-hfb-below-header-display":"","ast-hfb-mobile-header-display":"","site-post-title":"disabled","ast-breadcrumbs-content":"","ast-featured-img":"disabled","footer-sml-layout":"","ast-disable-related-posts":"","theme-transparent-header-meta":"","adv-header-id-meta":"","stick-header-meta":"","header-above-stick-meta":"","header-main-stick-meta":"","header-below-stick-meta":"","astra-migrate-meta-layouts":"set","ast-page-background-enabled":"default","ast-page-background-meta":{"desktop":{"background-color":"var(--ast-global-color-4)","background-image":"","background-repeat":"repeat","background-position":"center center","background-size":"auto","background-attachment":"scroll","background-type":"","background-media":"","overlay-type":"","overlay-color":"","overlay-opacity":"","overlay-gradient":""},"tablet":{"background-color":"","background-image":"","background-repeat":"repeat","background-position":"center center","background-size":"auto","background-attachment":"scroll","background-type":"","background-media":"","overlay-type":"","overlay-color":"","overlay-opacity":"","overlay-gradient":""},"mobile":{"background-color":"","background-image":"","background-repeat":"repeat","background-position":"center center","background-size":"auto","background-attachment":"scroll","background-type":"","background-media":"","overlay-type":"","overlay-color":"","overlay-opacity":"","overlay-gradient":""}},"ast-content-background-meta":{"desktop":{"background-color":"var(--ast-global-color-5)","background-image":"","background-repeat":"repeat","background-position":"center center","background-size":"auto","background-attachment":"scroll","background-type":"","background-media":"","overlay-type":"","overlay-color":"","overlay-opacity":"","overlay-gradient":""},"tablet":{"background-color":"var(--ast-global-color-5)","background-image":"","background-repeat":"repeat","background-position":"center center","background-size":"auto","background-attachment":"scroll","background-type":"","background-media":"","overlay-type":"","overlay-color":"","overlay-opacity":"","overlay-gradient":""},"mobile":{"background-color":"var(--ast-global-color-5)","background-image":"","background-repeat":"repeat","background-position":"center center","background-size":"auto","background-attachment":"scroll","background-type":"","background-media":"","overlay-type":"","overlay-color":"","overlay-opacity":"","overlay-gradient":""}},"footnotes":""},"class_list":["post-15206","page","type-page","status-publish","hentry"],"_links":{"self":[{"href":"https:\/\/badnord.com\/index.php?rest_route=\/wp\/v2\/pages\/15206","targetHints":{"allow":["GET"]}}],"collection":[{"href":"https:\/\/badnord.com\/index.php?rest_route=\/wp\/v2\/pages"}],"about":[{"href":"https:\/\/badnord.com\/index.php?rest_route=\/wp\/v2\/types\/page"}],"author":[{"embeddable":true,"href":"https:\/\/badnord.com\/index.php?rest_route=\/wp\/v2\/users\/2"}],"replies":[{"embeddable":true,"href":"https:\/\/badnord.com\/index.php?rest_route=%2Fwp%2Fv2%2Fcomments&post=15206"}],"version-history":[{"count":27,"href":"https:\/\/badnord.com\/index.php?rest_route=\/wp\/v2\/pages\/15206\/revisions"}],"predecessor-version":[{"id":16277,"href":"https:\/\/badnord.com\/index.php?rest_route=\/wp\/v2\/pages\/15206\/revisions\/16277"}],"wp:attachment":[{"href":"https:\/\/badnord.com\/index.php?rest_route=%2Fwp%2Fv2%2Fmedia&parent=15206"}],"curies":[{"name":"wp","href":"https:\/\/api.w.org\/{rel}","templated":true}]}}