{"id":14505,"date":"2024-07-15T16:10:13","date_gmt":"2024-07-15T14:10:13","guid":{"rendered":"https:\/\/badnord.com\/?page_id=14505"},"modified":"2024-07-15T17:11:03","modified_gmt":"2024-07-15T15:11:03","slug":"plateau-minibad-3","status":"publish","type":"page","link":"https:\/\/badnord.com\/?page_id=14505","title":{"rendered":"Plateau MiniBad"},"content":{"rendered":"\t\t<div data-elementor-type=\"wp-page\" data-elementor-id=\"14505\" class=\"elementor elementor-14505\" data-elementor-post-type=\"page\">\n\t\t\t\t\t\t<section class=\"elementor-section elementor-top-section elementor-element elementor-element-a0d3470 elementor-section-boxed elementor-section-height-default elementor-section-height-default\" data-id=\"a0d3470\" data-element_type=\"section\" data-e-type=\"section\">\n\t\t\t\t\t\t<div class=\"elementor-container elementor-column-gap-default\">\n\t\t\t\t\t<div class=\"elementor-column elementor-col-100 elementor-top-column elementor-element elementor-element-2db60ed\" data-id=\"2db60ed\" data-element_type=\"column\" data-e-type=\"column\">\n\t\t\t<div class=\"elementor-widget-wrap elementor-element-populated\">\n\t\t\t\t\t\t<div class=\"elementor-element elementor-element-0e79ddd elementor-widget elementor-widget-heading\" data-id=\"0e79ddd\" data-element_type=\"widget\" data-e-type=\"widget\" data-widget_type=\"heading.default\">\n\t\t\t\t<div class=\"elementor-widget-container\">\n\t\t\t\t\t<h4 class=\"elementor-heading-title elementor-size-default\">Les plateaux MiniBad<\/h4>\t\t\t\t<\/div>\n\t\t\t\t<\/div>\n\t\t\t\t\t<\/div>\n\t\t<\/div>\n\t\t\t\t\t<\/div>\n\t\t<\/section>\n\t\t\t\t<section class=\"elementor-section elementor-top-section elementor-element elementor-element-3af4730 elementor-section-boxed elementor-section-height-default elementor-section-height-default\" data-id=\"3af4730\" data-element_type=\"section\" data-e-type=\"section\">\n\t\t\t\t\t\t<div class=\"elementor-container elementor-column-gap-default\">\n\t\t\t\t\t<div class=\"elementor-column elementor-col-33 elementor-top-column elementor-element elementor-element-47c7b48\" data-id=\"47c7b48\" data-element_type=\"column\" data-e-type=\"column\">\n\t\t\t<div class=\"elementor-widget-wrap elementor-element-populated\">\n\t\t\t\t\t\t<div class=\"elementor-element elementor-element-15d007c elementor-widget elementor-widget-text-editor\" data-id=\"15d007c\" data-element_type=\"widget\" data-e-type=\"widget\" data-widget_type=\"text-editor.default\">\n\t\t\t\t<div class=\"elementor-widget-container\">\n\t\t\t\t\t\t\t\t\t<p>L\u2019objectif d\u2019un plateau est de proposer dans un temps r\u00e9duit une pratique adapt\u00e9e \u00e0 un public jeune. Le plateau MiniBad est une initiation qui permet aux enfants de diff\u00e9rents clubs de se rencontrer dans un cadre ludique.<br>Ainsi, le plateau MiniBad est un \u00e9l\u00e9ment du Dispositif Jeunes qui touche \u00e0 la formation du jeune joueur de badminton.<\/p>\n<p>Le plateau MiniBad est aussi un lieu d\u2019\u00e9changes pour les dirigeants et les \u00e9ducateurs des diff\u00e9rents clubs et un moment de partage d\u2019exp\u00e9riences et de mutualisation de moyens.<\/p>\n<p>En aucun cas le plateau MiniBad ne peut \u00eatre consid\u00e9r\u00e9 comme une comp\u00e9tition officielle et les r\u00e9sultats des matchs ne seront pas pris en compte pour le classement.<\/p>\n<ul>\n<li><a href=\"https:\/\/www.dropbox.com\/scl\/fo\/bskdfaajfapad35pejyte\/AOlNGtdc8RZDsYhBN7322ZM?rlkey=mafk4jf6xon3eillnn39wda9e&amp;dl=0\" target=\"_blank\" rel=\"noopener\">Retrouvez le calendrier des plateaux MiniBad<\/a><\/li>\n<\/ul>\n<div>\n<h4>Pourquoi ?<\/h4>\n<ul>\n<li><strong>Objectif :<\/strong> Initiation \u00e0 la comp\u00e9tition dans un cadre ludique.<\/li>\n<li><strong>Dur\u00e9e :<\/strong> 3h, demi-journ\u00e9e (samedi matin ou apr\u00e8s midi au choix).<\/li>\n<\/ul>\n<h4>Pour qui ?<\/h4>\n<ul>\n<li><strong>Jeunes :<\/strong> Mini-bad<\/li>\n<li><strong>Tenue :<\/strong> Short, Tee-shirt, chaussures et raquette.<\/li>\n<\/ul>\n<div style=\"height: 20px;\" aria-hidden=\"true\">&nbsp;<\/div>\n<h4>Le Comit\u00e9<\/h4>\n<ul>\n<li><strong>Communique<\/strong> sur l\u2019\u00e9v\u00e9nement<\/li>\n<li><strong>G\u00e8re<\/strong> les inscriptions<\/li>\n<li><strong>S\u2019occupe<\/strong> des dipl\u00f4mes et les enverra directement aux enfants pr\u00e9sents. <\/li>\n<\/ul>\n<h4>Le Club<\/h4>\n<ul>\n<li><strong>G\u00e8re<\/strong> l\u2019ouverture \/ fermeture du gymnase<\/li>\n<li><strong>Fournit le mat\u00e9riel<\/strong> (plots, volants, c\u00f4nes, \u00e9chelles\u2026)<\/li>\n<li><strong>Recherche<\/strong> des moniteurs et b\u00e9n\u00e9voles<\/li>\n<li><strong>Pr\u00e9pare<\/strong> une collation et\/ou un go\u00fbter<\/li>\n<\/ul>\n<\/div>\t\t\t\t\t\t\t\t<\/div>\n\t\t\t\t<\/div>\n\t\t\t\t\t<\/div>\n\t\t<\/div>\n\t\t\t\t<div class=\"elementor-column elementor-col-66 elementor-top-column elementor-element elementor-element-8a633ef\" data-id=\"8a633ef\" data-element_type=\"column\" data-e-type=\"column\">\n\t\t\t<div class=\"elementor-widget-wrap elementor-element-populated\">\n\t\t\t\t\t\t<div class=\"elementor-element elementor-element-71ab887 elementor-widget elementor-widget-html\" data-id=\"71ab887\" data-element_type=\"widget\" data-e-type=\"widget\" data-widget_type=\"html.default\">\n\t\t\t\t<div class=\"elementor-widget-container\">\n\t\t\t\t\t<iframe src=\"https:\/\/www.google.com\/maps\/d\/embed?mid=1-m55Hvr0I4ogHyhU0jGuZ9IN7QjjAYE&hl=fr&ehbc=2E312F\" width=\"640\" height=\"480\"><\/iframe>\t\t\t\t<\/div>\n\t\t\t\t<\/div>\n\t\t\t\t<div class=\"elementor-element elementor-element-6f2758d elementor-widget elementor-widget-text-editor\" data-id=\"6f2758d\" data-element_type=\"widget\" data-e-type=\"widget\" data-widget_type=\"text-editor.default\">\n\t\t\t\t<div class=\"elementor-widget-container\">\n\t\t\t\t\t\t\t\t\t<p><strong>Votre club souhaite accueillir un plateau MiniBad ?<br \/><\/strong><br \/>N&rsquo;h\u00e9sitez pas \u00e0 nous contacter d\u00e8s que vous en avez d\u00e9terminer la ou les dates d&rsquo;accueil en envoyant un courriel \u00e0 l&rsquo;adresse : <a href=\"http:\/\/viesportive@badnord .com\">viesportive@badnord .com<\/a> ou par t\u00e9l\u00e9phone au 09 54 39 31 26<\/p><p><strong>Votre club ne dispose pas de l&rsquo;encadrement ?<\/strong><\/p><p>Pas de probl\u00e8me, nous tenterons de vous aider \u00e0 trouver un \u00e9ducateur pr\u00e9sent sur votre secteur qui pourrait \u00e9ventuellement intervenir sur place. Contactez-nous en envoyant un courriel \u00e0 l&rsquo;adresse :<a href=\"mailto:viesportive@badnord .com\"> viesportive@badnord .com<\/a> ou par t\u00e9l\u00e9phone au 09 54 39 31 26<\/p><p>\u00a0<\/p>\t\t\t\t\t\t\t\t<\/div>\n\t\t\t\t<\/div>\n\t\t\t\t\t<\/div>\n\t\t<\/div>\n\t\t\t\t\t<\/div>\n\t\t<\/section>\n\t\t\t\t<\/div>\n\t\t","protected":false},"excerpt":{"rendered":"<p>Les plateaux MiniBad L\u2019objectif d\u2019un plateau est de proposer dans un temps r\u00e9duit une pratique adapt\u00e9e \u00e0 un public jeune. Le plateau MiniBad est une initiation qui permet aux enfants de diff\u00e9rents clubs de se rencontrer dans un cadre ludique.Ainsi, le plateau MiniBad est un \u00e9l\u00e9ment du Dispositif Jeunes qui touche \u00e0 la formation du [&hellip;]<\/p>\n","protected":false},"author":2,"featured_media":0,"parent":0,"menu_order":0,"comment_status":"closed","ping_status":"closed","template":"","meta":{"site-sidebar-layout":"no-sidebar","site-content-layout":"page-builder","ast-site-content-layout":"full-width-container","site-content-style":"default","site-sidebar-style":"default","ast-global-header-display":"","ast-banner-title-visibility":"","ast-main-header-display":"","ast-hfb-above-header-display":"","ast-hfb-below-header-display":"","ast-hfb-mobile-header-display":"","site-post-title":"disabled","ast-breadcrumbs-content":"","ast-featured-img":"disabled","footer-sml-layout":"","ast-disable-related-posts":"","theme-transparent-header-meta":"","adv-header-id-meta":"","stick-header-meta":"","header-above-stick-meta":"","header-main-stick-meta":"","header-below-stick-meta":"","astra-migrate-meta-layouts":"set","ast-page-background-enabled":"default","ast-page-background-meta":{"desktop":{"background-color":"var(--ast-global-color-4)","background-image":"","background-repeat":"repeat","background-position":"center center","background-size":"auto","background-attachment":"scroll","background-type":"","background-media":"","overlay-type":"","overlay-color":"","overlay-opacity":"","overlay-gradient":""},"tablet":{"background-color":"","background-image":"","background-repeat":"repeat","background-position":"center center","background-size":"auto","background-attachment":"scroll","background-type":"","background-media":"","overlay-type":"","overlay-color":"","overlay-opacity":"","overlay-gradient":""},"mobile":{"background-color":"","background-image":"","background-repeat":"repeat","background-position":"center center","background-size":"auto","background-attachment":"scroll","background-type":"","background-media":"","overlay-type":"","overlay-color":"","overlay-opacity":"","overlay-gradient":""}},"ast-content-background-meta":{"desktop":{"background-color":"var(--ast-global-color-5)","background-image":"","background-repeat":"repeat","background-position":"center center","background-size":"auto","background-attachment":"scroll","background-type":"","background-media":"","overlay-type":"","overlay-color":"","overlay-opacity":"","overlay-gradient":""},"tablet":{"background-color":"var(--ast-global-color-5)","background-image":"","background-repeat":"repeat","background-position":"center center","background-size":"auto","background-attachment":"scroll","background-type":"","background-media":"","overlay-type":"","overlay-color":"","overlay-opacity":"","overlay-gradient":""},"mobile":{"background-color":"var(--ast-global-color-5)","background-image":"","background-repeat":"repeat","background-position":"center center","background-size":"auto","background-attachment":"scroll","background-type":"","background-media":"","overlay-type":"","overlay-color":"","overlay-opacity":"","overlay-gradient":""}},"footnotes":""},"class_list":["post-14505","page","type-page","status-publish","hentry"],"_links":{"self":[{"href":"https:\/\/badnord.com\/index.php?rest_route=\/wp\/v2\/pages\/14505","targetHints":{"allow":["GET"]}}],"collection":[{"href":"https:\/\/badnord.com\/index.php?rest_route=\/wp\/v2\/pages"}],"about":[{"href":"https:\/\/badnord.com\/index.php?rest_route=\/wp\/v2\/types\/page"}],"author":[{"embeddable":true,"href":"https:\/\/badnord.com\/index.php?rest_route=\/wp\/v2\/users\/2"}],"replies":[{"embeddable":true,"href":"https:\/\/badnord.com\/index.php?rest_route=%2Fwp%2Fv2%2Fcomments&post=14505"}],"version-history":[{"count":31,"href":"https:\/\/badnord.com\/index.php?rest_route=\/wp\/v2\/pages\/14505\/revisions"}],"predecessor-version":[{"id":14538,"href":"https:\/\/badnord.com\/index.php?rest_route=\/wp\/v2\/pages\/14505\/revisions\/14538"}],"wp:attachment":[{"href":"https:\/\/badnord.com\/index.php?rest_route=%2Fwp%2Fv2%2Fmedia&parent=14505"}],"curies":[{"name":"wp","href":"https:\/\/api.w.org\/{rel}","templated":true}]}}