{"id":13744,"date":"2024-06-26T16:30:28","date_gmt":"2024-06-26T14:30:28","guid":{"rendered":"https:\/\/badnord.com\/?page_id=13744"},"modified":"2025-07-18T11:31:21","modified_gmt":"2025-07-18T09:31:21","slug":"comment-devenir-arbitre-2","status":"publish","type":"page","link":"https:\/\/badnord.com\/?page_id=13744","title":{"rendered":"Comment devenir arbitre ?"},"content":{"rendered":"\t\t<div data-elementor-type=\"wp-page\" data-elementor-id=\"13744\" class=\"elementor elementor-13744\" data-elementor-post-type=\"page\">\n\t\t\t\t\t\t<section class=\"elementor-section elementor-top-section elementor-element elementor-element-82eba83 elementor-section-boxed elementor-section-height-default elementor-section-height-default\" data-id=\"82eba83\" data-element_type=\"section\" data-e-type=\"section\">\n\t\t\t\t\t\t<div class=\"elementor-container elementor-column-gap-default\">\n\t\t\t\t\t<div class=\"elementor-column elementor-col-100 elementor-top-column elementor-element elementor-element-2879ddb\" data-id=\"2879ddb\" data-element_type=\"column\" data-e-type=\"column\">\n\t\t\t<div class=\"elementor-widget-wrap elementor-element-populated\">\n\t\t\t\t\t\t<div class=\"elementor-element elementor-element-3600364 elementor-widget elementor-widget-heading\" data-id=\"3600364\" data-element_type=\"widget\" data-e-type=\"widget\" data-widget_type=\"heading.default\">\n\t\t\t\t<div class=\"elementor-widget-container\">\n\t\t\t\t\t<h2 class=\"elementor-heading-title elementor-size-default\">comment devenir arbitre ?<\/h2>\t\t\t\t<\/div>\n\t\t\t\t<\/div>\n\t\t\t\t\t<\/div>\n\t\t<\/div>\n\t\t\t\t\t<\/div>\n\t\t<\/section>\n\t\t\t\t<section class=\"elementor-section elementor-top-section elementor-element elementor-element-220a001 elementor-section-boxed elementor-section-height-default elementor-section-height-default\" data-id=\"220a001\" data-element_type=\"section\" data-e-type=\"section\">\n\t\t\t\t\t\t<div class=\"elementor-container elementor-column-gap-default\">\n\t\t\t\t\t<div class=\"elementor-column elementor-col-66 elementor-top-column elementor-element elementor-element-725b1ce\" data-id=\"725b1ce\" data-element_type=\"column\" data-e-type=\"column\">\n\t\t\t<div class=\"elementor-widget-wrap elementor-element-populated\">\n\t\t\t\t\t\t<div class=\"elementor-element elementor-element-41b3a74 elementor-widget elementor-widget-text-editor\" data-id=\"41b3a74\" data-element_type=\"widget\" data-e-type=\"widget\" data-widget_type=\"text-editor.default\">\n\t\t\t\t<div class=\"elementor-widget-container\">\n\t\t\t\t\t\t\t\t\t<p>L&rsquo;arbitre est responsable du terrain et de son environnement imm\u00e9diat. La responsabilit\u00e9 de l\u2019arbitre prend effet d\u00e8s son entr\u00e9e sur le terrain avant le match et se poursuit jusqu\u2019\u00e0 ce qu\u2019il quitte le terrain apr\u00e8s le match.<br \/>L\u2019arbitre s\u2019assure de la conformit\u00e9 des \u00e9quipements et des tenues.<br \/>Il annonce le match, le dirige et annonce notamment le score et les fautes.<br \/>L\u2019arbitre sanctionne les manquements aux r\u00e8gles du jeu.<\/p><p>L\u2019\u00e2ge minimum requis pour participer \u00e0 un stage de formation initiale d\u2019arbitrage est de 11 ans. Les formations sont accessibles aux personnes en situation d&rsquo;handicap.<\/p>\t\t\t\t\t\t\t\t<\/div>\n\t\t\t\t<\/div>\n\t\t\t\t\t<\/div>\n\t\t<\/div>\n\t\t\t\t<div class=\"elementor-column elementor-col-33 elementor-top-column elementor-element elementor-element-b6364bc\" data-id=\"b6364bc\" data-element_type=\"column\" data-e-type=\"column\">\n\t\t\t<div class=\"elementor-widget-wrap elementor-element-populated\">\n\t\t\t\t\t\t<div class=\"elementor-element elementor-element-e0d935a elementor-widget elementor-widget-text-editor\" data-id=\"e0d935a\" data-element_type=\"widget\" data-e-type=\"widget\" data-widget_type=\"text-editor.default\">\n\t\t\t\t<div class=\"elementor-widget-container\">\n\t\t\t\t\t\t\t\t\t<p><img decoding=\"async\" class=\"full\" src=\"https:\/\/frontwebservice.ffbad.org\/storage\/documents\/pages\/Se_former\/Etre_officiel_technique\/Devenir_arbitre\/se-former-etre-officiel-technique-devenir-arbitre-photo-03_909052.webp\" alt=\"Placeholder\" \/><\/p>\t\t\t\t\t\t\t\t<\/div>\n\t\t\t\t<\/div>\n\t\t\t\t\t<\/div>\n\t\t<\/div>\n\t\t\t\t\t<\/div>\n\t\t<\/section>\n\t\t\t\t<section class=\"elementor-section elementor-top-section elementor-element elementor-element-b2d7601 elementor-section-boxed elementor-section-height-default elementor-section-height-default\" data-id=\"b2d7601\" data-element_type=\"section\" data-e-type=\"section\">\n\t\t\t\t\t\t<div class=\"elementor-container elementor-column-gap-default\">\n\t\t\t\t\t<div class=\"elementor-column elementor-col-50 elementor-top-column elementor-element elementor-element-dfe4203\" data-id=\"dfe4203\" data-element_type=\"column\" data-e-type=\"column\">\n\t\t\t<div class=\"elementor-widget-wrap elementor-element-populated\">\n\t\t\t\t\t\t<div class=\"elementor-element elementor-element-32f4c62 elementor-widget elementor-widget-text-editor\" data-id=\"32f4c62\" data-element_type=\"widget\" data-e-type=\"widget\" data-widget_type=\"text-editor.default\">\n\t\t\t\t<div class=\"elementor-widget-container\">\n\t\t\t\t\t\t\t\t\t<p>Le corps arbitral <strong>en France<\/strong> comporte une distinction et cinq grades d&rsquo;arbitre :<\/p><p>&#8211; Arbitre de ligue accr\u00e9dit\u00e9<br \/>&#8211; Arbitre de ligue certifi\u00e9<br \/>&#8211; Arbitre f\u00e9d\u00e9ral accr\u00e9dit\u00e9<br \/>&#8211; Arbitre f\u00e9d\u00e9ral certifi\u00e9<br \/>&#8211; Arbitre international<\/p>\t\t\t\t\t\t\t\t<\/div>\n\t\t\t\t<\/div>\n\t\t\t\t\t<\/div>\n\t\t<\/div>\n\t\t\t\t<div class=\"elementor-column elementor-col-50 elementor-top-column elementor-element elementor-element-05b7c87\" data-id=\"05b7c87\" data-element_type=\"column\" data-e-type=\"column\">\n\t\t\t<div class=\"elementor-widget-wrap elementor-element-populated\">\n\t\t\t\t\t\t<div class=\"elementor-element elementor-element-0737556 elementor-widget elementor-widget-text-editor\" data-id=\"0737556\" data-element_type=\"widget\" data-e-type=\"widget\" data-widget_type=\"text-editor.default\">\n\t\t\t\t<div class=\"elementor-widget-container\">\n\t\t\t\t\t\t\t\t\t<p>Il existe quatre grades <b>internationaux <\/b>qui ne sont pas du ressort de la FFBaD\u00a0 :<\/p><p>&#8211; Arbitre BE accr\u00e9dit\u00e9<br \/>&#8211; Arbitre BE certifi\u00e9<br \/>&#8211; Arbitre BWF accr\u00e9dit\u00e9<br \/>&#8211; Arbitre BWF certifi\u00e9<\/p>\t\t\t\t\t\t\t\t<\/div>\n\t\t\t\t<\/div>\n\t\t\t\t\t<\/div>\n\t\t<\/div>\n\t\t\t\t\t<\/div>\n\t\t<\/section>\n\t\t\t\t<section class=\"elementor-section elementor-top-section elementor-element elementor-element-8082b0a elementor-section-boxed elementor-section-height-default elementor-section-height-default\" data-id=\"8082b0a\" data-element_type=\"section\" data-e-type=\"section\">\n\t\t\t\t\t\t<div class=\"elementor-container elementor-column-gap-default\">\n\t\t\t\t\t<div class=\"elementor-column elementor-col-50 elementor-top-column elementor-element elementor-element-6a07f44\" data-id=\"6a07f44\" data-element_type=\"column\" data-e-type=\"column\">\n\t\t\t<div class=\"elementor-widget-wrap elementor-element-populated\">\n\t\t\t\t\t\t<div class=\"elementor-element elementor-element-5af02e9 elementor-widget elementor-widget-text-editor\" data-id=\"5af02e9\" data-element_type=\"widget\" data-e-type=\"widget\" data-widget_type=\"text-editor.default\">\n\t\t\t\t<div class=\"elementor-widget-container\">\n\t\t\t\t\t\t\t\t\t<p><strong><span style=\"text-decoration: underline;\">Comment devenir un Arbitre de ligue accr\u00e9dit\u00e9 ?<\/span><\/strong><\/p><p>Le candidat arbitre participe \u00e0 un stage de formation de 2 jours qui comporte une formation th\u00e9orique et une formation pratique.<br \/>\u00c0 l\u2019issue du stage, un certificat de stage lui est remis sauf si le candidat n\u2019a pas fait preuve d\u2019aptitude \u00e0 la fonction d\u2019arbitre pendant le stage. Le candidat re\u00e7oit \u00e9galement une attestation d\u2019arbitre stagiaire. L\u2019arbitre stagiaire dispose de deux ans pour passer l\u2019examen d\u2019arbitre de ligue accr\u00e9dit\u00e9 (ALA).<\/p><p>Le candidat doit se pr\u00e9senter \u00e0 l&rsquo;examen deux ans maximum apr\u00e8s la r\u00e9ussite de la formation d&rsquo;ALA, avoir offici\u00e9 sur au moins 10 matchs dont au moins 5 matchs de double durant les 12 mois qui pr\u00e9c\u00e8dent l&rsquo;examen.<\/p><p>La r\u00e9ussite \u00e0 l&rsquo;examen permet d&rsquo;arbitrer lors de tournois priv\u00e9s, les championnats et interclubs d\u00e9partementaux et r\u00e9gionaux.<\/p>\t\t\t\t\t\t\t\t<\/div>\n\t\t\t\t<\/div>\n\t\t\t\t\t<\/div>\n\t\t<\/div>\n\t\t\t\t<div class=\"elementor-column elementor-col-50 elementor-top-column elementor-element elementor-element-c029be5\" data-id=\"c029be5\" data-element_type=\"column\" data-e-type=\"column\">\n\t\t\t<div class=\"elementor-widget-wrap elementor-element-populated\">\n\t\t\t\t\t\t<div class=\"elementor-element elementor-element-64840a6 elementor-widget elementor-widget-text-editor\" data-id=\"64840a6\" data-element_type=\"widget\" data-e-type=\"widget\" data-widget_type=\"text-editor.default\">\n\t\t\t\t<div class=\"elementor-widget-container\">\n\t\t\t\t\t\t\t\t\t<p><span style=\"text-decoration: underline;\">Co<b>mment devenir un Arbitre de ligue certifi\u00e9 ?<\/b><\/span><\/p><p>L\u2019arbitre de ligue accr\u00e9dit\u00e9 doit cumuler 10 matchs minimum et un an de grade avant de se pr\u00e9senter \u00e0 une formation d\u2019arbitre de ligue certifi\u00e9 (ALC).<\/p><p>La formation d&rsquo;ALC dure 15 heures.<\/p><p>Le candidat doit se pr\u00e9senter \u00e0 l&rsquo;examen deux ans maximum apr\u00e8s la formation th\u00e9orique et doit avoir arbitr\u00e9 au moins 10 matchs de double durant les douze mois qui pr\u00e9c\u00e8dent l&rsquo;examen.<\/p><p>La r\u00e9ussite \u00e0 l&rsquo;examen permet d&rsquo;arbitrer lors de tournois priv\u00e9s, les championnats d\u00e9partementaux et r\u00e9gionaux, et les interclubs jusqu&rsquo;\u00e0 la Nationale 2.<\/p>\t\t\t\t\t\t\t\t<\/div>\n\t\t\t\t<\/div>\n\t\t\t\t\t<\/div>\n\t\t<\/div>\n\t\t\t\t\t<\/div>\n\t\t<\/section>\n\t\t\t\t<section class=\"elementor-section elementor-top-section elementor-element elementor-element-83de0e5 elementor-section-boxed elementor-section-height-default elementor-section-height-default\" data-id=\"83de0e5\" data-element_type=\"section\" data-e-type=\"section\">\n\t\t\t\t\t\t<div class=\"elementor-container elementor-column-gap-default\">\n\t\t\t\t\t<div class=\"elementor-column elementor-col-50 elementor-top-column elementor-element elementor-element-8590e4c\" data-id=\"8590e4c\" data-element_type=\"column\" data-e-type=\"column\">\n\t\t\t<div class=\"elementor-widget-wrap elementor-element-populated\">\n\t\t\t\t\t\t<div class=\"elementor-element elementor-element-89c778f elementor-widget elementor-widget-text-editor\" data-id=\"89c778f\" data-element_type=\"widget\" data-e-type=\"widget\" data-widget_type=\"text-editor.default\">\n\t\t\t\t<div class=\"elementor-widget-container\">\n\t\t\t\t\t\t\t\t\t<p><span style=\"text-decoration: underline;\"><strong>Com<\/strong><b>ment devenir un Arbitre f\u00e9d\u00e9ral accr\u00e9dit\u00e9 ? <\/b><\/span><\/p><p>L\u2019arbitre de ligue certifi\u00e9 doit r\u00e9aliser annuellement 15 arbitrages minimum et avoir accumul\u00e9 une solide exp\u00e9rience pour candidater \u00e0 la formation d&rsquo;arbitre f\u00e9d\u00e9ral accr\u00e9dit\u00e9 (AFA). La s\u00e9lection pour la formation organis\u00e9e lors d&rsquo;un Championnat de France d&rsquo;une dur\u00e9e de 16 heures, est r\u00e9alis\u00e9e par la F\u00e9d\u00e9ration.<\/p><p>\u00c0 l\u2019issue de la comp\u00e9tition, si son niveau est jug\u00e9 suffisant, le grade d\u2019arbitre f\u00e9d\u00e9ral accr\u00e9dit\u00e9 lui est attribu\u00e9.<\/p><p>La r\u00e9ussite \u00e0 l&rsquo;examen permet d&rsquo;arbitrer lors de tournois priv\u00e9s, jusqu&rsquo;aux Championnats de France et en Top12.<\/p>\t\t\t\t\t\t\t\t<\/div>\n\t\t\t\t<\/div>\n\t\t\t\t\t<\/div>\n\t\t<\/div>\n\t\t\t\t<div class=\"elementor-column elementor-col-50 elementor-top-column elementor-element elementor-element-32a5b71\" data-id=\"32a5b71\" data-element_type=\"column\" data-e-type=\"column\">\n\t\t\t<div class=\"elementor-widget-wrap elementor-element-populated\">\n\t\t\t\t\t\t<div class=\"elementor-element elementor-element-1a267cf elementor-widget elementor-widget-text-editor\" data-id=\"1a267cf\" data-element_type=\"widget\" data-e-type=\"widget\" data-widget_type=\"text-editor.default\">\n\t\t\t\t<div class=\"elementor-widget-container\">\n\t\t\t\t\t\t\t\t\t<p><span style=\"text-decoration: underline;\"><strong>Co<\/strong><b>mment devenir un Arbitre f\u00e9d\u00e9ral certifi\u00e9 ?<\/b><\/span><\/p><p>Pour candidater, il est n\u00e9cessaire de totaliser, en qualit\u00e9 d&rsquo;arbitre, au moins 20 matchs durant l&rsquo;ann\u00e9e civile sur des comp\u00e9titions internationales, la Finale Top 12, tous Championnats de France, les Interclubs Nationaux, phases finales N1, N2, N3, et \u00eatre un AFA exp\u00e9riment\u00e9 depuis deux ans minimum et avoir une ma\u00eetrise de l&rsquo;anglais.<\/p><p>La s\u00e9lection pour la formation organis\u00e9e lors d&rsquo;un Championnat de France d&rsquo;une dur\u00e9e de 16 heures, est r\u00e9alis\u00e9e par la F\u00e9d\u00e9ration.<\/p><p>\u00c0 l&rsquo;issue de la comp\u00e9tition, si son niveau est jug\u00e9 suffisant, le grade d&rsquo;arbitre f\u00e9d\u00e9ral certifi\u00e9 lui est attribu\u00e9..<\/p>\t\t\t\t\t\t\t\t<\/div>\n\t\t\t\t<\/div>\n\t\t\t\t\t<\/div>\n\t\t<\/div>\n\t\t\t\t\t<\/div>\n\t\t<\/section>\n\t\t\t\t<section class=\"elementor-section elementor-top-section elementor-element elementor-element-2a1a617 elementor-section-boxed elementor-section-height-default elementor-section-height-default\" data-id=\"2a1a617\" data-element_type=\"section\" data-e-type=\"section\">\n\t\t\t\t\t\t<div class=\"elementor-container elementor-column-gap-default\">\n\t\t\t\t\t<div class=\"elementor-column elementor-col-50 elementor-top-column elementor-element elementor-element-cd7e89f\" data-id=\"cd7e89f\" data-element_type=\"column\" data-e-type=\"column\">\n\t\t\t<div class=\"elementor-widget-wrap elementor-element-populated\">\n\t\t\t\t\t\t<div class=\"elementor-element elementor-element-54d5d0e elementor-widget elementor-widget-text-editor\" data-id=\"54d5d0e\" data-element_type=\"widget\" data-e-type=\"widget\" data-widget_type=\"text-editor.default\">\n\t\t\t\t<div class=\"elementor-widget-container\">\n\t\t\t\t\t\t\t\t\t<p><strong><span style=\"text-decoration: underline;\">Comment devenir un Arbitre international?<\/span><\/strong><\/p><p>Pour candidater, il est n\u00e9cessaire de totaliser, en qualit\u00e9 d&rsquo;arbitre, au moins 20 matchs durant l&rsquo;ann\u00e9e civile sur des comp\u00e9titions internationales, la Finale Top 12, tous Championnats de France, les Interclubs Nationaux, phases finales N1, N2, N3, et \u00eatre un AFA exp\u00e9riment\u00e9 depuis deux ans minimum et avoir une maitrise de l&rsquo;anglais et de l&rsquo;exp\u00e9rience sur les tournois \u00e0 l&rsquo;\u00e9tranger.<\/p><p>La s\u00e9lection pour la formation organis\u00e9e lors d&rsquo;une comp\u00e9tition internationale d&rsquo;une dur\u00e9e de 16 heures, est r\u00e9alis\u00e9e par la F\u00e9d\u00e9ration.<\/p><p>A l&rsquo;issue de la comp\u00e9tition, si son niveau est jug\u00e9 suffisant, le grade d&rsquo;arbitre international lui est attribu\u00e9.<\/p><p>La r\u00e9ussite \u00e0 l&rsquo;examen permet d&rsquo;arbitrer lors de tournois priv\u00e9s, jusqu&rsquo;aux Championnats de France, en Top12, et les comp\u00e9titions internationales BWF World Tour Grade 2 &#8211; Level 4.<\/p><p>Un arbitre international peut \u00eatre propos\u00e9 par la CFOT pour officier sur des comp\u00e9titions internationales lui permettant de pr\u00e9tendre par par la suite acc\u00e9der au niveau d&rsquo;arbitre europ\u00e9en (BE accr\u00e9dit\u00e9 et BE certifi\u00e9).<\/p>\t\t\t\t\t\t\t\t<\/div>\n\t\t\t\t<\/div>\n\t\t\t\t<div class=\"elementor-element elementor-element-3bce7d9 elementor-widget elementor-widget-text-editor\" data-id=\"3bce7d9\" data-element_type=\"widget\" data-e-type=\"widget\" data-widget_type=\"text-editor.default\">\n\t\t\t\t<div class=\"elementor-widget-container\">\n\t\t\t\t\t\t\t\t\t<p><strong>\ud83d\ude4b\ud83c\udffb\u200d\u2642\ufe0fContact :<\/strong><\/p><p>Ligue des Hauts de France<br \/>\ud83d\udccd Commission Ligue Officiel Technique<br \/>\ud83d\udce7 <a href=\"mailto:crabadhf@gmail.com\">crabadhf@gmail.com<\/a><br \/>\u260e\ufe0f <span class=\"dig-1hicw9p1_4-3-1 dig-1hicw9p0_4-3-1 dig-ekabin0_4-3-1 dig-Theme-vis2023 dig-Theme-vis2023--dark dig-Mode--dark In-Theme-Provider\">06 61 24 59 44<br \/><br \/><\/span><strong>Inscriptions pour les Formations d&rsquo;Officiel de Terrain :<\/strong><\/p><ul><li>Les dates de formations sont disponibles sur le site de la ligue :\u00a0 <br \/><a href=\"https:\/\/www.badmintonhautsdefrance.fr\/\">https:\/\/www.badmintonhautsdefrance.fr\/<\/a><\/li><li>Les inscriptions se font uniquement sur Badnet \/ Ebad : \u00a0 \u00a0 \u00a0 <br \/><a href=\"https:\/\/badnet.fr\/accueil\/formations\">https:\/\/badnet.fr\/accueil\/formations<\/a><\/li><\/ul><p><span class=\"dig-1hicw9p1_4-3-1 dig-1hicw9p0_4-3-1 dig-ekabin0_4-3-1 dig-Theme-vis2023 dig-Theme-vis2023--dark dig-Mode--dark In-Theme-Provider\">\u00a0<\/span><\/p>\t\t\t\t\t\t\t\t<\/div>\n\t\t\t\t<\/div>\n\t\t\t\t\t<\/div>\n\t\t<\/div>\n\t\t\t\t<div class=\"elementor-column elementor-col-50 elementor-top-column elementor-element elementor-element-ae29e89\" data-id=\"ae29e89\" data-element_type=\"column\" data-e-type=\"column\">\n\t\t\t<div class=\"elementor-widget-wrap elementor-element-populated\">\n\t\t\t\t\t\t<div class=\"elementor-element elementor-element-e79f188 elementor-widget elementor-widget-text-editor\" data-id=\"e79f188\" data-element_type=\"widget\" data-e-type=\"widget\" data-widget_type=\"text-editor.default\">\n\t\t\t\t<div class=\"elementor-widget-container\">\n\t\t\t\t\t\t\t\t\t<p><span style=\"text-decoration: underline;\"><strong>Modalit\u00e9s de l&rsquo;activit\u00e9 de l&rsquo;arbitre<\/strong><\/span><\/p><p>La CFOT \u00e9tablit chaque ann\u00e9e la liste des arbitres f\u00e9d\u00e9raux accr\u00e9dit\u00e9s, certifi\u00e9s et internationaux.<br \/>Les arbitres f\u00e9d\u00e9raux et internationaux doivent arbitrer un minimum de 20 matchs par an et par saison.<\/p><p>Les arbitres poss\u00e8dent une feuille d\u2019activit\u00e9 annuelle sur laquelle ils inscrivent les comp\u00e9titions et les types de matchs qu\u2019ils arbitrent. Chaque grade est conditionn\u00e9 \u00e0 un quota minimum d\u2019arbitrage annuel.<br \/>La CLOT \u00e9tablit chaque ann\u00e9e la liste des arbitres en activit\u00e9 dans sa r\u00e9gion au vu des feuilles d\u2019activit\u00e9 qu\u2019il re\u00e7oit.<\/p><p>Les grades d\u2019arbitres ne sont pas acquis \u00e0 vie. Un grade peut se perdre si l\u2019arbitre ne r\u00e9pond plus aux crit\u00e8res retenus et \u00e0 fortiori si l\u2019arbitre n\u2019a plus d\u2019activit\u00e9. Un arbitre qui serait sans activit\u00e9 pendant 2 ann\u00e9es cons\u00e9cutives, sera r\u00e9trograd\u00e9 ou plac\u00e9 en qualit\u00e9 d\u2019arbitre inactif avec suppression de l&rsquo;int\u00e9gralit\u00e9 de ses grades, s&rsquo;il ne souhaite plus officier. Un arbitre de ligue accr\u00e9dit\u00e9 peut retrouver son grade apr\u00e8s une \u00e9valuation et\/ou devra participer \u00e0 nouveau \u00e0 un stage le cas \u00e9ch\u00e9ant. Des journ\u00e9es de mise \u00e0 niveau peuvent \u00eatre organis\u00e9es par les CLOT ou la CFOT pour les diff\u00e9rents grades.<\/p>\t\t\t\t\t\t\t\t<\/div>\n\t\t\t\t<\/div>\n\t\t\t\t\t<\/div>\n\t\t<\/div>\n\t\t\t\t\t<\/div>\n\t\t<\/section>\n\t\t\t\t<section class=\"elementor-section elementor-top-section elementor-element elementor-element-956ffa2 elementor-section-boxed elementor-section-height-default elementor-section-height-default\" data-id=\"956ffa2\" data-element_type=\"section\" data-e-type=\"section\">\n\t\t\t\t\t\t<div class=\"elementor-container elementor-column-gap-default\">\n\t\t\t\t\t<div class=\"elementor-column elementor-col-100 elementor-top-column elementor-element elementor-element-72fdcc0\" data-id=\"72fdcc0\" data-element_type=\"column\" data-e-type=\"column\">\n\t\t\t<div class=\"elementor-widget-wrap\">\n\t\t\t\t\t\t\t<\/div>\n\t\t<\/div>\n\t\t\t\t\t<\/div>\n\t\t<\/section>\n\t\t\t\t<\/div>\n\t\t","protected":false},"excerpt":{"rendered":"<p>comment devenir arbitre ? L&rsquo;arbitre est responsable du terrain et de son environnement imm\u00e9diat. La responsabilit\u00e9 de l\u2019arbitre prend effet d\u00e8s son entr\u00e9e sur le terrain avant le match et se poursuit jusqu\u2019\u00e0 ce qu\u2019il quitte le terrain apr\u00e8s le match.L\u2019arbitre s\u2019assure de la conformit\u00e9 des \u00e9quipements et des tenues.Il annonce le match, le dirige [&hellip;]<\/p>\n","protected":false},"author":27,"featured_media":0,"parent":0,"menu_order":0,"comment_status":"closed","ping_status":"closed","template":"","meta":{"site-sidebar-layout":"no-sidebar","site-content-layout":"page-builder","ast-site-content-layout":"full-width-container","site-content-style":"default","site-sidebar-style":"default","ast-global-header-display":"","ast-banner-title-visibility":"","ast-main-header-display":"","ast-hfb-above-header-display":"","ast-hfb-below-header-display":"","ast-hfb-mobile-header-display":"","site-post-title":"disabled","ast-breadcrumbs-content":"","ast-featured-img":"disabled","footer-sml-layout":"","ast-disable-related-posts":"","theme-transparent-header-meta":"","adv-header-id-meta":"","stick-header-meta":"","header-above-stick-meta":"","header-main-stick-meta":"","header-below-stick-meta":"","astra-migrate-meta-layouts":"set","ast-page-background-enabled":"default","ast-page-background-meta":{"desktop":{"background-color":"var(--ast-global-color-4)","background-image":"","background-repeat":"repeat","background-position":"center center","background-size":"auto","background-attachment":"scroll","background-type":"","background-media":"","overlay-type":"","overlay-color":"","overlay-opacity":"","overlay-gradient":""},"tablet":{"background-color":"","background-image":"","background-repeat":"repeat","background-position":"center center","background-size":"auto","background-attachment":"scroll","background-type":"","background-media":"","overlay-type":"","overlay-color":"","overlay-opacity":"","overlay-gradient":""},"mobile":{"background-color":"","background-image":"","background-repeat":"repeat","background-position":"center center","background-size":"auto","background-attachment":"scroll","background-type":"","background-media":"","overlay-type":"","overlay-color":"","overlay-opacity":"","overlay-gradient":""}},"ast-content-background-meta":{"desktop":{"background-color":"var(--ast-global-color-5)","background-image":"","background-repeat":"repeat","background-position":"center center","background-size":"auto","background-attachment":"scroll","background-type":"","background-media":"","overlay-type":"","overlay-color":"","overlay-opacity":"","overlay-gradient":""},"tablet":{"background-color":"var(--ast-global-color-5)","background-image":"","background-repeat":"repeat","background-position":"center center","background-size":"auto","background-attachment":"scroll","background-type":"","background-media":"","overlay-type":"","overlay-color":"","overlay-opacity":"","overlay-gradient":""},"mobile":{"background-color":"var(--ast-global-color-5)","background-image":"","background-repeat":"repeat","background-position":"center center","background-size":"auto","background-attachment":"scroll","background-type":"","background-media":"","overlay-type":"","overlay-color":"","overlay-opacity":"","overlay-gradient":""}},"footnotes":""},"class_list":["post-13744","page","type-page","status-publish","hentry"],"_links":{"self":[{"href":"https:\/\/badnord.com\/index.php?rest_route=\/wp\/v2\/pages\/13744","targetHints":{"allow":["GET"]}}],"collection":[{"href":"https:\/\/badnord.com\/index.php?rest_route=\/wp\/v2\/pages"}],"about":[{"href":"https:\/\/badnord.com\/index.php?rest_route=\/wp\/v2\/types\/page"}],"author":[{"embeddable":true,"href":"https:\/\/badnord.com\/index.php?rest_route=\/wp\/v2\/users\/27"}],"replies":[{"embeddable":true,"href":"https:\/\/badnord.com\/index.php?rest_route=%2Fwp%2Fv2%2Fcomments&post=13744"}],"version-history":[{"count":19,"href":"https:\/\/badnord.com\/index.php?rest_route=\/wp\/v2\/pages\/13744\/revisions"}],"predecessor-version":[{"id":17963,"href":"https:\/\/badnord.com\/index.php?rest_route=\/wp\/v2\/pages\/13744\/revisions\/17963"}],"wp:attachment":[{"href":"https:\/\/badnord.com\/index.php?rest_route=%2Fwp%2Fv2%2Fmedia&parent=13744"}],"curies":[{"name":"wp","href":"https:\/\/api.w.org\/{rel}","templated":true}]}}