{"id":13712,"date":"2024-06-26T13:19:15","date_gmt":"2024-06-26T11:19:15","guid":{"rendered":"https:\/\/badnord.com\/?page_id=13712"},"modified":"2026-02-09T15:28:21","modified_gmt":"2026-02-09T13:28:21","slug":"se-licencier-joeurs","status":"publish","type":"page","link":"https:\/\/badnord.com\/?page_id=13712","title":{"rendered":"Se licencier &#8211; joueurs"},"content":{"rendered":"\t\t<div data-elementor-type=\"wp-page\" data-elementor-id=\"13712\" class=\"elementor elementor-13712\" data-elementor-post-type=\"page\">\n\t\t\t\t\t\t<section class=\"elementor-section elementor-top-section elementor-element elementor-element-a8b37d5 elementor-section-boxed elementor-section-height-default elementor-section-height-default\" data-id=\"a8b37d5\" data-element_type=\"section\" data-e-type=\"section\">\n\t\t\t\t\t\t<div class=\"elementor-container elementor-column-gap-default\">\n\t\t\t\t\t<div class=\"elementor-column elementor-col-100 elementor-top-column elementor-element elementor-element-9115e24\" data-id=\"9115e24\" data-element_type=\"column\" data-e-type=\"column\">\n\t\t\t<div class=\"elementor-widget-wrap elementor-element-populated\">\n\t\t\t\t\t\t<div class=\"elementor-element elementor-element-2ffd2d5 elementor-widget elementor-widget-heading\" data-id=\"2ffd2d5\" data-element_type=\"widget\" data-e-type=\"widget\" data-widget_type=\"heading.default\">\n\t\t\t\t<div class=\"elementor-widget-container\">\n\t\t\t\t\t<h2 class=\"elementor-heading-title elementor-size-default\">Se licencier<\/h2>\t\t\t\t<\/div>\n\t\t\t\t<\/div>\n\t\t\t\t\t<\/div>\n\t\t<\/div>\n\t\t\t\t\t<\/div>\n\t\t<\/section>\n\t\t\t\t<section class=\"elementor-section elementor-top-section elementor-element elementor-element-b5b4be1 elementor-section-boxed elementor-section-height-default elementor-section-height-default\" data-id=\"b5b4be1\" data-element_type=\"section\" data-e-type=\"section\">\n\t\t\t\t\t\t<div class=\"elementor-container elementor-column-gap-default\">\n\t\t\t\t\t<div class=\"elementor-column elementor-col-66 elementor-top-column elementor-element elementor-element-70abdac\" data-id=\"70abdac\" data-element_type=\"column\" data-e-type=\"column\">\n\t\t\t<div class=\"elementor-widget-wrap elementor-element-populated\">\n\t\t\t\t\t\t<div class=\"elementor-element elementor-element-17080df elementor-widget elementor-widget-text-editor\" data-id=\"17080df\" data-element_type=\"widget\" data-e-type=\"widget\" data-widget_type=\"text-editor.default\">\n\t\t\t\t<div class=\"elementor-widget-container\">\n\t\t\t\t\t\t\t\t\t<p>Le formulaire de prise de licence est le document indispensable pour se licencier. Il est interactif pour faciliter encore plus la d\u00e9marche de prise de licence ou de renouvellement de licence. Les licences seront envoy\u00e9es par mail sous format PDF directement aux licenci\u00e9(e)s, (v\u00e9rifiez vos spams).<\/p><p><a href=\"https:\/\/www.dropbox.com\/scl\/fi\/dgpynt2oeq511y5ftgelw\/FORMULAIRES-DES-PRISE-DE-LICENCE-2024-2024-ADULTES-MINEURS.pdf?rlkey=1bl2nyk7vkqei43n7mtj1yyin&amp;dl=0\"><strong>Le\u00a0<\/strong><strong>formulaire de prise de licence FFBaD <\/strong><\/a>\u00a0 doit imp\u00e9rativement \u00eatre rempli et sign\u00e9 par tous les licenci\u00e9s, anciens ou nouveaux (ou leurs repr\u00e9sentants pour les mineurs) pour s\u2019inscrire ou se r\u00e9inscrire dans un club de badminton affili\u00e9 \u00e0 la FFBaD et recevoir une licence de badminton.<\/p>\t\t\t\t\t\t\t\t<\/div>\n\t\t\t\t<\/div>\n\t\t\t\t\t<\/div>\n\t\t<\/div>\n\t\t\t\t<div class=\"elementor-column elementor-col-33 elementor-top-column elementor-element elementor-element-d2d03a7\" data-id=\"d2d03a7\" data-element_type=\"column\" data-e-type=\"column\">\n\t\t\t<div class=\"elementor-widget-wrap elementor-element-populated\">\n\t\t\t\t\t\t<div class=\"elementor-element elementor-element-8e22f10 elementor-widget elementor-widget-image\" data-id=\"8e22f10\" data-element_type=\"widget\" data-e-type=\"widget\" data-widget_type=\"image.default\">\n\t\t\t\t<div class=\"elementor-widget-container\">\n\t\t\t\t\t\t\t\t\t\t\t\t\t\t\t<img decoding=\"async\" width=\"115\" height=\"150\" src=\"https:\/\/badnord.com\/wp-content\/uploads\/2025\/04\/Vie-des-clubs_boite-a-outils-dirigeants_Charte-graphique_Logo-Vertical-positifPNG-115x150.webp\" class=\"attachment-large size-large wp-image-17104\" alt=\"\" srcset=\"https:\/\/badnord.com\/wp-content\/uploads\/2025\/04\/Vie-des-clubs_boite-a-outils-dirigeants_Charte-graphique_Logo-Vertical-positifPNG-115x150.webp 115w, https:\/\/badnord.com\/wp-content\/uploads\/2025\/04\/Vie-des-clubs_boite-a-outils-dirigeants_Charte-graphique_Logo-Vertical-positifPNG-768x998.webp 768w, https:\/\/badnord.com\/wp-content\/uploads\/2025\/04\/Vie-des-clubs_boite-a-outils-dirigeants_Charte-graphique_Logo-Vertical-positifPNG.webp 1181w\" sizes=\"(max-width: 115px) 100vw, 115px\" \/>\t\t\t\t\t\t\t\t\t\t\t\t\t\t\t<\/div>\n\t\t\t\t<\/div>\n\t\t\t\t\t<\/div>\n\t\t<\/div>\n\t\t\t\t\t<\/div>\n\t\t<\/section>\n\t\t\t\t<section class=\"elementor-section elementor-top-section elementor-element elementor-element-90f9cf1 elementor-section-boxed elementor-section-height-default elementor-section-height-default\" data-id=\"90f9cf1\" data-element_type=\"section\" data-e-type=\"section\">\n\t\t\t\t\t\t<div class=\"elementor-container elementor-column-gap-default\">\n\t\t\t\t\t<div class=\"elementor-column elementor-col-50 elementor-top-column elementor-element elementor-element-9c46227\" data-id=\"9c46227\" data-element_type=\"column\" data-e-type=\"column\">\n\t\t\t<div class=\"elementor-widget-wrap elementor-element-populated\">\n\t\t\t\t\t\t<div class=\"elementor-element elementor-element-c4dae9a elementor-widget__width-initial elementor-widget elementor-widget-text-editor\" data-id=\"c4dae9a\" data-element_type=\"widget\" data-e-type=\"widget\" data-widget_type=\"text-editor.default\">\n\t\t\t\t<div class=\"elementor-widget-container\">\n\t\t\t\t\t\t\t\t\t<p><strong>PROCEDURE POUR PRENDRE SA LICENCE<br \/><\/strong><\/p><p><span style=\"text-decoration: underline;\"><strong>PREMIERE LICENCE ou RENOUVELLEMENT\u00a0 \/ MINEURS et MAJEURS<\/strong><\/span><\/p>\t\t\t\t\t\t\t\t<\/div>\n\t\t\t\t<\/div>\n\t\t\t\t<div class=\"elementor-element elementor-element-bb4263a elementor-widget elementor-widget-text-editor\" data-id=\"bb4263a\" data-element_type=\"widget\" data-e-type=\"widget\" data-widget_type=\"text-editor.default\">\n\t\t\t\t<div class=\"elementor-widget-container\">\n\t\t\t\t\t\t\t\t\t<p><strong>\u00c9tape 1 : <\/strong>Lire attentivement l\u2019int\u00e9gralit\u00e9 du <strong>formulaire de prise de licence.<\/strong><\/p><p><strong>\u00c9tape 2 :<\/strong> Remplir et signer en deux exemplaires le formulaire (page 2)<\/p><p><strong>\u00c9tape 3 :<\/strong> Imprimer et remettre ou transmettre \u00e9lectroniquement un exemplaire du formulaire \u00e0 votre club<\/p><p><strong>\u00c9tape 4 :<\/strong> \u00a0 Joindre avec le <strong>formulaire de licence<\/strong><strong> :<\/strong><\/p><ul><li>\u00a0une <strong><u>attestation<\/u><\/strong><span style=\"color: #ff0000;\"> en cas de r\u00e9ponse n\u00e9gative \u00e0 l\u2019ensemble des questions du questionnaire de sant\u00e9<\/span> (l&rsquo;attestation se trouve \u00e0 la fin du document du questionnaire de sant\u00e9) ;<br \/>ou<\/li><li>un<strong><u> certificat m\u00e9dical<\/u><\/strong> datant de moins de 6 mois <span style=\"color: #ff0000;\">en cas de r\u00e9ponse positive<\/span> <span style=\"color: #ff0000;\">\u00e0 l\u2019une des questions<\/span> du questionnaire de sant\u00e9. L&rsquo;utilisation du formulaire \u00e0 t\u00e9l\u00e9charger ci-dessous est recommand\u00e9e.<\/li><\/ul><p><strong>\u00c9tape 5 :<\/strong> Conserver l\u2019autre exemplaire pour vous<\/p>\t\t\t\t\t\t\t\t<\/div>\n\t\t\t\t<\/div>\n\t\t\t\t\t<\/div>\n\t\t<\/div>\n\t\t\t\t<div class=\"elementor-column elementor-col-50 elementor-top-column elementor-element elementor-element-df87992\" data-id=\"df87992\" data-element_type=\"column\" data-e-type=\"column\">\n\t\t\t<div class=\"elementor-widget-wrap elementor-element-populated\">\n\t\t\t\t\t\t<div class=\"elementor-element elementor-element-5316fbe elementor-widget elementor-widget-text-editor\" data-id=\"5316fbe\" data-element_type=\"widget\" data-e-type=\"widget\" data-widget_type=\"text-editor.default\">\n\t\t\t\t<div class=\"elementor-widget-container\">\n\t\t\t\t\t\t\t\t\t<h6><strong>Formulaires :<\/strong><\/h6><h6><a style=\"font-size: 14px; font-style: inherit; font-weight: inherit;\" href=\"https:\/\/frontwebservice.ffbad.org\/api\/documents\/visit\/2985\"><i data-wp-editing=\"1\"><img decoding=\"async\" class=\"emoji\" role=\"img\" draggable=\"false\" src=\"https:\/\/s.w.org\/images\/core\/emoji\/15.0.3\/svg\/1f517.svg\" alt=\"\ud83d\udd17\" \/> Prise de licence Adultes\u00a0<\/i><\/a><\/h6><h6><i style=\"font-size: 14px; font-weight: inherit; background-color: var(--ast-global-color-3); color: var(--ast-global-color-4);\">\u00a0<img decoding=\"async\" class=\"emoji\" role=\"img\" draggable=\"false\" src=\"https:\/\/s.w.org\/images\/core\/emoji\/15.0.3\/svg\/1f517.svg\" alt=\"\ud83d\udd17\" \/> <a href=\"https:\/\/frontwebservice.ffbad.org\/api\/documents\/visit\/2984\">Prise de licence Mineurs\u00a0 \u00a0<\/a><\/i><\/h6><h6><i style=\"font-size: 14px; font-weight: inherit; background-color: var(--ast-global-color-3); color: var(--ast-global-color-4);\"><a href=\"https:\/\/frontwebservice.ffbad.org\/storage\/documents\/pages\/Pratiquer\/Se_licencier\/Licence\/FFBaD_FORMULAIRE_2024-2025_MINEURS_SAISONNIERE.pdf\">\u00a0<img decoding=\"async\" class=\"emoji\" role=\"img\" draggable=\"false\" src=\"https:\/\/s.w.org\/images\/core\/emoji\/15.0.3\/svg\/1f517.svg\" alt=\"\ud83d\udd17\" \/><\/a><a href=\"https:\/\/gdb.ffbad.org\/2024-2025\/Src\/GDB-02\/GUI02.01F01_PSO_CertificatDeNonContre-Indication_Form.pdf\">Certificat m\u00e9dical FFBad<\/a><\/i><\/h6><h6><a style=\"font-size: 14px; font-style: inherit; font-weight: inherit;\" href=\"https:\/\/echange.ffbad.org\/index.php\/s\/gwxR3oAB8JMWQnc#pdfviewer\"><i>\u00a0<img decoding=\"async\" class=\"emoji\" role=\"img\" draggable=\"false\" src=\"https:\/\/s.w.org\/images\/core\/emoji\/15.0.3\/svg\/1f517.svg\" alt=\"\ud83d\udd17\" \/> Questionnaire de sant\u00e9 et attestation Adultes\u00a0 \u00a0<\/i><\/a><\/h6><h6><i style=\"font-size: 14px; font-weight: inherit; background-color: var(--ast-global-color-3); color: var(--ast-global-color-4);\"><a href=\"https:\/\/echange.ffbad.org\/index.php\/s\/gwxR3oAB8JMWQnc#pdfviewer\"><img decoding=\"async\" class=\"emoji\" role=\"img\" draggable=\"false\" src=\"https:\/\/s.w.org\/images\/core\/emoji\/15.0.3\/svg\/1f517.svg\" alt=\"\ud83d\udd17\" \/><\/a><a href=\"https:\/\/echange.ffbad.org\/index.php\/s\/fLDrPAzzi3pmNbw#pdfviewer\">Questionnaire de sant\u00e9 et attestation Mineurs<\/a><\/i><\/h6>\t\t\t\t\t\t\t\t<\/div>\n\t\t\t\t<\/div>\n\t\t\t\t\t<\/div>\n\t\t<\/div>\n\t\t\t\t\t<\/div>\n\t\t<\/section>\n\t\t\t\t<\/div>\n\t\t","protected":false},"excerpt":{"rendered":"<p>Se licencier Le formulaire de prise de licence est le document indispensable pour se licencier. Il est interactif pour faciliter encore plus la d\u00e9marche de prise de licence ou de renouvellement de licence. Les licences seront envoy\u00e9es par mail sous format PDF directement aux licenci\u00e9(e)s, (v\u00e9rifiez vos spams). Le\u00a0formulaire de prise de licence FFBaD 2024-2025\u00a0 [&hellip;]<\/p>\n","protected":false},"author":27,"featured_media":0,"parent":0,"menu_order":0,"comment_status":"closed","ping_status":"closed","template":"","meta":{"site-sidebar-layout":"no-sidebar","site-content-layout":"page-builder","ast-site-content-layout":"full-width-container","site-content-style":"default","site-sidebar-style":"default","ast-global-header-display":"","ast-banner-title-visibility":"","ast-main-header-display":"","ast-hfb-above-header-display":"","ast-hfb-below-header-display":"","ast-hfb-mobile-header-display":"","site-post-title":"disabled","ast-breadcrumbs-content":"","ast-featured-img":"disabled","footer-sml-layout":"","ast-disable-related-posts":"","theme-transparent-header-meta":"","adv-header-id-meta":"","stick-header-meta":"","header-above-stick-meta":"","header-main-stick-meta":"","header-below-stick-meta":"","astra-migrate-meta-layouts":"set","ast-page-background-enabled":"default","ast-page-background-meta":{"desktop":{"background-color":"var(--ast-global-color-4)","background-image":"","background-repeat":"repeat","background-position":"center center","background-size":"auto","background-attachment":"scroll","background-type":"","background-media":"","overlay-type":"","overlay-color":"","overlay-opacity":"","overlay-gradient":""},"tablet":{"background-color":"","background-image":"","background-repeat":"repeat","background-position":"center center","background-size":"auto","background-attachment":"scroll","background-type":"","background-media":"","overlay-type":"","overlay-color":"","overlay-opacity":"","overlay-gradient":""},"mobile":{"background-color":"","background-image":"","background-repeat":"repeat","background-position":"center center","background-size":"auto","background-attachment":"scroll","background-type":"","background-media":"","overlay-type":"","overlay-color":"","overlay-opacity":"","overlay-gradient":""}},"ast-content-background-meta":{"desktop":{"background-color":"var(--ast-global-color-5)","background-image":"","background-repeat":"repeat","background-position":"center center","background-size":"auto","background-attachment":"scroll","background-type":"","background-media":"","overlay-type":"","overlay-color":"","overlay-opacity":"","overlay-gradient":""},"tablet":{"background-color":"var(--ast-global-color-5)","background-image":"","background-repeat":"repeat","background-position":"center center","background-size":"auto","background-attachment":"scroll","background-type":"","background-media":"","overlay-type":"","overlay-color":"","overlay-opacity":"","overlay-gradient":""},"mobile":{"background-color":"var(--ast-global-color-5)","background-image":"","background-repeat":"repeat","background-position":"center center","background-size":"auto","background-attachment":"scroll","background-type":"","background-media":"","overlay-type":"","overlay-color":"","overlay-opacity":"","overlay-gradient":""}},"footnotes":""},"class_list":["post-13712","page","type-page","status-publish","hentry"],"_links":{"self":[{"href":"https:\/\/badnord.com\/index.php?rest_route=\/wp\/v2\/pages\/13712","targetHints":{"allow":["GET"]}}],"collection":[{"href":"https:\/\/badnord.com\/index.php?rest_route=\/wp\/v2\/pages"}],"about":[{"href":"https:\/\/badnord.com\/index.php?rest_route=\/wp\/v2\/types\/page"}],"author":[{"embeddable":true,"href":"https:\/\/badnord.com\/index.php?rest_route=\/wp\/v2\/users\/27"}],"replies":[{"embeddable":true,"href":"https:\/\/badnord.com\/index.php?rest_route=%2Fwp%2Fv2%2Fcomments&post=13712"}],"version-history":[{"count":43,"href":"https:\/\/badnord.com\/index.php?rest_route=\/wp\/v2\/pages\/13712\/revisions"}],"predecessor-version":[{"id":19581,"href":"https:\/\/badnord.com\/index.php?rest_route=\/wp\/v2\/pages\/13712\/revisions\/19581"}],"wp:attachment":[{"href":"https:\/\/badnord.com\/index.php?rest_route=%2Fwp%2Fv2%2Fmedia&parent=13712"}],"curies":[{"name":"wp","href":"https:\/\/api.w.org\/{rel}","templated":true}]}}