{"id":13219,"date":"2024-05-13T20:17:09","date_gmt":"2024-05-13T18:17:09","guid":{"rendered":"https:\/\/badnord.com\/?page_id=13219"},"modified":"2026-01-21T16:16:52","modified_gmt":"2026-01-21T14:16:52","slug":"adultes","status":"publish","type":"page","link":"https:\/\/badnord.com\/?page_id=13219","title":{"rendered":"ADULTES"},"content":{"rendered":"\t\t<div data-elementor-type=\"wp-page\" data-elementor-id=\"13219\" class=\"elementor elementor-13219\" data-elementor-post-type=\"page\">\n\t\t\t\t\t\t<section class=\"elementor-section elementor-top-section elementor-element elementor-element-58728b2 elementor-section-boxed elementor-section-height-default elementor-section-height-default\" data-id=\"58728b2\" data-element_type=\"section\" data-e-type=\"section\">\n\t\t\t\t\t\t<div class=\"elementor-container elementor-column-gap-default\">\n\t\t\t\t\t<div class=\"elementor-column elementor-col-100 elementor-top-column elementor-element elementor-element-52bca5e\" data-id=\"52bca5e\" data-element_type=\"column\" data-e-type=\"column\">\n\t\t\t<div class=\"elementor-widget-wrap elementor-element-populated\">\n\t\t\t\t\t\t<div class=\"elementor-element elementor-element-c8b1282 elementor-headline--style-highlight elementor-widget elementor-widget-animated-headline\" data-id=\"c8b1282\" data-element_type=\"widget\" data-e-type=\"widget\" data-settings=\"{&quot;highlighted_text&quot;:&quot;Adultes&quot;,&quot;headline_style&quot;:&quot;highlight&quot;,&quot;marker&quot;:&quot;circle&quot;,&quot;loop&quot;:&quot;yes&quot;,&quot;highlight_animation_duration&quot;:1200,&quot;highlight_iteration_delay&quot;:8000}\" data-widget_type=\"animated-headline.default\">\n\t\t\t\t<div class=\"elementor-widget-container\">\n\t\t\t\t\t\t\t<h3 class=\"elementor-headline\">\n\t\t\t\t\t<span class=\"elementor-headline-plain-text elementor-headline-text-wrapper\">Cette page est d\u00e9di\u00e9e aux<\/span>\n\t\t\t\t<span class=\"elementor-headline-dynamic-wrapper elementor-headline-text-wrapper\">\n\t\t\t\t\t<span class=\"elementor-headline-dynamic-text elementor-headline-text-active\">Adultes<\/span>\n\t\t\t\t<\/span>\n\t\t\t\t<\/h3>\n\t\t\t\t\t\t<\/div>\n\t\t\t\t<\/div>\n\t\t\t\t\t<\/div>\n\t\t<\/div>\n\t\t\t\t\t<\/div>\n\t\t<\/section>\n\t\t\t\t<section class=\"elementor-section elementor-top-section elementor-element elementor-element-ee90041 elementor-section-boxed elementor-section-height-default elementor-section-height-default\" data-id=\"ee90041\" data-element_type=\"section\" data-e-type=\"section\">\n\t\t\t\t\t\t<div class=\"elementor-container elementor-column-gap-default\">\n\t\t\t\t\t<div class=\"elementor-column elementor-col-100 elementor-top-column elementor-element elementor-element-150faef\" data-id=\"150faef\" data-element_type=\"column\" data-e-type=\"column\">\n\t\t\t<div class=\"elementor-widget-wrap elementor-element-populated\">\n\t\t\t\t\t\t<div class=\"elementor-element elementor-element-f8c6198 elementor-widget elementor-widget-text-editor\" data-id=\"f8c6198\" data-element_type=\"widget\" data-e-type=\"widget\" data-widget_type=\"text-editor.default\">\n\t\t\t\t<div class=\"elementor-widget-container\">\n\t\t\t\t\t\t\t\t\t<p><span style=\"color: #993300;\"><strong>Des comp\u00e9titions pour tous les niveaux !<\/strong>!<\/span><br \/><span dir=\"auto\"><br \/><span style=\"color: #000080;\">Retrouvez toute l\u2019actualit\u00e9 de la pratique adultes, les comp\u00e9titions, les r\u00e9sultats, les r\u00e9glements,\u2026<\/span><br \/><\/span><br \/><strong><span style=\"color: #993300;\">Des comp\u00e9titions toute l\u2019ann\u00e9e !!!<\/span> <\/strong><\/p><p><span style=\"color: #000080;\">Consultez le calendrier des comp\u00e9titions de votre d\u00e9partement pour connaitre les comp\u00e9titions auxquelles vous pouvez participer et si vous ne savez pas \u00e0 quel niveau jouer, voici le<\/span>\u00a0 <span style=\"color: #ff0000;\">\u00ab\u00a0<\/span><a href=\"https:\/\/www.dropbox.com\/scl\/fi\/ypq6wuir50aub3xxbmce8\/Quel-tournoi-Pour-qui-Adultes.pdf?rlkey=gwa3y9icemdg6mmt5l0vv45be&amp;dl=0\" target=\"_blank\" rel=\"noopener\"><span style=\"color: #ff0000;\">Quel tournoi ? Pour qui ?<\/span><\/a> \u00ab<span style=\"color: #000080;\"> qui vous orientera dans vos choix de tournois.<\/span><\/p><p><span style=\"color: #993300;\"><strong>Des comp\u00e9titions pour tous !!!<\/strong><\/span><\/p><p><span style=\"color: #000080;\">Rendez-vous sur le calendrier ci-dessous pour d\u00e9couvrir les comp\u00e9titions pr\u00e8s de chez vous et vous y inscrire.<\/span><\/p>\t\t\t\t\t\t\t\t<\/div>\n\t\t\t\t<\/div>\n\t\t\t\t\t<\/div>\n\t\t<\/div>\n\t\t\t\t\t<\/div>\n\t\t<\/section>\n\t\t\t\t<section class=\"elementor-section elementor-top-section elementor-element elementor-element-9b4e0e4 elementor-section-boxed elementor-section-height-default elementor-section-height-default\" data-id=\"9b4e0e4\" data-element_type=\"section\" data-e-type=\"section\">\n\t\t\t\t\t\t<div class=\"elementor-container elementor-column-gap-default\">\n\t\t\t\t\t<div class=\"elementor-column elementor-col-33 elementor-top-column elementor-element elementor-element-d1bff62\" data-id=\"d1bff62\" data-element_type=\"column\" data-e-type=\"column\">\n\t\t\t<div class=\"elementor-widget-wrap elementor-element-populated\">\n\t\t\t\t\t\t<div class=\"elementor-element elementor-element-27846c9 elementor-widget elementor-widget-image\" data-id=\"27846c9\" data-element_type=\"widget\" data-e-type=\"widget\" data-widget_type=\"image.default\">\n\t\t\t\t<div class=\"elementor-widget-container\">\n\t\t\t\t\t\t\t\t\t\t\t\t<figure class=\"wp-caption\">\n\t\t\t\t\t\t\t\t\t\t\t<a href=\"https:\/\/badnord-my.sharepoint.com\/:f:\/p\/coordination\/EvHcuEpCmsBLtFGMw0WLL-gBsisdXAtTXeMfOcOTNHuoxA?e=ORG6cy\" target=\"_blank\">\n\t\t\t\t\t\t\t<img fetchpriority=\"high\" decoding=\"async\" width=\"1911\" height=\"1080\" src=\"https:\/\/badnord.com\/wp-content\/uploads\/2025\/07\/Calendrier-2526-1-edited.jpg\" class=\"attachment-full size-full wp-image-17869\" alt=\"\" srcset=\"https:\/\/badnord.com\/wp-content\/uploads\/2025\/07\/Calendrier-2526-1-edited.jpg 1911w, https:\/\/badnord.com\/wp-content\/uploads\/2025\/07\/Calendrier-2526-1-edited-150x85.jpg 150w, https:\/\/badnord.com\/wp-content\/uploads\/2025\/07\/Calendrier-2526-1-edited-768x434.jpg 768w, https:\/\/badnord.com\/wp-content\/uploads\/2025\/07\/Calendrier-2526-1-edited-1536x868.jpg 1536w\" sizes=\"(max-width: 1911px) 100vw, 1911px\" \/>\t\t\t\t\t\t\t\t<\/a>\n\t\t\t\t\t\t\t\t\t\t\t<figcaption class=\"widget-image-caption wp-caption-text\">calendrier et Inscriptions<\/figcaption>\n\t\t\t\t\t\t\t\t\t\t<\/figure>\n\t\t\t\t\t\t\t\t\t<\/div>\n\t\t\t\t<\/div>\n\t\t\t\t\t<\/div>\n\t\t<\/div>\n\t\t\t\t<div class=\"elementor-column elementor-col-33 elementor-top-column elementor-element elementor-element-5906d09\" data-id=\"5906d09\" data-element_type=\"column\" data-e-type=\"column\">\n\t\t\t<div class=\"elementor-widget-wrap elementor-element-populated\">\n\t\t\t\t\t\t<div class=\"elementor-element elementor-element-91704d0 elementor-widget elementor-widget-image\" data-id=\"91704d0\" data-element_type=\"widget\" data-e-type=\"widget\" data-widget_type=\"image.default\">\n\t\t\t\t<div class=\"elementor-widget-container\">\n\t\t\t\t\t\t\t\t\t\t\t\t<figure class=\"wp-caption\">\n\t\t\t\t\t\t\t\t\t\t\t<a href=\"https:\/\/badnord.com\/?page_id=13095\">\n\t\t\t\t\t\t\t<img decoding=\"async\" width=\"1011\" height=\"639\" src=\"https:\/\/badnord.com\/wp-content\/uploads\/2024\/05\/Etiquettes-4.png\" class=\"attachment-full size-full wp-image-13255\" alt=\"\" srcset=\"https:\/\/badnord.com\/wp-content\/uploads\/2024\/05\/Etiquettes-4.png 1011w, https:\/\/badnord.com\/wp-content\/uploads\/2024\/05\/Etiquettes-4-150x95.png 150w, https:\/\/badnord.com\/wp-content\/uploads\/2024\/05\/Etiquettes-4-768x485.png 768w\" sizes=\"(max-width: 1011px) 100vw, 1011px\" \/>\t\t\t\t\t\t\t\t<\/a>\n\t\t\t\t\t\t\t\t\t\t\t<figcaption class=\"widget-image-caption wp-caption-text\">Classements <\/figcaption>\n\t\t\t\t\t\t\t\t\t\t<\/figure>\n\t\t\t\t\t\t\t\t\t<\/div>\n\t\t\t\t<\/div>\n\t\t\t\t\t<\/div>\n\t\t<\/div>\n\t\t\t\t<div class=\"elementor-column elementor-col-33 elementor-top-column elementor-element elementor-element-02c4d9b\" data-id=\"02c4d9b\" data-element_type=\"column\" data-e-type=\"column\">\n\t\t\t<div class=\"elementor-widget-wrap elementor-element-populated\">\n\t\t\t\t\t\t<div class=\"elementor-element elementor-element-f20e3b5 elementor-widget elementor-widget-image\" data-id=\"f20e3b5\" data-element_type=\"widget\" data-e-type=\"widget\" data-widget_type=\"image.default\">\n\t\t\t\t<div class=\"elementor-widget-container\">\n\t\t\t\t\t\t\t\t\t\t\t\t<figure class=\"wp-caption\">\n\t\t\t\t\t\t\t\t\t\t\t<a href=\"https:\/\/www.dropbox.com\/scl\/fo\/10b23w78nf9z26snjjtob\/AHvg3wK1EoFKzt7kJTksvuE?rlkey=8gnvg8mtgiqqdhdh1jx5uhoro&#038;dl=0mrht5wj7ct1xyipiw\/AO3oTgdZxxgBgN4tN8mGV8s?rlkey=zan00ue9t24vzjxtt0d7cli3d&#038;dl=0\" target=\"_blank\">\n\t\t\t\t\t\t\t<img decoding=\"async\" width=\"1920\" height=\"1080\" src=\"https:\/\/badnord.com\/wp-content\/uploads\/2024\/05\/Presentation-Reglement-officiel.png\" class=\"attachment-full size-full wp-image-13193\" alt=\"\" srcset=\"https:\/\/badnord.com\/wp-content\/uploads\/2024\/05\/Presentation-Reglement-officiel.png 1920w, https:\/\/badnord.com\/wp-content\/uploads\/2024\/05\/Presentation-Reglement-officiel-150x84.png 150w, https:\/\/badnord.com\/wp-content\/uploads\/2024\/05\/Presentation-Reglement-officiel-768x432.png 768w, https:\/\/badnord.com\/wp-content\/uploads\/2024\/05\/Presentation-Reglement-officiel-1536x864.png 1536w\" sizes=\"(max-width: 1920px) 100vw, 1920px\" \/>\t\t\t\t\t\t\t\t<\/a>\n\t\t\t\t\t\t\t\t\t\t\t<figcaption class=\"widget-image-caption wp-caption-text\">R\u00e9glements<\/figcaption>\n\t\t\t\t\t\t\t\t\t\t<\/figure>\n\t\t\t\t\t\t\t\t\t<\/div>\n\t\t\t\t<\/div>\n\t\t\t\t\t<\/div>\n\t\t<\/div>\n\t\t\t\t\t<\/div>\n\t\t<\/section>\n\t\t\t\t<section class=\"elementor-section elementor-top-section elementor-element elementor-element-7efc6a3 elementor-section-boxed elementor-section-height-default elementor-section-height-default\" data-id=\"7efc6a3\" data-element_type=\"section\" data-e-type=\"section\">\n\t\t\t\t\t\t<div class=\"elementor-container elementor-column-gap-default\">\n\t\t\t\t\t<div class=\"elementor-column elementor-col-33 elementor-top-column elementor-element elementor-element-82d3fc1\" data-id=\"82d3fc1\" data-element_type=\"column\" data-e-type=\"column\">\n\t\t\t<div class=\"elementor-widget-wrap\">\n\t\t\t\t\t\t\t<\/div>\n\t\t<\/div>\n\t\t\t\t<div class=\"elementor-column elementor-col-33 elementor-top-column elementor-element elementor-element-968f976\" data-id=\"968f976\" data-element_type=\"column\" data-e-type=\"column\">\n\t\t\t<div class=\"elementor-widget-wrap elementor-element-populated\">\n\t\t\t\t\t\t<div class=\"elementor-element elementor-element-80f24d4 elementor-widget elementor-widget-image\" data-id=\"80f24d4\" data-element_type=\"widget\" data-e-type=\"widget\" data-widget_type=\"image.default\">\n\t\t\t\t<div class=\"elementor-widget-container\">\n\t\t\t\t\t\t\t\t\t\t\t\t<figure class=\"wp-caption\">\n\t\t\t\t\t\t\t\t\t\t\t<a href=\"https:\/\/badnord.com\/?page_id=19370\" target=\"_blank\">\n\t\t\t\t\t\t\t<img loading=\"lazy\" decoding=\"async\" width=\"1920\" height=\"1080\" src=\"https:\/\/badnord.com\/wp-content\/uploads\/2024\/07\/Palmares.png\" class=\"attachment-full size-full wp-image-14250\" alt=\"\" srcset=\"https:\/\/badnord.com\/wp-content\/uploads\/2024\/07\/Palmares.png 1920w, https:\/\/badnord.com\/wp-content\/uploads\/2024\/07\/Palmares-150x84.png 150w, https:\/\/badnord.com\/wp-content\/uploads\/2024\/07\/Palmares-768x432.png 768w, https:\/\/badnord.com\/wp-content\/uploads\/2024\/07\/Palmares-1536x864.png 1536w\" sizes=\"(max-width: 1920px) 100vw, 1920px\" \/>\t\t\t\t\t\t\t\t<\/a>\n\t\t\t\t\t\t\t\t\t\t\t<figcaption class=\"widget-image-caption wp-caption-text\">Palmar\u00e8s G\u00e9n\u00e9ral<\/figcaption>\n\t\t\t\t\t\t\t\t\t\t<\/figure>\n\t\t\t\t\t\t\t\t\t<\/div>\n\t\t\t\t<\/div>\n\t\t\t\t\t<\/div>\n\t\t<\/div>\n\t\t\t\t<div class=\"elementor-column elementor-col-33 elementor-top-column elementor-element elementor-element-9874043\" data-id=\"9874043\" data-element_type=\"column\" data-e-type=\"column\">\n\t\t\t<div class=\"elementor-widget-wrap\">\n\t\t\t\t\t\t\t<\/div>\n\t\t<\/div>\n\t\t\t\t\t<\/div>\n\t\t<\/section>\n\t\t\t\t<\/div>\n\t\t","protected":false},"excerpt":{"rendered":"<p>Cette page est d\u00e9di\u00e9e aux Adultes Des comp\u00e9titions pour tous les niveaux !! Retrouvez toute l\u2019actualit\u00e9 de la pratique adultes, les comp\u00e9titions, les r\u00e9sultats, les r\u00e9glements,\u2026 Des comp\u00e9titions toute l\u2019ann\u00e9e !!! Consultez le calendrier des comp\u00e9titions de votre d\u00e9partement pour connaitre les comp\u00e9titions auxquelles vous pouvez participer et si vous ne savez pas \u00e0 quel [&hellip;]<\/p>\n","protected":false},"author":2,"featured_media":0,"parent":0,"menu_order":0,"comment_status":"closed","ping_status":"closed","template":"","meta":{"site-sidebar-layout":"no-sidebar","site-content-layout":"page-builder","ast-site-content-layout":"full-width-container","site-content-style":"default","site-sidebar-style":"default","ast-global-header-display":"","ast-banner-title-visibility":"","ast-main-header-display":"","ast-hfb-above-header-display":"","ast-hfb-below-header-display":"","ast-hfb-mobile-header-display":"","site-post-title":"disabled","ast-breadcrumbs-content":"","ast-featured-img":"disabled","footer-sml-layout":"","ast-disable-related-posts":"","theme-transparent-header-meta":"","adv-header-id-meta":"","stick-header-meta":"","header-above-stick-meta":"","header-main-stick-meta":"","header-below-stick-meta":"","astra-migrate-meta-layouts":"set","ast-page-background-enabled":"default","ast-page-background-meta":{"desktop":{"background-color":"var(--ast-global-color-4)","background-image":"","background-repeat":"repeat","background-position":"center center","background-size":"auto","background-attachment":"scroll","background-type":"","background-media":"","overlay-type":"","overlay-color":"","overlay-opacity":"","overlay-gradient":""},"tablet":{"background-color":"","background-image":"","background-repeat":"repeat","background-position":"center center","background-size":"auto","background-attachment":"scroll","background-type":"","background-media":"","overlay-type":"","overlay-color":"","overlay-opacity":"","overlay-gradient":""},"mobile":{"background-color":"","background-image":"","background-repeat":"repeat","background-position":"center center","background-size":"auto","background-attachment":"scroll","background-type":"","background-media":"","overlay-type":"","overlay-color":"","overlay-opacity":"","overlay-gradient":""}},"ast-content-background-meta":{"desktop":{"background-color":"var(--ast-global-color-5)","background-image":"","background-repeat":"repeat","background-position":"center center","background-size":"auto","background-attachment":"scroll","background-type":"","background-media":"","overlay-type":"","overlay-color":"","overlay-opacity":"","overlay-gradient":""},"tablet":{"background-color":"var(--ast-global-color-5)","background-image":"","background-repeat":"repeat","background-position":"center center","background-size":"auto","background-attachment":"scroll","background-type":"","background-media":"","overlay-type":"","overlay-color":"","overlay-opacity":"","overlay-gradient":""},"mobile":{"background-color":"var(--ast-global-color-5)","background-image":"","background-repeat":"repeat","background-position":"center center","background-size":"auto","background-attachment":"scroll","background-type":"","background-media":"","overlay-type":"","overlay-color":"","overlay-opacity":"","overlay-gradient":""}},"footnotes":""},"class_list":["post-13219","page","type-page","status-publish","hentry"],"_links":{"self":[{"href":"https:\/\/badnord.com\/index.php?rest_route=\/wp\/v2\/pages\/13219","targetHints":{"allow":["GET"]}}],"collection":[{"href":"https:\/\/badnord.com\/index.php?rest_route=\/wp\/v2\/pages"}],"about":[{"href":"https:\/\/badnord.com\/index.php?rest_route=\/wp\/v2\/types\/page"}],"author":[{"embeddable":true,"href":"https:\/\/badnord.com\/index.php?rest_route=\/wp\/v2\/users\/2"}],"replies":[{"embeddable":true,"href":"https:\/\/badnord.com\/index.php?rest_route=%2Fwp%2Fv2%2Fcomments&post=13219"}],"version-history":[{"count":86,"href":"https:\/\/badnord.com\/index.php?rest_route=\/wp\/v2\/pages\/13219\/revisions"}],"predecessor-version":[{"id":19490,"href":"https:\/\/badnord.com\/index.php?rest_route=\/wp\/v2\/pages\/13219\/revisions\/19490"}],"wp:attachment":[{"href":"https:\/\/badnord.com\/index.php?rest_route=%2Fwp%2Fv2%2Fmedia&parent=13219"}],"curies":[{"name":"wp","href":"https:\/\/api.w.org\/{rel}","templated":true}]}}