{"id":13175,"date":"2024-05-13T19:31:08","date_gmt":"2024-05-13T17:31:08","guid":{"rendered":"https:\/\/badnord.com\/?page_id=13175"},"modified":"2026-01-14T15:38:59","modified_gmt":"2026-01-14T13:38:59","slug":"je","status":"publish","type":"page","link":"https:\/\/badnord.com\/?page_id=13175","title":{"rendered":"JEUNES"},"content":{"rendered":"\t\t<div data-elementor-type=\"wp-page\" data-elementor-id=\"13175\" class=\"elementor elementor-13175\" data-elementor-post-type=\"page\">\n\t\t\t\t\t\t<section class=\"elementor-section elementor-top-section elementor-element elementor-element-b16d998 elementor-section-boxed elementor-section-height-default elementor-section-height-default\" data-id=\"b16d998\" data-element_type=\"section\" data-e-type=\"section\">\n\t\t\t\t\t\t<div class=\"elementor-container elementor-column-gap-default\">\n\t\t\t\t\t<div class=\"elementor-column elementor-col-100 elementor-top-column elementor-element elementor-element-2fd1696\" data-id=\"2fd1696\" data-element_type=\"column\" data-e-type=\"column\">\n\t\t\t<div class=\"elementor-widget-wrap elementor-element-populated\">\n\t\t\t\t\t\t<div class=\"elementor-element elementor-element-732189d elementor-headline--style-highlight elementor-widget elementor-widget-animated-headline\" data-id=\"732189d\" data-element_type=\"widget\" data-e-type=\"widget\" data-settings=\"{&quot;marker&quot;:&quot;double_underline&quot;,&quot;highlighted_text&quot;:&quot;jeunes&quot;,&quot;headline_style&quot;:&quot;highlight&quot;,&quot;loop&quot;:&quot;yes&quot;,&quot;highlight_animation_duration&quot;:1200,&quot;highlight_iteration_delay&quot;:8000}\" data-widget_type=\"animated-headline.default\">\n\t\t\t\t<div class=\"elementor-widget-container\">\n\t\t\t\t\t\t\t<h3 class=\"elementor-headline\">\n\t\t\t\t\t<span class=\"elementor-headline-plain-text elementor-headline-text-wrapper\">Cette page est didi\u00e9e aux<\/span>\n\t\t\t\t<span class=\"elementor-headline-dynamic-wrapper elementor-headline-text-wrapper\">\n\t\t\t\t\t<span class=\"elementor-headline-dynamic-text elementor-headline-text-active\">jeunes<\/span>\n\t\t\t\t<\/span>\n\t\t\t\t<\/h3>\n\t\t\t\t\t\t<\/div>\n\t\t\t\t<\/div>\n\t\t\t\t\t<\/div>\n\t\t<\/div>\n\t\t\t\t\t<\/div>\n\t\t<\/section>\n\t\t\t\t<section class=\"elementor-section elementor-top-section elementor-element elementor-element-b4e53af elementor-section-boxed elementor-section-height-default elementor-section-height-default\" data-id=\"b4e53af\" data-element_type=\"section\" data-e-type=\"section\">\n\t\t\t\t\t\t<div class=\"elementor-container elementor-column-gap-default\">\n\t\t\t\t\t<div class=\"elementor-column elementor-col-100 elementor-top-column elementor-element elementor-element-f02a741\" data-id=\"f02a741\" data-element_type=\"column\" data-e-type=\"column\">\n\t\t\t<div class=\"elementor-widget-wrap elementor-element-populated\">\n\t\t\t\t\t\t<div class=\"elementor-element elementor-element-f286fb0 elementor-widget elementor-widget-text-editor\" data-id=\"f286fb0\" data-element_type=\"widget\" data-e-type=\"widget\" data-widget_type=\"text-editor.default\">\n\t\t\t\t<div class=\"elementor-widget-container\">\n\t\t\t\t\t\t\t\t\t<p><span style=\"text-decoration: underline;\"><span style=\"color: #800080; text-decoration: underline;\"><strong>Des comp\u00e9titions pour tous les niveaux et tous les \u00e2ges !<\/strong>!<\/span><\/span><br \/><span style=\"color: #000080;\"><span dir=\"auto\"><br \/>Retrouvez toute l&rsquo;actualit\u00e9 de la pratique jeunes, les comp\u00e9titions, les r\u00e9sultats, les r\u00e9glements,&#8230;<br \/><\/span><br \/><strong><span style=\"text-decoration: underline;\"><span style=\"color: #800080; text-decoration: underline;\">Des comp\u00e9titions toute l\u2019ann\u00e9e !<\/span><span style=\"color: #800080; text-decoration: underline;\">!!<\/span> <\/span><\/strong><\/span><br \/><span style=\"color: #000080;\"><br \/>Consultez le calendrier des comp\u00e9titions de votre d\u00e9partement pour connaitre les comp\u00e9titions auxquelles vous pouvez participer et si vous ne savez pas \u00e0 quel niveau jouer, voici le\u00a0 <span style=\"color: #ff0000;\">\u00ab\u00a0Quel tournoi ? Pour qui ? \u00ab\u00a0<\/span> qui vous orientera dans vos choix de tournois.<\/span><\/p><p><strong><span style=\"color: #800080;\">Des comp\u00e9titions pour tous les \u00e2ges !!!<\/span><\/strong><\/p><p><span style=\"color: #000080;\">L\u2019\u00e2ge est pris en compte au 1er janvier (\u00e0 z\u00e9ro heure) de la saison en cours.<br \/><\/span><span style=\"color: #000080;\"><u>Par exemple<\/u> : le 01\/01\/2025 pour la saison 2024\/2025.<\/span><\/p><div><div><div><ul><li><span style=\"color: #000080;\"><strong>MiniBad<\/strong> :\u00a0\u00a0\u00a0\u00a0\u00a0\u00a0\u00a0 \u00e0 partir de 4 ans jusqu\u2019\u00e0 8 ans<\/span><\/li><li><span style=\"color: #000080;\"><strong>Poussins<\/strong> : \u00a0 \u00a0\u00a0 9 \u00e0 10 ans<\/span><\/li><li><span style=\"color: #000080;\"><strong>Benjamins<\/strong> :\u00a0 11 \u00e0 12 ans<\/span><\/li><li><span style=\"color: #000080;\"><strong>Minimes<\/strong> :\u00a0\u00a0\u00a0\u00a0\u00a0\u00a0\u00a0 13 \u00e0 14 ans<\/span><\/li><li><span style=\"color: #000080;\"><strong>Cadets<\/strong> :\u00a0\u00a0\u00a0\u00a0\u00a0\u00a0\u00a0\u00a0\u00a0\u00a0 15 \u00e0 16 ans<\/span><\/li><li><span style=\"color: #000080;\"><strong>Juniors<\/strong> :\u00a0\u00a0\u00a0\u00a0\u00a0\u00a0\u00a0\u00a0\u00a0 17 \u00e0 18 ans<\/span><\/li><\/ul><\/div><\/div><\/div><p><span style=\"color: #000080;\">Rendez-vous sur le calendrier ci-dessous pour d\u00e9couvrir les comp\u00e9titions pr\u00e8s de chez vous et vous y inscrire.<\/span><\/p>\t\t\t\t\t\t\t\t<\/div>\n\t\t\t\t<\/div>\n\t\t\t\t\t<\/div>\n\t\t<\/div>\n\t\t\t\t\t<\/div>\n\t\t<\/section>\n\t\t\t\t<section class=\"elementor-section elementor-top-section elementor-element elementor-element-8de28a9 elementor-section-boxed elementor-section-height-default elementor-section-height-default\" data-id=\"8de28a9\" data-element_type=\"section\" data-e-type=\"section\">\n\t\t\t\t\t\t<div class=\"elementor-container elementor-column-gap-default\">\n\t\t\t\t\t<div class=\"elementor-column elementor-col-33 elementor-top-column elementor-element elementor-element-d6b23b0\" data-id=\"d6b23b0\" data-element_type=\"column\" data-e-type=\"column\">\n\t\t\t<div class=\"elementor-widget-wrap elementor-element-populated\">\n\t\t\t\t\t\t<div class=\"elementor-element elementor-element-de73a59 elementor-widget elementor-widget-image\" data-id=\"de73a59\" data-element_type=\"widget\" data-e-type=\"widget\" data-widget_type=\"image.default\">\n\t\t\t\t<div class=\"elementor-widget-container\">\n\t\t\t\t\t\t\t\t\t\t\t\t<figure class=\"wp-caption\">\n\t\t\t\t\t\t\t\t\t\t\t<a href=\"https:\/\/badnord-my.sharepoint.com\/:f:\/p\/coordination\/EvHcuEpCmsBLtFGMw0WLL-gBsisdXAtTXeMfOcOTNHuoxA?e=ORG6cy\" target=\"_blank\">\n\t\t\t\t\t\t\t<img fetchpriority=\"high\" decoding=\"async\" width=\"1911\" height=\"1080\" src=\"https:\/\/badnord.com\/wp-content\/uploads\/2025\/07\/Calendrier-2526-1-edited.jpg\" class=\"attachment-full size-full wp-image-17869\" alt=\"\" srcset=\"https:\/\/badnord.com\/wp-content\/uploads\/2025\/07\/Calendrier-2526-1-edited.jpg 1911w, https:\/\/badnord.com\/wp-content\/uploads\/2025\/07\/Calendrier-2526-1-edited-150x85.jpg 150w, https:\/\/badnord.com\/wp-content\/uploads\/2025\/07\/Calendrier-2526-1-edited-768x434.jpg 768w, https:\/\/badnord.com\/wp-content\/uploads\/2025\/07\/Calendrier-2526-1-edited-1536x868.jpg 1536w\" sizes=\"(max-width: 1911px) 100vw, 1911px\" \/>\t\t\t\t\t\t\t\t<\/a>\n\t\t\t\t\t\t\t\t\t\t\t<figcaption class=\"widget-image-caption wp-caption-text\">Calendrier et Inscriptions <\/figcaption>\n\t\t\t\t\t\t\t\t\t\t<\/figure>\n\t\t\t\t\t\t\t\t\t<\/div>\n\t\t\t\t<\/div>\n\t\t\t\t\t<\/div>\n\t\t<\/div>\n\t\t\t\t<div class=\"elementor-column elementor-col-33 elementor-top-column elementor-element elementor-element-42db46f\" data-id=\"42db46f\" data-element_type=\"column\" data-e-type=\"column\">\n\t\t\t<div class=\"elementor-widget-wrap elementor-element-populated\">\n\t\t\t\t\t\t<div class=\"elementor-element elementor-element-db5ef74 elementor-widget elementor-widget-image\" data-id=\"db5ef74\" data-element_type=\"widget\" data-e-type=\"widget\" data-widget_type=\"image.default\">\n\t\t\t\t<div class=\"elementor-widget-container\">\n\t\t\t\t\t\t\t\t\t\t\t\t<figure class=\"wp-caption\">\n\t\t\t\t\t\t\t\t\t\t\t<a href=\"https:\/\/badnord.com\/?page_id=13264\">\n\t\t\t\t\t\t\t<img decoding=\"async\" width=\"1011\" height=\"639\" src=\"https:\/\/badnord.com\/wp-content\/uploads\/2024\/05\/Etiquettes-3-1.png\" class=\"attachment-full size-full wp-image-13259\" alt=\"\" srcset=\"https:\/\/badnord.com\/wp-content\/uploads\/2024\/05\/Etiquettes-3-1.png 1011w, https:\/\/badnord.com\/wp-content\/uploads\/2024\/05\/Etiquettes-3-1-150x95.png 150w, https:\/\/badnord.com\/wp-content\/uploads\/2024\/05\/Etiquettes-3-1-768x485.png 768w\" sizes=\"(max-width: 1011px) 100vw, 1011px\" \/>\t\t\t\t\t\t\t\t<\/a>\n\t\t\t\t\t\t\t\t\t\t\t<figcaption class=\"widget-image-caption wp-caption-text\">Classements<\/figcaption>\n\t\t\t\t\t\t\t\t\t\t<\/figure>\n\t\t\t\t\t\t\t\t\t<\/div>\n\t\t\t\t<\/div>\n\t\t\t\t\t<\/div>\n\t\t<\/div>\n\t\t\t\t<div class=\"elementor-column elementor-col-33 elementor-top-column elementor-element elementor-element-4b6edbc\" data-id=\"4b6edbc\" data-element_type=\"column\" data-e-type=\"column\">\n\t\t\t<div class=\"elementor-widget-wrap elementor-element-populated\">\n\t\t\t\t\t\t<div class=\"elementor-element elementor-element-e9fecc6 elementor-widget elementor-widget-image\" data-id=\"e9fecc6\" data-element_type=\"widget\" data-e-type=\"widget\" data-widget_type=\"image.default\">\n\t\t\t\t<div class=\"elementor-widget-container\">\n\t\t\t\t\t\t\t\t\t\t\t\t<figure class=\"wp-caption\">\n\t\t\t\t\t\t\t\t\t\t\t<a href=\"https:\/\/www.dropbox.com\/scl\/fo\/ns21uhq6p037pbsis6gp3\/AG77rF7To8NSKpUI8QK6kpU?rlkey=sq2gpwbeu3aatpuy9u38x2jv9&#038;dl=0\" target=\"_blank\">\n\t\t\t\t\t\t\t<img decoding=\"async\" width=\"1920\" height=\"1080\" src=\"https:\/\/badnord.com\/wp-content\/uploads\/2024\/05\/Presentation-Reglement-officiel.png\" class=\"attachment-full size-full wp-image-13193\" alt=\"\" srcset=\"https:\/\/badnord.com\/wp-content\/uploads\/2024\/05\/Presentation-Reglement-officiel.png 1920w, https:\/\/badnord.com\/wp-content\/uploads\/2024\/05\/Presentation-Reglement-officiel-150x84.png 150w, https:\/\/badnord.com\/wp-content\/uploads\/2024\/05\/Presentation-Reglement-officiel-768x432.png 768w, https:\/\/badnord.com\/wp-content\/uploads\/2024\/05\/Presentation-Reglement-officiel-1536x864.png 1536w\" sizes=\"(max-width: 1920px) 100vw, 1920px\" \/>\t\t\t\t\t\t\t\t<\/a>\n\t\t\t\t\t\t\t\t\t\t\t<figcaption class=\"widget-image-caption wp-caption-text\">R\u00e9glements <\/figcaption>\n\t\t\t\t\t\t\t\t\t\t<\/figure>\n\t\t\t\t\t\t\t\t\t<\/div>\n\t\t\t\t<\/div>\n\t\t\t\t\t<\/div>\n\t\t<\/div>\n\t\t\t\t\t<\/div>\n\t\t<\/section>\n\t\t\t\t<section class=\"elementor-section elementor-top-section elementor-element elementor-element-57f6170 elementor-section-boxed elementor-section-height-default elementor-section-height-default\" data-id=\"57f6170\" data-element_type=\"section\" data-e-type=\"section\">\n\t\t\t\t\t\t<div class=\"elementor-container elementor-column-gap-default\">\n\t\t\t\t\t<div class=\"elementor-column elementor-col-33 elementor-top-column elementor-element elementor-element-72e4df9\" data-id=\"72e4df9\" data-element_type=\"column\" data-e-type=\"column\">\n\t\t\t<div class=\"elementor-widget-wrap\">\n\t\t\t\t\t\t\t<\/div>\n\t\t<\/div>\n\t\t\t\t<div class=\"elementor-column elementor-col-33 elementor-top-column elementor-element elementor-element-f2d916f\" data-id=\"f2d916f\" data-element_type=\"column\" data-e-type=\"column\">\n\t\t\t<div class=\"elementor-widget-wrap elementor-element-populated\">\n\t\t\t\t\t\t<div class=\"elementor-element elementor-element-8ebbdb7 elementor-widget elementor-widget-image\" data-id=\"8ebbdb7\" data-element_type=\"widget\" data-e-type=\"widget\" data-widget_type=\"image.default\">\n\t\t\t\t<div class=\"elementor-widget-container\">\n\t\t\t\t\t\t\t\t\t\t\t\t<figure class=\"wp-caption\">\n\t\t\t\t\t\t\t\t\t\t\t<a href=\"https:\/\/badnord.com\/?page_id=14258\">\n\t\t\t\t\t\t\t<img loading=\"lazy\" decoding=\"async\" width=\"1920\" height=\"1080\" src=\"https:\/\/badnord.com\/wp-content\/uploads\/2024\/07\/Palmares.png\" class=\"attachment-full size-full wp-image-14250\" alt=\"\" srcset=\"https:\/\/badnord.com\/wp-content\/uploads\/2024\/07\/Palmares.png 1920w, https:\/\/badnord.com\/wp-content\/uploads\/2024\/07\/Palmares-150x84.png 150w, https:\/\/badnord.com\/wp-content\/uploads\/2024\/07\/Palmares-768x432.png 768w, https:\/\/badnord.com\/wp-content\/uploads\/2024\/07\/Palmares-1536x864.png 1536w\" sizes=\"(max-width: 1920px) 100vw, 1920px\" \/>\t\t\t\t\t\t\t\t<\/a>\n\t\t\t\t\t\t\t\t\t\t\t<figcaption class=\"widget-image-caption wp-caption-text\">Palmar\u00e8s g\u00e9n\u00e9ral<\/figcaption>\n\t\t\t\t\t\t\t\t\t\t<\/figure>\n\t\t\t\t\t\t\t\t\t<\/div>\n\t\t\t\t<\/div>\n\t\t\t\t\t<\/div>\n\t\t<\/div>\n\t\t\t\t<div class=\"elementor-column elementor-col-33 elementor-top-column elementor-element elementor-element-d588a02\" data-id=\"d588a02\" data-element_type=\"column\" data-e-type=\"column\">\n\t\t\t<div class=\"elementor-widget-wrap\">\n\t\t\t\t\t\t\t<\/div>\n\t\t<\/div>\n\t\t\t\t\t<\/div>\n\t\t<\/section>\n\t\t\t\t<\/div>\n\t\t","protected":false},"excerpt":{"rendered":"<p>Cette page est didi\u00e9e aux jeunes Des comp\u00e9titions pour tous les niveaux et tous les \u00e2ges !! Retrouvez toute l&rsquo;actualit\u00e9 de la pratique jeunes, les comp\u00e9titions, les r\u00e9sultats, les r\u00e9glements,&#8230; Des comp\u00e9titions toute l\u2019ann\u00e9e !!! Consultez le calendrier des comp\u00e9titions de votre d\u00e9partement pour connaitre les comp\u00e9titions auxquelles vous pouvez participer et si vous ne [&hellip;]<\/p>\n","protected":false},"author":2,"featured_media":0,"parent":0,"menu_order":0,"comment_status":"closed","ping_status":"closed","template":"","meta":{"site-sidebar-layout":"no-sidebar","site-content-layout":"page-builder","ast-site-content-layout":"full-width-container","site-content-style":"unboxed","site-sidebar-style":"unboxed","ast-global-header-display":"","ast-banner-title-visibility":"","ast-main-header-display":"","ast-hfb-above-header-display":"","ast-hfb-below-header-display":"","ast-hfb-mobile-header-display":"","site-post-title":"disabled","ast-breadcrumbs-content":"","ast-featured-img":"disabled","footer-sml-layout":"","ast-disable-related-posts":"","theme-transparent-header-meta":"","adv-header-id-meta":"","stick-header-meta":"","header-above-stick-meta":"","header-main-stick-meta":"","header-below-stick-meta":"","astra-migrate-meta-layouts":"set","ast-page-background-enabled":"default","ast-page-background-meta":{"desktop":{"background-color":"var(--ast-global-color-4)","background-image":"","background-repeat":"repeat","background-position":"center center","background-size":"auto","background-attachment":"scroll","background-type":"","background-media":"","overlay-type":"","overlay-color":"","overlay-opacity":"","overlay-gradient":""},"tablet":{"background-color":"","background-image":"","background-repeat":"repeat","background-position":"center center","background-size":"auto","background-attachment":"scroll","background-type":"","background-media":"","overlay-type":"","overlay-color":"","overlay-opacity":"","overlay-gradient":""},"mobile":{"background-color":"","background-image":"","background-repeat":"repeat","background-position":"center center","background-size":"auto","background-attachment":"scroll","background-type":"","background-media":"","overlay-type":"","overlay-color":"","overlay-opacity":"","overlay-gradient":""}},"ast-content-background-meta":{"desktop":{"background-color":"var(--ast-global-color-5)","background-image":"","background-repeat":"repeat","background-position":"center center","background-size":"auto","background-attachment":"scroll","background-type":"","background-media":"","overlay-type":"","overlay-color":"","overlay-opacity":"","overlay-gradient":""},"tablet":{"background-color":"var(--ast-global-color-5)","background-image":"","background-repeat":"repeat","background-position":"center center","background-size":"auto","background-attachment":"scroll","background-type":"","background-media":"","overlay-type":"","overlay-color":"","overlay-opacity":"","overlay-gradient":""},"mobile":{"background-color":"var(--ast-global-color-5)","background-image":"","background-repeat":"repeat","background-position":"center center","background-size":"auto","background-attachment":"scroll","background-type":"","background-media":"","overlay-type":"","overlay-color":"","overlay-opacity":"","overlay-gradient":""}},"footnotes":""},"class_list":["post-13175","page","type-page","status-publish","hentry"],"_links":{"self":[{"href":"https:\/\/badnord.com\/index.php?rest_route=\/wp\/v2\/pages\/13175","targetHints":{"allow":["GET"]}}],"collection":[{"href":"https:\/\/badnord.com\/index.php?rest_route=\/wp\/v2\/pages"}],"about":[{"href":"https:\/\/badnord.com\/index.php?rest_route=\/wp\/v2\/types\/page"}],"author":[{"embeddable":true,"href":"https:\/\/badnord.com\/index.php?rest_route=\/wp\/v2\/users\/2"}],"replies":[{"embeddable":true,"href":"https:\/\/badnord.com\/index.php?rest_route=%2Fwp%2Fv2%2Fcomments&post=13175"}],"version-history":[{"count":175,"href":"https:\/\/badnord.com\/index.php?rest_route=\/wp\/v2\/pages\/13175\/revisions"}],"predecessor-version":[{"id":19321,"href":"https:\/\/badnord.com\/index.php?rest_route=\/wp\/v2\/pages\/13175\/revisions\/19321"}],"wp:attachment":[{"href":"https:\/\/badnord.com\/index.php?rest_route=%2Fwp%2Fv2%2Fmedia&parent=13175"}],"curies":[{"name":"wp","href":"https:\/\/api.w.org\/{rel}","templated":true}]}}